{"id":8709,"date":"2023-02-01T15:09:31","date_gmt":"2023-02-01T14:09:31","guid":{"rendered":"https:\/\/interzero.pl\/about-company\/disclaimer\/"},"modified":"2024-12-10T15:56:39","modified_gmt":"2024-12-10T14:56:39","slug":"disclaimer","status":"publish","type":"page","link":"https:\/\/interzero.pl\/en\/about-company\/disclaimer\/","title":{"rendered":"Disclaimer"},"content":{"rendered":"<div class=\"wpb-content-wrapper\"><div data-parent=\"true\" class=\"vc_row row-container\" id=\"row-unique-0\"><div class=\"row limit-width row-parent\"><div class=\"wpb_row row-inner\"><div class=\"wpb_column pos-top pos-center align_center column_parent col-lg-12 single-internal-gutter\"><div class=\"uncol style-light\"  ><div class=\"uncoltable\"><div class=\"uncell no-block-padding\" ><div class=\"uncont\" ><div class=\"vc_custom_heading_wrap\"><div class=\"heading-text el-text\" ><h1 class=\"h1\" ><span><\/p><\/span><span><h1 style=\"text-align: center\"><b>Interzero Group in Poland<\/b><\/h1><\/span><span><p><\/span><\/h1><\/div><div class=\"clear\"><\/div><\/div><\/div><\/div><\/div><\/div><\/div><script id=\"script-row-unique-0\" data-row=\"script-row-unique-0\" type=\"text\/javascript\" class=\"vc_controls\">UNCODE.initRow(document.getElementById(\"row-unique-0\"));<\/script><\/div><\/div><\/div><div data-parent=\"true\" class=\"vc_row row-container\" id=\"row-unique-1\"><div class=\"row single-top-padding double-bottom-padding single-h-padding limit-width row-parent\"><div class=\"wpb_row row-inner\"><div class=\"wpb_column pos-top pos-center align_left column_parent col-lg-12 single-internal-gutter\"><div class=\"uncol style-light\"  ><div class=\"uncoltable\"><div class=\"uncell no-block-padding\" ><div class=\"uncont\" ><div class=\"uncode_text_column\" ><\/p>\n<p style=\"text-align: left\"><strong>Interzero Packaging Recovery Organization SA<\/strong><br \/> st. Wiertnicza 165, 02-952 Warsaw<br \/> Tel: +48 22 742 10 22<br \/> E-mail: biuro@interzero.pl<br \/> Board: <strong>Anna Grom<\/strong> <em>&#8211;<\/em><em> <\/em>  President of the Management Board; <strong>Monika Grom<\/strong> - Vice President of the Management Board; <strong>Pawel Lesiak<\/strong> - Vice President of the Management Board; <strong>Agata Ry\u015b<\/strong> - Member of the Management Board<br \/> NIP: 5213409980<br \/> KRS: 0000266658<br \/> REGON: 140718909<br \/> BDO: 000000172<br \/> Registration authority: District Court for the city of st. Warsaw in Warsaw, 13th Commercial Division of the National Court Register<br \/> Share capital: PLN 2,500,000<br \/> <strong>INVESTOR RELATIONS<\/strong> &#8211; <a href=\"https:\/\/interzero.pl\/en\/about-company\/investor-relations\/izooo-investor-relations\/\">HERE.<\/a><\/p>\n<\/div><div class=\"icon-box icon-box-left icon-box-space-reduced  icon-box-space-reduced iz-footer-icon-link icon-media-image\" ><div class=\"icon-box-icon fa-container\" style=\"width:16px;\"><a role=\"button\" href=\"http:\/\/interzero.pl\/wp-content\/uploads\/sites\/12\/2023\/01\/Informacja_o_opakowaniach_i_odpadach_opakowaniowych_Interzero_Organizacja_Odzysku_Opakowan_S.A..pdf\" class=\"text-color-263416-color custom-link\"><img decoding=\"async\" class=\"\" src=\"https:\/\/interzero.pl\/wp-content\/uploads\/sites\/12\/2023\/02\/icon_pdf_big.png\" width=\"43\" height=\"50\" alt=\"pdf ikona\"  \/><\/a><\/div><div class=\"icon-box-content\"><div class=\"icon-box-heading icon-box-fa-1x\"><p class=\"fontheight-321440\"><a role=\"button\" href=\"http:\/\/interzero.pl\/wp-content\/uploads\/sites\/12\/2023\/01\/Informacja_o_opakowaniach_i_odpadach_opakowaniowych_Interzero_Organizacja_Odzysku_Opakowan_S.A..pdf\">Information on the achievement of goals in the field of waste management of Interzero Organizacja Odzysku Opakowa\u0144 SA.<\/a><\/p><\/div><\/div><\/div><div class=\"icon-box icon-box-left icon-box-space-reduced  icon-box-space-reduced iz-footer-icon-link icon-media-image\" ><div class=\"icon-box-icon fa-container\" style=\"width:16px;\"><a role=\"button\" href=\"http:\/\/interzero.pl\/wp-content\/uploads\/sites\/12\/2023\/01\/INFORMACJA_O_OPAKOWANIACH_I_ODPADACH_OPAKOWANIOWYCH.pdf\" class=\"text-color-263416-color custom-link\"><img decoding=\"async\" class=\"\" src=\"https:\/\/interzero.pl\/wp-content\/uploads\/sites\/12\/2023\/02\/icon_pdf_big.png\" width=\"43\" height=\"50\" alt=\"pdf ikona\"  \/><\/a><\/div><div class=\"icon-box-content\"><div class=\"icon-box-heading icon-box-fa-1x\"><p class=\"fontheight-321440\"><a role=\"button\" href=\"http:\/\/interzero.pl\/wp-content\/uploads\/sites\/12\/2023\/01\/INFORMACJA_O_OPAKOWANIACH_I_ODPADACH_OPAKOWANIOWYCH.pdf\">Information on packaging and packaging waste Interzero Organizacja Odzysku Opakowa\u0144 SA<\/a><\/p><\/div><\/div><\/div><div class=\"uncode_text_column\" ><\/p>\n<p style=\"text-align: left\"><strong>Interzero Advisory Ltd.<\/strong><br \/> st. Wiertnicza 165, 02-952 Warsaw<br \/> Tel: +48 22 742 10 22<br \/> E-mail: biuro@interzero.pl<br \/> Management Board: <strong>Monika Grom<\/strong> - Member of the Management Board; <strong>Pawel Lesiak<\/strong> - Member of the Management Board<br \/> NIP: 1132335293<br \/> KRS: 0000676980<br \/> REGON: 017443900<br \/> BDO: 000518378<br \/> Registration authority: District Court for the city of st. Warsaw in Warsaw, 13th Commercial Division of the National Court Register<br \/> Share capital: PLN 100,000<\/p>\n<p style=\"text-align: left\"><strong>Interzero Polska Sp. z o. o <\/strong><br \/>  st. Wiertnicza 165, 02-952 Warsaw<br \/> Tel: +48 22 742 10 22<br \/> E-mail: biuro@interzero.pl<br \/> Management Board: <strong>Monika Grom<\/strong> - Member of the Management Board; <strong>Pawel Lesiak<\/strong> - Member of the Management Board<br \/> NIP: 9512367010<br \/> KRS: 0000459881<br \/> REGON: 146653200<br \/> BDO: 000009153<br \/> Registration authority: District Court for the city of st. Warsaw in Warsaw, 13th Commercial Division of the National Court Register<br \/> Share capital: PLN 105,000<\/p>\n<\/div><div class=\"icon-box icon-box-left icon-box-space-reduced  icon-box-space-reduced iz-footer-icon-link icon-media-image\" ><div class=\"icon-box-icon fa-container\" style=\"width:16px;\"><a role=\"button\" href=\"https:\/\/interzero.pl\/wp-content\/uploads\/sites\/12\/2024\/04\/INFORMACJA_O_ZUZYTYM_SPRZECIE_ELEKTRYCZNYM_I_ELEKTRONICZNYM_IZPL_2024.pdf\" class=\"text-color-263416-color custom-link\"><img decoding=\"async\" class=\"\" src=\"https:\/\/interzero.pl\/wp-content\/uploads\/sites\/12\/2023\/02\/icon_pdf_big.png\" width=\"43\" height=\"50\" alt=\"pdf ikona\"  \/><\/a><\/div><div class=\"icon-box-content\"><div class=\"icon-box-heading icon-box-fa-1x\"><p class=\"fontheight-321440\"><a role=\"button\" href=\"https:\/\/interzero.pl\/wp-content\/uploads\/sites\/12\/2024\/04\/INFORMACJA_O_ZUZYTYM_SPRZECIE_ELEKTRYCZNYM_I_ELEKTRONICZNYM_IZPL_2024.pdf\">Information on used electrical and electronic equipment Interzero Polska Sp. z o. o<\/a><\/p><\/div><\/div><\/div><div class=\"icon-box icon-box-left icon-box-space-reduced  icon-box-space-reduced iz-footer-icon-link icon-media-image\" ><div class=\"icon-box-icon fa-container\" style=\"width:16px;\"><a role=\"button\" href=\"https:\/\/interzero.pl\/wp-content\/uploads\/sites\/12\/2024\/04\/INFORMACJA_O_OPAKOWANIACH_I_ODPADACH_OPAKOWANIOWYCH_2024.pdf\" class=\"text-color-263416-color custom-link\"><img decoding=\"async\" class=\"\" src=\"https:\/\/interzero.pl\/wp-content\/uploads\/sites\/12\/2023\/02\/icon_pdf_big.png\" width=\"43\" height=\"50\" alt=\"pdf ikona\"  \/><\/a><\/div><div class=\"icon-box-content\"><div class=\"icon-box-heading icon-box-fa-1x\"><p class=\"fontheight-321440\"><a role=\"button\" href=\"https:\/\/interzero.pl\/wp-content\/uploads\/sites\/12\/2024\/04\/INFORMACJA_O_OPAKOWANIACH_I_ODPADACH_OPAKOWANIOWYCH_2024.pdf\">Information on packaging and packaging waste Interzero Polska Sp. z o. o<\/a><\/p><\/div><\/div><\/div><div class=\"uncode_text_column\" ><p><strong>Interzero Packaging Recovery Organization and Electrical and Electronic Equipment Recovery Organization SA<\/strong><br \/> st. Mogilska 65, 31-545 Krakow<br \/> Tel: +48 22 742 10 22<br \/> E-mail: biuro@interzero.pl<br \/> Management Board: <strong>Monika Grom<\/strong> - Member of the Management Board; <strong>Pawel Lesiak<\/strong> - Member of the Management Board, <strong>Agata Ry\u015b<\/strong> - Member of the Management Board<br \/> NIP: 9512530326<br \/> KRS: 0000925732<br \/> REGON: 520530764<br \/> BDO: 000552505<br \/> Registration authority: District Court for the city of st. Warsaw in Warsaw, 13th Commercial Division of the National Court Register<br \/> Share capital: PLN 5,000,000<br \/> <strong>INVESTOR RELATIONS<\/strong> &#8211; <a href=\"https:\/\/interzero.pl\/en\/about-company\/investor-relations\/izooseie-investor-relations\/\">HERE.<\/a><\/p>\n<\/div><div class=\"icon-box icon-box-left icon-box-space-reduced  icon-box-space-reduced iz-footer-icon-link icon-media-image\" ><div class=\"icon-box-icon fa-container\" style=\"width:16px;\"><a role=\"button\" href=\"http:\/\/interzero.pl\/wp-content\/uploads\/sites\/12\/2023\/01\/Informacja_IZ_OOSEiE.pdf.pdf\" class=\"text-color-263416-color custom-link\"><img decoding=\"async\" class=\"\" src=\"https:\/\/interzero.pl\/wp-content\/uploads\/sites\/12\/2023\/02\/icon_pdf_big.png\" width=\"43\" height=\"50\" alt=\"pdf ikona\"  \/><\/a><\/div><div class=\"icon-box-content\"><div class=\"icon-box-heading icon-box-fa-1x\"><p class=\"fontheight-321440\"><a role=\"button\" href=\"http:\/\/interzero.pl\/wp-content\/uploads\/sites\/12\/2023\/01\/Informacja_IZ_OOSEiE.pdf.pdf\">Information on the implementation of waste management goals by Interzero Packaging Recovery Organization and Electrical and Electronic Equipment Recovery Organization SA.<\/a><\/p><\/div><\/div><\/div><\/div><\/div><\/div><\/div><\/div><script id=\"script-row-unique-1\" data-row=\"script-row-unique-1\" type=\"text\/javascript\" class=\"vc_controls\">UNCODE.initRow(document.getElementById(\"row-unique-1\"));<\/script><\/div><\/div><\/div>\n<\/div>","protected":false},"excerpt":{"rendered":"Interzero Group in PolandInterzero Packaging Recovery Organization SA st. Wiertnicza 165, 02-952 Warsaw Tel.: +48 22 742 10 22 E-mail: [...]","protected":false},"author":22,"featured_media":8073,"parent":8497,"menu_order":5,"comment_status":"closed","ping_status":"closed","template":"","meta":{"_acf_changed":false,"inline_featured_image":false,"footnotes":""},"wf_page_folders":[76],"class_list":["post-8709","page","type-page","status-publish","has-post-thumbnail","hentry","page_category-en"],"acf":[],"yoast_head":"<!-- This site is optimized with the Yoast SEO plugin v26.4 - https:\/\/yoast.com\/wordpress\/plugins\/seo\/ -->\n<title>Legal notice | Interzero Group in Poland<\/title>\n<meta name=\"description\" content=\"Find out the most important information about the Interzero Group in Poland. Legal notice | Investor relations | Registration data | Contact details | Company management boards\" \/>\n<meta name=\"robots\" content=\"index, follow, max-snippet:-1, max-image-preview:large, max-video-preview:-1\" \/>\n<link rel=\"canonical\" href=\"https:\/\/interzero.pl\/en\/about-company\/disclaimer\/\" \/>\n<meta property=\"og:locale\" content=\"en_GB\" \/>\n<meta property=\"og:type\" content=\"article\" \/>\n<meta property=\"og:title\" content=\"Legal notice | Interzero Group in Poland\" \/>\n<meta property=\"og:description\" content=\"Find out the most important information about the Interzero Group in Poland. Legal notice | Investor relations | Registration data | Contact details | Company management boards\" \/>\n<meta property=\"og:url\" content=\"https:\/\/interzero.pl\/en\/about-company\/disclaimer\/\" \/>\n<meta property=\"og:site_name\" content=\"Interzero Polska\" \/>\n<meta property=\"article:publisher\" content=\"https:\/\/www.facebook.com\/InterzeroPolska\" \/>\n<meta property=\"article:modified_time\" content=\"2024-12-10T14:56:39+00:00\" \/>\n<meta property=\"og:image\" content=\"https:\/\/interzero.pl\/wp-content\/uploads\/sites\/12\/2023\/02\/Nota-prawna.png\" \/>\n\t<meta property=\"og:image:width\" content=\"1640\" \/>\n\t<meta property=\"og:image:height\" content=\"924\" \/>\n\t<meta property=\"og:image:type\" content=\"image\/png\" \/>\n<meta name=\"twitter:card\" content=\"summary_large_image\" \/>\n<meta name=\"twitter:label1\" content=\"Estimated reading time\" \/>\n\t<meta name=\"twitter:data1\" content=\"4 minutes\" \/>\n<script type=\"application\/ld+json\" class=\"yoast-schema-graph\">{\"@context\":\"https:\/\/schema.org\",\"@graph\":[{\"@type\":\"WebPage\",\"@id\":\"https:\/\/interzero.pl\/about-company\/disclaimer\/\",\"url\":\"https:\/\/interzero.pl\/about-company\/disclaimer\/\",\"name\":\"Legal notice | Interzero Group in Poland\",\"isPartOf\":{\"@id\":\"https:\/\/interzero.pl\/#website\"},\"primaryImageOfPage\":{\"@id\":\"https:\/\/interzero.pl\/about-company\/disclaimer\/#primaryimage\"},\"image\":{\"@id\":\"https:\/\/interzero.pl\/about-company\/disclaimer\/#primaryimage\"},\"thumbnailUrl\":\"https:\/\/interzero.pl\/wp-content\/uploads\/sites\/12\/2023\/02\/Nota-prawna.png\",\"datePublished\":\"2023-02-01T14:09:31+00:00\",\"dateModified\":\"2024-12-10T14:56:39+00:00\",\"description\":\"Find out the most important information about the Interzero Group in Poland. Legal notice | Investor relations | Registration data | Contact details | Company management boards\",\"breadcrumb\":{\"@id\":\"https:\/\/interzero.pl\/about-company\/disclaimer\/#breadcrumb\"},\"inLanguage\":\"en-GB\",\"potentialAction\":[{\"@type\":\"ReadAction\",\"target\":[\"https:\/\/interzero.pl\/about-company\/disclaimer\/\"]}]},{\"@type\":\"ImageObject\",\"inLanguage\":\"en-GB\",\"@id\":\"https:\/\/interzero.pl\/about-company\/disclaimer\/#primaryimage\",\"url\":\"https:\/\/interzero.pl\/wp-content\/uploads\/sites\/12\/2023\/02\/Nota-prawna.png\",\"contentUrl\":\"https:\/\/interzero.pl\/wp-content\/uploads\/sites\/12\/2023\/02\/Nota-prawna.png\",\"width\":1640,\"height\":924,\"caption\":\"z\u0142ota waga Temidy stoi na biurku obok notatnika w jasnym, dobrze o\u015bwietlonym pomieszczeniu\"},{\"@type\":\"BreadcrumbList\",\"@id\":\"https:\/\/interzero.pl\/about-company\/disclaimer\/#breadcrumb\",\"itemListElement\":[{\"@type\":\"ListItem\",\"position\":1,\"name\":\"Home\",\"item\":\"https:\/\/interzero.pl\/\"},{\"@type\":\"ListItem\",\"position\":2,\"name\":\"About company\",\"item\":\"https:\/\/interzero.pl\/about-company\/\"},{\"@type\":\"ListItem\",\"position\":3,\"name\":\"Disclaimer\"}]},{\"@type\":\"WebSite\",\"@id\":\"https:\/\/interzero.pl\/#website\",\"url\":\"https:\/\/interzero.pl\/\",\"name\":\"Interzero Polska | Rozwi\u0105zania dla \u015bwiata bez odpad\u00f3w\",\"description\":\"Dostarczamy innowacyjne i kompleksowe rozwi\u0105zania  w zakresie ochrony \u015brodowiska.\",\"publisher\":{\"@id\":\"https:\/\/interzero.pl\/#organization\"},\"potentialAction\":[{\"@type\":\"SearchAction\",\"target\":{\"@type\":\"EntryPoint\",\"urlTemplate\":\"https:\/\/interzero.pl\/?s={search_term_string}\"},\"query-input\":{\"@type\":\"PropertyValueSpecification\",\"valueRequired\":true,\"valueName\":\"search_term_string\"}}],\"inLanguage\":\"en-GB\"},{\"@type\":\"Organization\",\"@id\":\"https:\/\/interzero.pl\/#organization\",\"name\":\"Interzero Polska\",\"url\":\"https:\/\/interzero.pl\/\",\"logo\":{\"@type\":\"ImageObject\",\"inLanguage\":\"en-GB\",\"@id\":\"https:\/\/interzero.pl\/#\/schema\/logo\/image\/\",\"url\":\"https:\/\/interzero.pl\/wp-content\/uploads\/sites\/12\/2024\/07\/Interzero.png\",\"contentUrl\":\"https:\/\/interzero.pl\/wp-content\/uploads\/sites\/12\/2024\/07\/Interzero.png\",\"width\":1920,\"height\":1080,\"caption\":\"Interzero Polska\"},\"image\":{\"@id\":\"https:\/\/interzero.pl\/#\/schema\/logo\/image\/\"},\"sameAs\":[\"https:\/\/www.facebook.com\/InterzeroPolska\",\"https:\/\/www.linkedin.com\/company\/interzero-zero-waste-solutions\/\"]}]}<\/script>\n<!-- \/ Yoast SEO plugin. -->","yoast_head_json":{"title":"Legal notice | Interzero Group in Poland","description":"Find out the most important information about the Interzero Group in Poland. Legal notice | Investor relations | Registration data | Contact details | Company management boards","robots":{"index":"index","follow":"follow","max-snippet":"max-snippet:-1","max-image-preview":"max-image-preview:large","max-video-preview":"max-video-preview:-1"},"canonical":"https:\/\/interzero.pl\/en\/about-company\/disclaimer\/","og_locale":"en_GB","og_type":"article","og_title":"Legal notice | Interzero Group in Poland","og_description":"Find out the most important information about the Interzero Group in Poland. Legal notice | Investor relations | Registration data | Contact details | Company management boards","og_url":"https:\/\/interzero.pl\/en\/about-company\/disclaimer\/","og_site_name":"Interzero Polska","article_publisher":"https:\/\/www.facebook.com\/InterzeroPolska","article_modified_time":"2024-12-10T14:56:39+00:00","og_image":[{"width":1640,"height":924,"url":"https:\/\/interzero.pl\/wp-content\/uploads\/sites\/12\/2023\/02\/Nota-prawna.png","type":"image\/png"}],"twitter_card":"summary_large_image","twitter_misc":{"Estimated reading time":"4 minutes"},"schema":{"@context":"https:\/\/schema.org","@graph":[{"@type":"WebPage","@id":"https:\/\/interzero.pl\/about-company\/disclaimer\/","url":"https:\/\/interzero.pl\/about-company\/disclaimer\/","name":"Legal notice | Interzero Group in Poland","isPartOf":{"@id":"https:\/\/interzero.pl\/#website"},"primaryImageOfPage":{"@id":"https:\/\/interzero.pl\/about-company\/disclaimer\/#primaryimage"},"image":{"@id":"https:\/\/interzero.pl\/about-company\/disclaimer\/#primaryimage"},"thumbnailUrl":"https:\/\/interzero.pl\/wp-content\/uploads\/sites\/12\/2023\/02\/Nota-prawna.png","datePublished":"2023-02-01T14:09:31+00:00","dateModified":"2024-12-10T14:56:39+00:00","description":"Find out the most important information about the Interzero Group in Poland. Legal notice | Investor relations | Registration data | Contact details | Company management boards","breadcrumb":{"@id":"https:\/\/interzero.pl\/about-company\/disclaimer\/#breadcrumb"},"inLanguage":"en-GB","potentialAction":[{"@type":"ReadAction","target":["https:\/\/interzero.pl\/about-company\/disclaimer\/"]}]},{"@type":"ImageObject","inLanguage":"en-GB","@id":"https:\/\/interzero.pl\/about-company\/disclaimer\/#primaryimage","url":"https:\/\/interzero.pl\/wp-content\/uploads\/sites\/12\/2023\/02\/Nota-prawna.png","contentUrl":"https:\/\/interzero.pl\/wp-content\/uploads\/sites\/12\/2023\/02\/Nota-prawna.png","width":1640,"height":924,"caption":"z\u0142ota waga Temidy stoi na biurku obok notatnika w jasnym, dobrze o\u015bwietlonym pomieszczeniu"},{"@type":"BreadcrumbList","@id":"https:\/\/interzero.pl\/about-company\/disclaimer\/#breadcrumb","itemListElement":[{"@type":"ListItem","position":1,"name":"Home","item":"https:\/\/interzero.pl\/"},{"@type":"ListItem","position":2,"name":"About company","item":"https:\/\/interzero.pl\/about-company\/"},{"@type":"ListItem","position":3,"name":"Disclaimer"}]},{"@type":"WebSite","@id":"https:\/\/interzero.pl\/#website","url":"https:\/\/interzero.pl\/","name":"Interzero Polska | Solutions for a world without waste","description":"We provide innovative and comprehensive environmental solutions.","publisher":{"@id":"https:\/\/interzero.pl\/#organization"},"potentialAction":[{"@type":"SearchAction","target":{"@type":"EntryPoint","urlTemplate":"https:\/\/interzero.pl\/?s={search_term_string}"},"query-input":{"@type":"PropertyValueSpecification","valueRequired":true,"valueName":"search_term_string"}}],"inLanguage":"en-GB"},{"@type":"Organization","@id":"https:\/\/interzero.pl\/#organization","name":"Interzero Poland","url":"https:\/\/interzero.pl\/","logo":{"@type":"ImageObject","inLanguage":"en-GB","@id":"https:\/\/interzero.pl\/#\/schema\/logo\/image\/","url":"https:\/\/interzero.pl\/wp-content\/uploads\/sites\/12\/2024\/07\/Interzero.png","contentUrl":"https:\/\/interzero.pl\/wp-content\/uploads\/sites\/12\/2024\/07\/Interzero.png","width":1920,"height":1080,"caption":"Interzero Polska"},"image":{"@id":"https:\/\/interzero.pl\/#\/schema\/logo\/image\/"},"sameAs":["https:\/\/www.facebook.com\/InterzeroPolska","https:\/\/www.linkedin.com\/company\/interzero-zero-waste-solutions\/"]}]}},"_links":{"self":[{"href":"https:\/\/interzero.pl\/en\/wp-json\/wp\/v2\/pages\/8709","targetHints":{"allow":["GET"]}}],"collection":[{"href":"https:\/\/interzero.pl\/en\/wp-json\/wp\/v2\/pages"}],"about":[{"href":"https:\/\/interzero.pl\/en\/wp-json\/wp\/v2\/types\/page"}],"author":[{"embeddable":true,"href":"https:\/\/interzero.pl\/en\/wp-json\/wp\/v2\/users\/22"}],"replies":[{"embeddable":true,"href":"https:\/\/interzero.pl\/en\/wp-json\/wp\/v2\/comments?post=8709"}],"version-history":[{"count":17,"href":"https:\/\/interzero.pl\/en\/wp-json\/wp\/v2\/pages\/8709\/revisions"}],"predecessor-version":[{"id":17754,"href":"https:\/\/interzero.pl\/en\/wp-json\/wp\/v2\/pages\/8709\/revisions\/17754"}],"up":[{"embeddable":true,"href":"https:\/\/interzero.pl\/en\/wp-json\/wp\/v2\/pages\/8497"}],"wp:featuredmedia":[{"embeddable":true,"href":"https:\/\/interzero.pl\/en\/wp-json\/wp\/v2\/media\/8073"}],"wp:attachment":[{"href":"https:\/\/interzero.pl\/en\/wp-json\/wp\/v2\/media?parent=8709"}],"wp:term":[{"taxonomy":"wf_page_folders","embeddable":true,"href":"https:\/\/interzero.pl\/en\/wp-json\/wp\/v2\/wf_page_folders?post=8709"}],"curies":[{"name":"wp","href":"https:\/\/api.w.org\/{rel}","templated":true}]}}