{"id":8675,"date":"2023-03-01T13:15:07","date_gmt":"2023-03-01T12:15:07","guid":{"rendered":"https:\/\/interzero.pl\/about-company\/investor-relations\/"},"modified":"2024-12-10T15:45:54","modified_gmt":"2024-12-10T14:45:54","slug":"investor-relations","status":"publish","type":"page","link":"https:\/\/interzero.pl\/en\/about-company\/investor-relations\/","title":{"rendered":"Investor Relations"},"content":{"rendered":"<div class=\"wpb-content-wrapper\"><div data-parent=\"true\" class=\"vc_row row-container\" id=\"row-unique-0\"><div class=\"row limit-width row-parent\"><div class=\"wpb_row row-inner\"><div class=\"wpb_column pos-top pos-center align_center column_parent col-lg-12 single-internal-gutter\"><div class=\"uncol style-light\"  ><div class=\"uncoltable\"><div class=\"uncell no-block-padding\" ><div class=\"uncont\" ><div class=\"vc_custom_heading_wrap\"><div class=\"heading-text el-text\" ><h2 class=\"h2\" ><span><\/p><\/span><span><h1 style=\"text-align: center\"><strong>Investor Relations<\/strong><\/h1><\/span><span><p><\/span><\/h2><\/div><div class=\"clear\"><\/div><\/div><\/div><\/div><\/div><\/div><\/div><script id=\"script-row-unique-0\" data-row=\"script-row-unique-0\" type=\"text\/javascript\" class=\"vc_controls\">UNCODE.initRow(document.getElementById(\"row-unique-0\"));<\/script><\/div><\/div><\/div><div data-parent=\"true\" class=\"vc_row iz-infobox-toggle-wrapper has-bg need-focus style-color-lxmt-bg row-container\" id=\"row-unique-1\"><div class=\"row double-top-padding single-bottom-padding single-h-padding limit-width row-parent\"><div class=\"wpb_row row-inner\"><div class=\"wpb_column pos-top pos-center align_left column_parent col-lg-3 iz-infobox-toggle-col single-internal-gutter\"><div class=\"uncol style-light animate_when_almost_visible bottom-t-top\"  ><div class=\"uncoltable\"><div class=\"uncell no-block-padding style-color-xsdn-bg has-bg unshadow-xs\" ><div class=\"uncont\" ><div class=\"uncode-single-media  text-center\"><div class=\"single-wrapper\" style=\"max-width: 80%;\"><a class=\"single-media-link\" href=\"https:\/\/interzero.pl\/en\/o-firmie\/relacje-inwestorskie\/relacje-inwestorskie-izooo\/\" target=\"_blank\"><div class=\"tmb tmb-light  tmb-img-ratio tmb-media-first tmb-media-last tmb-content-overlay tmb-no-bg\"><div class=\"t-inside\"><div class=\"t-entry-visual\"><div class=\"t-entry-visual-tc\"><div class=\"uncode-single-media-wrapper\"><div class=\"dummy\" style=\"padding-top: 100%;\"><\/div><img decoding=\"async\" class=\"wp-image-4581\" src=\"https:\/\/interzero.pl\/wp-content\/uploads\/sites\/12\/2023\/01\/Projekt-bez-tytulu-37.png\" width=\"1080\" height=\"1080\" alt=\"piktogram z 2 budynkami symbolizuj&#261;cy rozwi&#261;zania Interzero w zakresie gospodarki odpadami w budynkach, np. zak&#322;adach\" srcset=\"https:\/\/interzero.pl\/wp-content\/uploads\/sites\/12\/2023\/01\/Projekt-bez-tytulu-37.png 1080w, https:\/\/interzero.pl\/wp-content\/uploads\/sites\/12\/2023\/01\/Projekt-bez-tytulu-37-300x300.png 300w, https:\/\/interzero.pl\/wp-content\/uploads\/sites\/12\/2023\/01\/Projekt-bez-tytulu-37-1024x1024.png 1024w, https:\/\/interzero.pl\/wp-content\/uploads\/sites\/12\/2023\/01\/Projekt-bez-tytulu-37-150x150.png 150w, https:\/\/interzero.pl\/wp-content\/uploads\/sites\/12\/2023\/01\/Projekt-bez-tytulu-37-768x768.png 768w, https:\/\/interzero.pl\/wp-content\/uploads\/sites\/12\/2023\/01\/Projekt-bez-tytulu-37-250x250.png 250w, https:\/\/interzero.pl\/wp-content\/uploads\/sites\/12\/2023\/01\/Projekt-bez-tytulu-37-350x350.png 350w, https:\/\/interzero.pl\/wp-content\/uploads\/sites\/12\/2023\/01\/Projekt-bez-tytulu-37-348x348.png 348w, https:\/\/interzero.pl\/wp-content\/uploads\/sites\/12\/2023\/01\/Projekt-bez-tytulu-37-uai-720x720.png 720w\" sizes=\"(max-width: 1080px) 100vw, 1080px\" \/><\/div>\n\t\t\t\t\t<\/div>\n\t\t\t\t<\/div><\/div><\/div><\/a><\/div><\/div><div class=\"icon-box icon-box-left icon-box-space-reduced  iz-col-padding-left1\" ><div class=\"icon-box-icon fa-container\"><a role=\"button\" href=\"https:\/\/interzero.pl\/en\/about-company\/investor-relations\/izooo-investor-relations\/\" target=\"_blank\" class=\"text-color-263416-color custom-link\"><i class=\"fa fa-tag fa-2x fa-fw\"><\/i><\/a><\/div><div class=\"icon-box-content\"><div class=\"icon-box-heading icon-box-fa-2x\"><h3 class=\"font-212005 h4\">Investor relations of Interzero Organizacja Odzysku Opakowa\u0144 SA<\/h3><\/div><\/div><\/div><\/div><\/div><\/div><\/div><\/div><div class=\"wpb_column pos-top pos-center align_left column_parent col-lg-3 iz-infobox-toggle-col single-internal-gutter\"><div class=\"uncol style-light animate_when_almost_visible bottom-t-top\"  data-delay=\"100\"><div class=\"uncoltable\"><div class=\"uncell no-block-padding style-color-xsdn-bg has-bg unshadow-xs\" ><div class=\"uncont\" ><div class=\"uncode-single-media  text-center\"><div class=\"single-wrapper\" style=\"max-width: 80%;\"><a class=\"single-media-link\" href=\"https:\/\/interzero.pl\/en\/o-firmie\/relacje-inwestorskie\/relacje-inwestorskie-izooseie\/\" target=\"_blank\" title=\"Waste Management\"><div class=\"tmb tmb-light  tmb-img-ratio tmb-media-first tmb-media-last tmb-content-overlay tmb-no-bg\"><div class=\"t-inside\"><div class=\"t-entry-visual\"><div class=\"t-entry-visual-tc\"><div class=\"uncode-single-media-wrapper\"><div class=\"dummy\" style=\"padding-top: 100%;\"><\/div><img decoding=\"async\" class=\"wp-image-4581\" src=\"https:\/\/interzero.pl\/wp-content\/uploads\/sites\/12\/2023\/01\/Projekt-bez-tytulu-37.png\" width=\"1080\" height=\"1080\" alt=\"piktogram z 2 budynkami symbolizuj&#261;cy rozwi&#261;zania Interzero w zakresie gospodarki odpadami w budynkach, np. zak&#322;adach\" srcset=\"https:\/\/interzero.pl\/wp-content\/uploads\/sites\/12\/2023\/01\/Projekt-bez-tytulu-37.png 1080w, https:\/\/interzero.pl\/wp-content\/uploads\/sites\/12\/2023\/01\/Projekt-bez-tytulu-37-300x300.png 300w, https:\/\/interzero.pl\/wp-content\/uploads\/sites\/12\/2023\/01\/Projekt-bez-tytulu-37-1024x1024.png 1024w, https:\/\/interzero.pl\/wp-content\/uploads\/sites\/12\/2023\/01\/Projekt-bez-tytulu-37-150x150.png 150w, https:\/\/interzero.pl\/wp-content\/uploads\/sites\/12\/2023\/01\/Projekt-bez-tytulu-37-768x768.png 768w, https:\/\/interzero.pl\/wp-content\/uploads\/sites\/12\/2023\/01\/Projekt-bez-tytulu-37-250x250.png 250w, https:\/\/interzero.pl\/wp-content\/uploads\/sites\/12\/2023\/01\/Projekt-bez-tytulu-37-350x350.png 350w, https:\/\/interzero.pl\/wp-content\/uploads\/sites\/12\/2023\/01\/Projekt-bez-tytulu-37-348x348.png 348w, https:\/\/interzero.pl\/wp-content\/uploads\/sites\/12\/2023\/01\/Projekt-bez-tytulu-37-uai-720x720.png 720w\" sizes=\"(max-width: 1080px) 100vw, 1080px\" \/><\/div>\n\t\t\t\t\t<\/div>\n\t\t\t\t<\/div><\/div><\/div><\/a><\/div><\/div><div class=\"icon-box icon-box-left icon-box-space-reduced\" ><div class=\"icon-box-icon fa-container\"><a role=\"button\" href=\"https:\/\/interzero.pl\/en\/about-company\/investor-relations\/izooseie-investor-relations\/\" target=\"_blank\" class=\"text-color-263416-color custom-link\"><i class=\"fa fa-tag fa-2x fa-fw\"><\/i><\/a><\/div><div class=\"icon-box-content\"><div class=\"icon-box-heading icon-box-fa-2x\"><h3 class=\"font-212005 h4\">Investor Relations Interzero Packaging Recovery Organization and Electrical and Electronic Equipment Recovery Organization SA<\/h3><\/div><\/div><\/div><\/div><\/div><\/div><\/div><\/div><script id=\"script-row-unique-1\" data-row=\"script-row-unique-1\" type=\"text\/javascript\" class=\"vc_controls\">UNCODE.initRow(document.getElementById(\"row-unique-1\"));<\/script><\/div><\/div><\/div>\n<\/div>","protected":false},"excerpt":{"rendered":"Investor Relations Investor relations of Interzero Packaging Recovery Organisation SA Investor relations Interzero Packaging Recovery Organisation and Electrical and Electronic [...].","protected":false},"author":6,"featured_media":7428,"parent":8497,"menu_order":98,"comment_status":"closed","ping_status":"closed","template":"","meta":{"_acf_changed":false,"inline_featured_image":false,"footnotes":""},"wf_page_folders":[76],"class_list":["post-8675","page","type-page","status-publish","has-post-thumbnail","hentry","page_category-en"],"acf":[],"yoast_head":"<!-- This site is optimized with the Yoast SEO plugin v26.4 - https:\/\/yoast.com\/wordpress\/plugins\/seo\/ -->\n<title>Investor reports of companies from the Interzero Group<\/title>\n<meta name=\"description\" content=\"Current information on the activities of companies from the Interzero Group.\" \/>\n<meta name=\"robots\" content=\"index, follow, max-snippet:-1, max-image-preview:large, max-video-preview:-1\" \/>\n<link rel=\"canonical\" href=\"https:\/\/interzero.pl\/en\/about-company\/investor-relations\/\" \/>\n<meta property=\"og:locale\" content=\"en_GB\" \/>\n<meta property=\"og:type\" content=\"article\" \/>\n<meta property=\"og:title\" content=\"Investor reports of companies from the Interzero Group\" \/>\n<meta property=\"og:description\" content=\"Current information on the activities of companies from the Interzero Group.\" \/>\n<meta property=\"og:url\" content=\"https:\/\/interzero.pl\/en\/about-company\/investor-relations\/\" \/>\n<meta property=\"og:site_name\" content=\"Interzero Polska\" \/>\n<meta property=\"article:publisher\" content=\"https:\/\/www.facebook.com\/InterzeroPolska\" \/>\n<meta property=\"article:modified_time\" content=\"2024-12-10T14:45:54+00:00\" \/>\n<meta property=\"og:image\" content=\"https:\/\/interzero.pl\/wp-content\/uploads\/sites\/12\/2022\/10\/interzero-medien-1870x555-1.jpg\" \/>\n\t<meta property=\"og:image:width\" content=\"1870\" \/>\n\t<meta property=\"og:image:height\" content=\"555\" \/>\n\t<meta property=\"og:image:type\" content=\"image\/jpeg\" \/>\n<meta name=\"twitter:card\" content=\"summary_large_image\" \/>\n<meta name=\"twitter:label1\" content=\"Estimated reading time\" \/>\n\t<meta name=\"twitter:data1\" content=\"2 minutes\" \/>\n<script type=\"application\/ld+json\" class=\"yoast-schema-graph\">{\"@context\":\"https:\/\/schema.org\",\"@graph\":[{\"@type\":\"WebPage\",\"@id\":\"https:\/\/interzero.pl\/about-company\/investor-relations\/\",\"url\":\"https:\/\/interzero.pl\/about-company\/investor-relations\/\",\"name\":\"Investor reports of companies from the Interzero Group\",\"isPartOf\":{\"@id\":\"https:\/\/interzero.pl\/#website\"},\"primaryImageOfPage\":{\"@id\":\"https:\/\/interzero.pl\/about-company\/investor-relations\/#primaryimage\"},\"image\":{\"@id\":\"https:\/\/interzero.pl\/about-company\/investor-relations\/#primaryimage\"},\"thumbnailUrl\":\"https:\/\/interzero.pl\/wp-content\/uploads\/sites\/12\/2022\/10\/interzero-medien-1870x555-1.jpg\",\"datePublished\":\"2023-03-01T12:15:07+00:00\",\"dateModified\":\"2024-12-10T14:45:54+00:00\",\"description\":\"Current information on the activities of companies from the Interzero Group.\",\"breadcrumb\":{\"@id\":\"https:\/\/interzero.pl\/about-company\/investor-relations\/#breadcrumb\"},\"inLanguage\":\"en-GB\",\"potentialAction\":[{\"@type\":\"ReadAction\",\"target\":[\"https:\/\/interzero.pl\/about-company\/investor-relations\/\"]}]},{\"@type\":\"ImageObject\",\"inLanguage\":\"en-GB\",\"@id\":\"https:\/\/interzero.pl\/about-company\/investor-relations\/#primaryimage\",\"url\":\"https:\/\/interzero.pl\/wp-content\/uploads\/sites\/12\/2022\/10\/interzero-medien-1870x555-1.jpg\",\"contentUrl\":\"https:\/\/interzero.pl\/wp-content\/uploads\/sites\/12\/2022\/10\/interzero-medien-1870x555-1.jpg\",\"width\":1870,\"height\":555,\"caption\":\"grafika z nak\u0142adaj\u0105cymi sie na siebie obrazami: widokiem nocnego miasta kroplami deszczu i nocnymi \u015bwiat\u0142ami\"},{\"@type\":\"BreadcrumbList\",\"@id\":\"https:\/\/interzero.pl\/about-company\/investor-relations\/#breadcrumb\",\"itemListElement\":[{\"@type\":\"ListItem\",\"position\":1,\"name\":\"Home\",\"item\":\"https:\/\/interzero.pl\/\"},{\"@type\":\"ListItem\",\"position\":2,\"name\":\"About company\",\"item\":\"https:\/\/interzero.pl\/about-company\/\"},{\"@type\":\"ListItem\",\"position\":3,\"name\":\"Investor Relations\"}]},{\"@type\":\"WebSite\",\"@id\":\"https:\/\/interzero.pl\/#website\",\"url\":\"https:\/\/interzero.pl\/\",\"name\":\"Interzero Polska | Rozwi\u0105zania dla \u015bwiata bez odpad\u00f3w\",\"description\":\"Dostarczamy innowacyjne i kompleksowe rozwi\u0105zania  w zakresie ochrony \u015brodowiska.\",\"publisher\":{\"@id\":\"https:\/\/interzero.pl\/#organization\"},\"potentialAction\":[{\"@type\":\"SearchAction\",\"target\":{\"@type\":\"EntryPoint\",\"urlTemplate\":\"https:\/\/interzero.pl\/?s={search_term_string}\"},\"query-input\":{\"@type\":\"PropertyValueSpecification\",\"valueRequired\":true,\"valueName\":\"search_term_string\"}}],\"inLanguage\":\"en-GB\"},{\"@type\":\"Organization\",\"@id\":\"https:\/\/interzero.pl\/#organization\",\"name\":\"Interzero Polska\",\"url\":\"https:\/\/interzero.pl\/\",\"logo\":{\"@type\":\"ImageObject\",\"inLanguage\":\"en-GB\",\"@id\":\"https:\/\/interzero.pl\/#\/schema\/logo\/image\/\",\"url\":\"https:\/\/interzero.pl\/wp-content\/uploads\/sites\/12\/2024\/07\/Interzero.png\",\"contentUrl\":\"https:\/\/interzero.pl\/wp-content\/uploads\/sites\/12\/2024\/07\/Interzero.png\",\"width\":1920,\"height\":1080,\"caption\":\"Interzero Polska\"},\"image\":{\"@id\":\"https:\/\/interzero.pl\/#\/schema\/logo\/image\/\"},\"sameAs\":[\"https:\/\/www.facebook.com\/InterzeroPolska\",\"https:\/\/www.linkedin.com\/company\/interzero-zero-waste-solutions\/\"]}]}<\/script>\n<!-- \/ Yoast SEO plugin. -->","yoast_head_json":{"title":"Investor reports of companies from the Interzero Group","description":"Current information on the activities of companies from the Interzero Group.","robots":{"index":"index","follow":"follow","max-snippet":"max-snippet:-1","max-image-preview":"max-image-preview:large","max-video-preview":"max-video-preview:-1"},"canonical":"https:\/\/interzero.pl\/en\/about-company\/investor-relations\/","og_locale":"en_GB","og_type":"article","og_title":"Investor reports of companies from the Interzero Group","og_description":"Current information on the activities of companies from the Interzero Group.","og_url":"https:\/\/interzero.pl\/en\/about-company\/investor-relations\/","og_site_name":"Interzero Polska","article_publisher":"https:\/\/www.facebook.com\/InterzeroPolska","article_modified_time":"2024-12-10T14:45:54+00:00","og_image":[{"width":1870,"height":555,"url":"https:\/\/interzero.pl\/wp-content\/uploads\/sites\/12\/2022\/10\/interzero-medien-1870x555-1.jpg","type":"image\/jpeg"}],"twitter_card":"summary_large_image","twitter_misc":{"Estimated reading time":"2 minutes"},"schema":{"@context":"https:\/\/schema.org","@graph":[{"@type":"WebPage","@id":"https:\/\/interzero.pl\/about-company\/investor-relations\/","url":"https:\/\/interzero.pl\/about-company\/investor-relations\/","name":"Investor reports of companies from the Interzero Group","isPartOf":{"@id":"https:\/\/interzero.pl\/#website"},"primaryImageOfPage":{"@id":"https:\/\/interzero.pl\/about-company\/investor-relations\/#primaryimage"},"image":{"@id":"https:\/\/interzero.pl\/about-company\/investor-relations\/#primaryimage"},"thumbnailUrl":"https:\/\/interzero.pl\/wp-content\/uploads\/sites\/12\/2022\/10\/interzero-medien-1870x555-1.jpg","datePublished":"2023-03-01T12:15:07+00:00","dateModified":"2024-12-10T14:45:54+00:00","description":"Current information on the activities of companies from the Interzero Group.","breadcrumb":{"@id":"https:\/\/interzero.pl\/about-company\/investor-relations\/#breadcrumb"},"inLanguage":"en-GB","potentialAction":[{"@type":"ReadAction","target":["https:\/\/interzero.pl\/about-company\/investor-relations\/"]}]},{"@type":"ImageObject","inLanguage":"en-GB","@id":"https:\/\/interzero.pl\/about-company\/investor-relations\/#primaryimage","url":"https:\/\/interzero.pl\/wp-content\/uploads\/sites\/12\/2022\/10\/interzero-medien-1870x555-1.jpg","contentUrl":"https:\/\/interzero.pl\/wp-content\/uploads\/sites\/12\/2022\/10\/interzero-medien-1870x555-1.jpg","width":1870,"height":555,"caption":"grafika z nak\u0142adaj\u0105cymi sie na siebie obrazami: widokiem nocnego miasta kroplami deszczu i nocnymi \u015bwiat\u0142ami"},{"@type":"BreadcrumbList","@id":"https:\/\/interzero.pl\/about-company\/investor-relations\/#breadcrumb","itemListElement":[{"@type":"ListItem","position":1,"name":"Home","item":"https:\/\/interzero.pl\/"},{"@type":"ListItem","position":2,"name":"About company","item":"https:\/\/interzero.pl\/about-company\/"},{"@type":"ListItem","position":3,"name":"Investor Relations"}]},{"@type":"WebSite","@id":"https:\/\/interzero.pl\/#website","url":"https:\/\/interzero.pl\/","name":"Interzero Polska | Solutions for a world without waste","description":"We provide innovative and comprehensive environmental solutions.","publisher":{"@id":"https:\/\/interzero.pl\/#organization"},"potentialAction":[{"@type":"SearchAction","target":{"@type":"EntryPoint","urlTemplate":"https:\/\/interzero.pl\/?s={search_term_string}"},"query-input":{"@type":"PropertyValueSpecification","valueRequired":true,"valueName":"search_term_string"}}],"inLanguage":"en-GB"},{"@type":"Organization","@id":"https:\/\/interzero.pl\/#organization","name":"Interzero Poland","url":"https:\/\/interzero.pl\/","logo":{"@type":"ImageObject","inLanguage":"en-GB","@id":"https:\/\/interzero.pl\/#\/schema\/logo\/image\/","url":"https:\/\/interzero.pl\/wp-content\/uploads\/sites\/12\/2024\/07\/Interzero.png","contentUrl":"https:\/\/interzero.pl\/wp-content\/uploads\/sites\/12\/2024\/07\/Interzero.png","width":1920,"height":1080,"caption":"Interzero Polska"},"image":{"@id":"https:\/\/interzero.pl\/#\/schema\/logo\/image\/"},"sameAs":["https:\/\/www.facebook.com\/InterzeroPolska","https:\/\/www.linkedin.com\/company\/interzero-zero-waste-solutions\/"]}]}},"_links":{"self":[{"href":"https:\/\/interzero.pl\/en\/wp-json\/wp\/v2\/pages\/8675","targetHints":{"allow":["GET"]}}],"collection":[{"href":"https:\/\/interzero.pl\/en\/wp-json\/wp\/v2\/pages"}],"about":[{"href":"https:\/\/interzero.pl\/en\/wp-json\/wp\/v2\/types\/page"}],"author":[{"embeddable":true,"href":"https:\/\/interzero.pl\/en\/wp-json\/wp\/v2\/users\/6"}],"replies":[{"embeddable":true,"href":"https:\/\/interzero.pl\/en\/wp-json\/wp\/v2\/comments?post=8675"}],"version-history":[{"count":26,"href":"https:\/\/interzero.pl\/en\/wp-json\/wp\/v2\/pages\/8675\/revisions"}],"predecessor-version":[{"id":17748,"href":"https:\/\/interzero.pl\/en\/wp-json\/wp\/v2\/pages\/8675\/revisions\/17748"}],"up":[{"embeddable":true,"href":"https:\/\/interzero.pl\/en\/wp-json\/wp\/v2\/pages\/8497"}],"wp:featuredmedia":[{"embeddable":true,"href":"https:\/\/interzero.pl\/en\/wp-json\/wp\/v2\/media\/7428"}],"wp:attachment":[{"href":"https:\/\/interzero.pl\/en\/wp-json\/wp\/v2\/media?parent=8675"}],"wp:term":[{"taxonomy":"wf_page_folders","embeddable":true,"href":"https:\/\/interzero.pl\/en\/wp-json\/wp\/v2\/wf_page_folders?post=8675"}],"curies":[{"name":"wp","href":"https:\/\/api.w.org\/{rel}","templated":true}]}}