{"id":8607,"date":"2023-02-28T23:23:19","date_gmt":"2023-02-28T22:23:19","guid":{"rendered":"https:\/\/interzero.pl\/izooo-investor-relations\/"},"modified":"2023-05-24T13:01:28","modified_gmt":"2023-05-24T11:01:28","slug":"izooo-investor-relations","status":"publish","type":"page","link":"https:\/\/interzero.pl\/en\/about-company\/investor-relations\/izooo-investor-relations\/","title":{"rendered":"IZOO Investor Relations"},"content":{"rendered":"<div class=\"wpb-content-wrapper\"><div data-parent=\"true\" class=\"vc_row row-container\" id=\"row-unique-0\"><div class=\"row limit-width row-parent\"><div class=\"wpb_row row-inner\"><div class=\"wpb_column pos-top pos-center align_left column_parent col-lg-12 single-internal-gutter\"><div class=\"uncol style-light\"  ><div class=\"uncoltable\"><div class=\"uncell no-block-padding\" ><div class=\"uncont\" ><div class=\"vc_custom_heading_wrap\"><div class=\"heading-text el-text\" ><h2 class=\"h2\" ><span><\/p><\/span><span><div class=\"row\"><\/span><span><div class=\"twelve columns\"><\/span><span><h1 style=\"text-align: center\"><strong>Interzero Investor Relations<\/strong><\/h1><\/span><span><\/div><\/span><span><\/div><\/span><span><p><\/span><\/h2><\/div><div class=\"clear\"><\/div><\/div><\/div><\/div><\/div><\/div><\/div><script id=\"script-row-unique-0\" data-row=\"script-row-unique-0\" type=\"text\/javascript\" class=\"vc_controls\">UNCODE.initRow(document.getElementById(\"row-unique-0\"));<\/script><\/div><\/div><\/div><div data-parent=\"true\" class=\"vc_row row-container\" id=\"row-unique-1\"><div class=\"row limit-width row-parent\"><div class=\"wpb_row row-inner\"><div class=\"wpb_column pos-top pos-center align_left column_parent col-lg-12 single-internal-gutter\"><div class=\"uncol style-light\"  ><div class=\"uncoltable\"><div class=\"uncell no-block-padding\" ><div class=\"uncont\" ><div class=\"uncode_text_column\" ><\/p>\n<h3><strong><span style=\"color: #009dd3\">Investor relations of Interzero Organizacja Odzysku Opakowa\u0144 SA<\/span><\/strong><\/h3>\n<p>\n<\/div><\/div><\/div><\/div><\/div><\/div><script id=\"script-row-unique-1\" data-row=\"script-row-unique-1\" type=\"text\/javascript\" class=\"vc_controls\">UNCODE.initRow(document.getElementById(\"row-unique-1\"));<\/script><\/div><\/div><\/div><div data-parent=\"true\" class=\"vc_row row-container\" id=\"row-unique-2\"><div class=\"row limit-width row-parent\"><div class=\"wpb_row row-inner\"><div class=\"wpb_column pos-top pos-center align_left column_parent col-lg-6 single-internal-gutter\"><div class=\"uncol style-light\"  ><div class=\"uncoltable\"><div class=\"uncell no-block-padding\" ><div class=\"uncont\" ><div class=\"uncode_text_column\" ><p><strong>SECOND CALLS FOR SUBMITTING SHARE DOCUMENTS<\/strong><\/p>\n<p>Acting on behalf of INTERSEROH ORGANIZACJA ORZYSKU OPAKOWA\u0143 SA with its registered office in Warsaw, entered into the Register of Entrepreneurs under the KRS number 0000266658, with the NIP number 5213409980, in performance of the obligation under Art. 16 sec. 1 of the Act of August 30, 2019 amending the Act - Code of Commercial Companies and certain other acts (Journal of Laws of 2019, item 1798; as amended: Journal of Laws of 2020, item 288 and item 875), we call on the shareholders <strong>INTERSEROH ORGANIZACJA ODZYSKUK OPAKOWA\u0143 SA to submit share documents to the Company<\/strong> by the end of October 2020<\/p>\n<div class=\"row\">\n<div class=\"six columns\">\n<p>On the basis of the submitted share documents, entries will be made in the register of shareholders, which will be kept by Dom Maklerski Copernicus Securities SA, elected by a resolution of the General Meeting of Shareholders.<\/p>\n<p>At the same time, we would like to inform you that, in accordance with the above-mentioned act, the binding force of share certificates issued by the company expires by operation of law on March 31, 2021. On the same day, entries in the register of shareholders become legally binding. After March 31, 2021 towards the company, only a person who is entered in the register of shareholders is considered a shareholder. The share certificate retains probative value only to the extent that the shareholder demonstrates to the company that he is entitled to share rights, until March 31, 2026.<\/p>\n<p class=\"signature\">The Management Board of INTERSEROH ORGANISATION OF RECOVERY OF PACKAGING SA<\/p>\n<p class=\"date\"><em>Date of publication: 14\/10\/2020<\/em><\/p>\n<\/div>\n<\/div>\n<p>\n<\/div><\/div><\/div><\/div><\/div><\/div><div class=\"wpb_column pos-top pos-center align_left column_parent col-lg-6 single-internal-gutter\"><div class=\"uncol style-light\"  ><div class=\"uncoltable\"><div class=\"uncell no-block-padding\" ><div class=\"uncont\" ><div class=\"uncode_text_column\" ><p><strong>SECOND CALL TO SUBMIT SHARE DOCUMENTS<\/strong><\/p>\n<p>Acting on behalf of INTERSEROH ORGANIZACJA OD\u017bYKU PAKOWA\u0143 SA with its registered office in Warsaw, entered into the Register of Entrepreneurs under the KRS number 0000266658, NIP number 5213409980, in compliance with the obligation resulting from art. 16 sec. 1 of the Act of August 30, 2019 amending the Act - Code of Commercial Companies and certain other acts (Journal of Laws of 2019, item 1798; amended: Journal of Laws of 2020, item 288 and item 875) <strong>we call you, as a shareholder of INTERSEROH PACKAGING RECOVERY ORGANIZATION SA to submit the share documents<\/strong> to the Company by the end of October 2020.<\/p>\n<p>Based on the submitted share document, entries will be made in the register of shareholders, which will be kept by Dom Maklerski Copernicus Securities SA elected by a resolution of the General Meeting of Shareholders.<\/p>\n<p>At the same time, we would like to inform you that in accordance with the above-mentioned act, the binding force of share documents issued by the company expires by operation of law on March 31, 2021. On the same day, entries in the register of shareholders will become legally valid. After March 31, 2021, only the person entered in the register of shareholders is considered a shareholder towards the company. The share document retains probative force only to the extent that the shareholder demonstrates to the company that he is entitled to share rights until March 31, 2026.<\/p>\n<p class=\"signature\">Board of directors of INTERSEROH PACKAGING RECOVERY ORGANIZATION SA<\/p>\n<p class=\"date\"><em>Date of publication: 14\/10\/2020<\/em><\/p>\n<p>\n<\/div><\/div><\/div><\/div><\/div><\/div><script id=\"script-row-unique-2\" data-row=\"script-row-unique-2\" type=\"text\/javascript\" class=\"vc_controls\">UNCODE.initRow(document.getElementById(\"row-unique-2\"));<\/script><\/div><\/div><\/div><div data-parent=\"true\" class=\"vc_row row-container\" id=\"row-unique-3\"><div class=\"row limit-width row-parent\"><div class=\"wpb_row row-inner\"><div class=\"wpb_column pos-top pos-center align_left column_parent col-lg-6 single-internal-gutter\"><div class=\"uncol style-light\"  ><div class=\"uncoltable\"><div class=\"uncell no-block-padding\" ><div class=\"uncont\" ><div class=\"uncode_text_column\" ><p><strong>FIRST CALL TO SUBMIT SHARE DOCUMENTS<\/strong><\/p>\n<p>Acting on behalf of INTERSEROH ORGANIZACJA ORZYSKU OPAKOWA\u0143 SA with its registered office in Warsaw, entered into the Register of Entrepreneurs under the KRS number 0000266658, with the NIP number 5213409980, in performance of the obligation under Art. 16 sec. 1 of the Act of August 30, 2019. amending the Act - Code of Commercial Companies and some other acts (Journal of Laws of 2019, item 1798; as amended: Journal of Laws of 2020, item 288 and item 875) <strong>we call on the shareholders of INTERSEROH ORGANIZATION OF OPAKOWA\u0143 RECOVERY SA to submit share documents to the Company<\/strong> by the end of October 2020<\/p>\n<p>On the basis of the submitted share documents, entries will be made in the register of shareholders, which will be kept by Dom Maklerski Copernicus Securities SA, elected by a resolution of the General Meeting of Shareholders.<\/p>\n<p>At the same time, we would like to inform you that, in accordance with the above-mentioned act, the binding force of share certificates issued by the company expires by operation of law on March 31, 2021. On the same day, entries in the register of shareholders become legally binding. After March 31, 2021 towards the company, only a person who is entered in the register of shareholders is considered a shareholder. The share certificate retains probative value only to the extent that the shareholder demonstrates to the company that he is entitled to share rights, until March 31, 2026.<\/p>\n<p class=\"signature\">The Management Board of INTERSEROH ORGANISATION OF RECOVERY OF PACKAGING SA<\/p>\n<p class=\"date\"><em>Date of publication: 30\/09\/2020<\/em><\/p>\n<p>\n<\/div><\/div><\/div><\/div><\/div><\/div><div class=\"wpb_column pos-top pos-center align_left column_parent col-lg-6 single-internal-gutter\"><div class=\"uncol style-light\"  ><div class=\"uncoltable\"><div class=\"uncell no-block-padding\" ><div class=\"uncont\" ><div class=\"uncode_text_column\" ><p><strong>FIRST CALL TO SUBMIT SHARE DOCUMENTS<\/strong><\/p>\n<p>Acting on behalf of INTERSEROH ORGANIZACJA OD\u017bYKU PAKOWA\u0143 SA with its registered office in Warsaw, entered into the Register of Entrepreneurs under the KRS number 0000266658, NIP number 5213409980, in compliance with the obligation resulting from art. 16 sec. 1 of the Act of August 30, 2019 amending the Act - Code of Commercial Companies and certain other acts (Journal of Laws of 2019, item 1798; amended: Journal of Laws of 2020, item 288 and item 875) <strong>we call you, as a shareholder of INTERSEROH PACKAGING RECOVERY ORGANIZATION SA to submit the share documents<\/strong> to the Company by the end of October 2020.<\/p>\n<p>Based on the submitted share document, entries will be made in the register of shareholders, which will be kept by Dom Maklerski Copernicus Securities SA elected by a resolution of the General Meeting of Shareholders.<\/p>\n<p>At the same time, we would like to inform you that in accordance with the above-mentioned act, the binding force of share documents issued by the company expires by operation of law on March 31, 2021. On the same day, entries in the register of shareholders will become legally valid. After March 31, 2021, only the person entered in the register of shareholders is considered a shareholder towards the company. The share document retains probative force only to the extent that the shareholder demonstrates to the company that he is entitled to share rights until March 31, 2026.<\/p>\n<p class=\"signature\">Board of directors of INTERSEROH PACKAGING RECOVERY ORGANIZATION SA<\/p>\n<p class=\"date\"><em>Date of publication: 30\/09\/2020<\/em><\/p>\n<p>\n<\/div><\/div><\/div><\/div><\/div><\/div><script id=\"script-row-unique-3\" data-row=\"script-row-unique-3\" type=\"text\/javascript\" class=\"vc_controls\">UNCODE.initRow(document.getElementById(\"row-unique-3\"));<\/script><\/div><\/div><\/div>\n<\/div>","protected":false},"excerpt":{"rendered":"Interzero Investor RelationsInvestor relations of Interzero Organizacja Odzysku Opakowa\u0144 SA SECOND CALLS FOR SUBMITTING SHARE DOCUMENTS Acting on behalf of [...]...","protected":false},"author":6,"featured_media":0,"parent":8675,"menu_order":0,"comment_status":"closed","ping_status":"closed","template":"","meta":{"_acf_changed":false,"inline_featured_image":false,"footnotes":""},"wf_page_folders":[76],"class_list":["post-8607","page","type-page","status-publish","hentry","page_category-en"],"acf":[],"yoast_head":"<!-- This site is optimized with the Yoast SEO plugin v26.4 - https:\/\/yoast.com\/wordpress\/plugins\/seo\/ -->\n<title>Interzero Polska | Rozwi\u0105zania dla \u015bwiata bez odpad\u00f3w<\/title>\n<meta name=\"description\" content=\"Oferujemy zintegrowane us\u0142ugi \u015brodowiskowe dla firm. Doradzamy, inspirujemy do zr\u00f3wnowa\u017conego rozwoju i zamykamy obiegi surowc\u00f3w. Poznaj nas!\" \/>\n<meta name=\"robots\" content=\"index, follow, max-snippet:-1, max-image-preview:large, max-video-preview:-1\" \/>\n<link rel=\"canonical\" href=\"https:\/\/interzero.pl\/en\/about-company\/investor-relations\/izooo-investor-relations\/\" \/>\n<meta property=\"og:locale\" content=\"en_GB\" \/>\n<meta property=\"og:type\" content=\"article\" \/>\n<meta property=\"og:title\" content=\"Interzero Polska | Rozwi\u0105zania dla \u015bwiata bez odpad\u00f3w\" \/>\n<meta property=\"og:description\" content=\"Oferujemy zintegrowane us\u0142ugi \u015brodowiskowe dla firm. Doradzamy, inspirujemy do zr\u00f3wnowa\u017conego rozwoju i zamykamy obiegi surowc\u00f3w. Poznaj nas!\" \/>\n<meta property=\"og:url\" content=\"https:\/\/interzero.pl\/en\/about-company\/investor-relations\/izooo-investor-relations\/\" \/>\n<meta property=\"og:site_name\" content=\"Interzero Polska\" \/>\n<meta property=\"article:publisher\" content=\"https:\/\/www.facebook.com\/InterzeroPolska\" \/>\n<meta property=\"article:modified_time\" content=\"2023-05-24T11:01:28+00:00\" \/>\n<meta name=\"twitter:card\" content=\"summary_large_image\" \/>\n<meta name=\"twitter:label1\" content=\"Estimated reading time\" \/>\n\t<meta name=\"twitter:data1\" content=\"5 minutes\" \/>\n<script type=\"application\/ld+json\" class=\"yoast-schema-graph\">{\"@context\":\"https:\/\/schema.org\",\"@graph\":[{\"@type\":\"WebPage\",\"@id\":\"https:\/\/interzero.pl\/about-company\/investor-relations\/izooo-investor-relations\/\",\"url\":\"https:\/\/interzero.pl\/about-company\/investor-relations\/izooo-investor-relations\/\",\"name\":\"Interzero Polska | Rozwi\u0105zania dla \u015bwiata bez odpad\u00f3w\",\"isPartOf\":{\"@id\":\"https:\/\/interzero.pl\/#website\"},\"datePublished\":\"2023-02-28T22:23:19+00:00\",\"dateModified\":\"2023-05-24T11:01:28+00:00\",\"description\":\"Oferujemy zintegrowane us\u0142ugi \u015brodowiskowe dla firm. Doradzamy, inspirujemy do zr\u00f3wnowa\u017conego rozwoju i zamykamy obiegi surowc\u00f3w. Poznaj nas!\",\"breadcrumb\":{\"@id\":\"https:\/\/interzero.pl\/about-company\/investor-relations\/izooo-investor-relations\/#breadcrumb\"},\"inLanguage\":\"en-GB\",\"potentialAction\":[{\"@type\":\"ReadAction\",\"target\":[\"https:\/\/interzero.pl\/about-company\/investor-relations\/izooo-investor-relations\/\"]}]},{\"@type\":\"BreadcrumbList\",\"@id\":\"https:\/\/interzero.pl\/about-company\/investor-relations\/izooo-investor-relations\/#breadcrumb\",\"itemListElement\":[{\"@type\":\"ListItem\",\"position\":1,\"name\":\"Home\",\"item\":\"https:\/\/interzero.pl\/\"},{\"@type\":\"ListItem\",\"position\":2,\"name\":\"About company\",\"item\":\"https:\/\/interzero.pl\/about-company\/\"},{\"@type\":\"ListItem\",\"position\":3,\"name\":\"Investor Relations\",\"item\":\"https:\/\/interzero.pl\/about-company\/investor-relations\/\"},{\"@type\":\"ListItem\",\"position\":4,\"name\":\"IZOOO Investor Relations\"}]},{\"@type\":\"WebSite\",\"@id\":\"https:\/\/interzero.pl\/#website\",\"url\":\"https:\/\/interzero.pl\/\",\"name\":\"Interzero Polska | Rozwi\u0105zania dla \u015bwiata bez odpad\u00f3w\",\"description\":\"Dostarczamy innowacyjne i kompleksowe rozwi\u0105zania  w zakresie ochrony \u015brodowiska.\",\"publisher\":{\"@id\":\"https:\/\/interzero.pl\/#organization\"},\"potentialAction\":[{\"@type\":\"SearchAction\",\"target\":{\"@type\":\"EntryPoint\",\"urlTemplate\":\"https:\/\/interzero.pl\/?s={search_term_string}\"},\"query-input\":{\"@type\":\"PropertyValueSpecification\",\"valueRequired\":true,\"valueName\":\"search_term_string\"}}],\"inLanguage\":\"en-GB\"},{\"@type\":\"Organization\",\"@id\":\"https:\/\/interzero.pl\/#organization\",\"name\":\"Interzero Polska\",\"url\":\"https:\/\/interzero.pl\/\",\"logo\":{\"@type\":\"ImageObject\",\"inLanguage\":\"en-GB\",\"@id\":\"https:\/\/interzero.pl\/#\/schema\/logo\/image\/\",\"url\":\"https:\/\/interzero.pl\/wp-content\/uploads\/sites\/12\/2024\/07\/Interzero.png\",\"contentUrl\":\"https:\/\/interzero.pl\/wp-content\/uploads\/sites\/12\/2024\/07\/Interzero.png\",\"width\":1920,\"height\":1080,\"caption\":\"Interzero Polska\"},\"image\":{\"@id\":\"https:\/\/interzero.pl\/#\/schema\/logo\/image\/\"},\"sameAs\":[\"https:\/\/www.facebook.com\/InterzeroPolska\",\"https:\/\/www.linkedin.com\/company\/interzero-zero-waste-solutions\/\"]}]}<\/script>\n<!-- \/ Yoast SEO plugin. -->","yoast_head_json":{"title":"Interzero Polska | Solutions for a world without waste","description":"We offer integrated environmental services for companies. We advise, inspire sustainability and close raw material cycles. Get to know us!","robots":{"index":"index","follow":"follow","max-snippet":"max-snippet:-1","max-image-preview":"max-image-preview:large","max-video-preview":"max-video-preview:-1"},"canonical":"https:\/\/interzero.pl\/en\/about-company\/investor-relations\/izooo-investor-relations\/","og_locale":"en_GB","og_type":"article","og_title":"Interzero Polska | Rozwi\u0105zania dla \u015bwiata bez odpad\u00f3w","og_description":"Oferujemy zintegrowane us\u0142ugi \u015brodowiskowe dla firm. Doradzamy, inspirujemy do zr\u00f3wnowa\u017conego rozwoju i zamykamy obiegi surowc\u00f3w. Poznaj nas!","og_url":"https:\/\/interzero.pl\/en\/about-company\/investor-relations\/izooo-investor-relations\/","og_site_name":"Interzero Polska","article_publisher":"https:\/\/www.facebook.com\/InterzeroPolska","article_modified_time":"2023-05-24T11:01:28+00:00","twitter_card":"summary_large_image","twitter_misc":{"Estimated reading time":"5 minutes"},"schema":{"@context":"https:\/\/schema.org","@graph":[{"@type":"WebPage","@id":"https:\/\/interzero.pl\/about-company\/investor-relations\/izooo-investor-relations\/","url":"https:\/\/interzero.pl\/about-company\/investor-relations\/izooo-investor-relations\/","name":"Interzero Polska | Solutions for a world without waste","isPartOf":{"@id":"https:\/\/interzero.pl\/#website"},"datePublished":"2023-02-28T22:23:19+00:00","dateModified":"2023-05-24T11:01:28+00:00","description":"We offer integrated environmental services for companies. We advise, inspire sustainability and close raw material cycles. Get to know us!","breadcrumb":{"@id":"https:\/\/interzero.pl\/about-company\/investor-relations\/izooo-investor-relations\/#breadcrumb"},"inLanguage":"en-GB","potentialAction":[{"@type":"ReadAction","target":["https:\/\/interzero.pl\/about-company\/investor-relations\/izooo-investor-relations\/"]}]},{"@type":"BreadcrumbList","@id":"https:\/\/interzero.pl\/about-company\/investor-relations\/izooo-investor-relations\/#breadcrumb","itemListElement":[{"@type":"ListItem","position":1,"name":"Home","item":"https:\/\/interzero.pl\/"},{"@type":"ListItem","position":2,"name":"About company","item":"https:\/\/interzero.pl\/about-company\/"},{"@type":"ListItem","position":3,"name":"Investor Relations","item":"https:\/\/interzero.pl\/about-company\/investor-relations\/"},{"@type":"ListItem","position":4,"name":"IZOOO Investor Relations"}]},{"@type":"WebSite","@id":"https:\/\/interzero.pl\/#website","url":"https:\/\/interzero.pl\/","name":"Interzero Polska | Solutions for a world without waste","description":"We provide innovative and comprehensive environmental solutions.","publisher":{"@id":"https:\/\/interzero.pl\/#organization"},"potentialAction":[{"@type":"SearchAction","target":{"@type":"EntryPoint","urlTemplate":"https:\/\/interzero.pl\/?s={search_term_string}"},"query-input":{"@type":"PropertyValueSpecification","valueRequired":true,"valueName":"search_term_string"}}],"inLanguage":"en-GB"},{"@type":"Organization","@id":"https:\/\/interzero.pl\/#organization","name":"Interzero Poland","url":"https:\/\/interzero.pl\/","logo":{"@type":"ImageObject","inLanguage":"en-GB","@id":"https:\/\/interzero.pl\/#\/schema\/logo\/image\/","url":"https:\/\/interzero.pl\/wp-content\/uploads\/sites\/12\/2024\/07\/Interzero.png","contentUrl":"https:\/\/interzero.pl\/wp-content\/uploads\/sites\/12\/2024\/07\/Interzero.png","width":1920,"height":1080,"caption":"Interzero Polska"},"image":{"@id":"https:\/\/interzero.pl\/#\/schema\/logo\/image\/"},"sameAs":["https:\/\/www.facebook.com\/InterzeroPolska","https:\/\/www.linkedin.com\/company\/interzero-zero-waste-solutions\/"]}]}},"_links":{"self":[{"href":"https:\/\/interzero.pl\/en\/wp-json\/wp\/v2\/pages\/8607","targetHints":{"allow":["GET"]}}],"collection":[{"href":"https:\/\/interzero.pl\/en\/wp-json\/wp\/v2\/pages"}],"about":[{"href":"https:\/\/interzero.pl\/en\/wp-json\/wp\/v2\/types\/page"}],"author":[{"embeddable":true,"href":"https:\/\/interzero.pl\/en\/wp-json\/wp\/v2\/users\/6"}],"replies":[{"embeddable":true,"href":"https:\/\/interzero.pl\/en\/wp-json\/wp\/v2\/comments?post=8607"}],"version-history":[{"count":10,"href":"https:\/\/interzero.pl\/en\/wp-json\/wp\/v2\/pages\/8607\/revisions"}],"predecessor-version":[{"id":8714,"href":"https:\/\/interzero.pl\/en\/wp-json\/wp\/v2\/pages\/8607\/revisions\/8714"}],"up":[{"embeddable":true,"href":"https:\/\/interzero.pl\/en\/wp-json\/wp\/v2\/pages\/8675"}],"wp:attachment":[{"href":"https:\/\/interzero.pl\/en\/wp-json\/wp\/v2\/media?parent=8607"}],"wp:term":[{"taxonomy":"wf_page_folders","embeddable":true,"href":"https:\/\/interzero.pl\/en\/wp-json\/wp\/v2\/wf_page_folders?post=8607"}],"curies":[{"name":"wp","href":"https:\/\/api.w.org\/{rel}","templated":true}]}}