{"id":8541,"date":"2022-11-29T15:49:01","date_gmt":"2022-11-29T14:49:01","guid":{"rendered":"https:\/\/interzero.pl\/digital-services\/"},"modified":"2023-05-24T13:00:04","modified_gmt":"2023-05-24T11:00:04","slug":"digital-services","status":"publish","type":"page","link":"https:\/\/interzero.pl\/en\/digital-services\/","title":{"rendered":"digital services"},"content":{"rendered":"<div class=\"wpb-content-wrapper\"><div data-parent=\"true\" class=\"vc_row row-container\" id=\"row-unique-0\"><div class=\"row limit-width row-parent\"><div class=\"wpb_row row-inner\"><div class=\"wpb_column pos-top pos-center align_left column_parent col-lg-12 single-internal-gutter\"><div class=\"uncol style-light\"  ><div class=\"uncoltable\"><div class=\"uncell no-block-padding\" ><div class=\"uncont\" ><div class=\"uncode_text_column\" ><\/p>\n<h1>Unsere <strong>Dienstleistungsportale and Shops<\/strong> auf einen Blick<\/h1>\n<h4>Auftr\u00e4ge jederzeit und \u00fcberall einsehen, Top-Leistungen unkompliziert einkaufen und Informationen schnell abrufen - whirl bieten unseren Kunden den vollen Komfort von modernen Onlineshops. Nat\u00fcrlich k\u00f6nnen Sie uns auch jederzeit pers\u00f6nlich erreichen.<\/h4>\n<p>\n<\/div><\/div><\/div><\/div><\/div><\/div><script id=\"script-row-unique-0\" data-row=\"script-row-unique-0\" type=\"text\/javascript\" class=\"vc_controls\">UNCODE.initRow(document.getElementById(\"row-unique-0\"));<\/script><\/div><\/div><\/div><div data-parent=\"true\" class=\"vc_row row-container\" id=\"row-unique-1\"><div class=\"row single-top-padding double-bottom-padding single-h-padding limit-width row-parent\"><div class=\"wpb_row row-inner\"><div class=\"wpb_column pos-top pos-center align_left column_parent col-lg-12 single-internal-gutter\"><div class=\"uncol style-light\"  ><div class=\"uncoltable\"><div class=\"uncell no-block-padding\" ><div class=\"uncont\" ><div class=\"uncode_text_column\" ><\/p>\n<ul>\n<li>\n<h4><b>Portal for Mengenmeldung Interzero<\/b><\/h4>\n<p>Das Portal bietet Interzero-Kunden die M\u00f6glichkeit, Mengenmeldungen, beispielsweise Jahresabschluss- und Prognosemeldungen, einzureichen und zu \u00e4ndern sowie Vertragsdaten einzusehen und zu pr\u00fcfen. Zudem finden Kunden in dem Portal Informationen zu Zertifikaten und anstehenden Meldeterminen.<br \/>\n<a title=\"Opens external link in current window\" href=\"https:\/\/onlineportal.interzero-austria.com\/\" target=\"_blank\" rel=\"noopener noreferrer\">onlineportal.interzero-austria.com<\/a><\/li>\n<\/ul>\n<p>&nbsp;<\/p>\n<ul>\n<li>\n<h4><b>Portal f\u00fcr Mengenmeldung profitara<\/b><\/h4>\n<p>Das Portal bietet profitara-Kunden die M\u00f6glichkeit, Mengenmeldungen, beispielsweise Jahresabschluss- und Prognosemeldungen, einzureichen und zu \u00e4ndern sowie Vertragsdaten einzusehen und zu pr\u00fcfen. Zudem finden Kunden in dem Portal Informationen zu Zertifikaten und anstehenden Meldeterminen.<br \/>\n<a title=\"Opens external link in current window\" href=\"https:\/\/onlineportal.profitara.at\/\" target=\"_blank\" rel=\"noopener noreferrer\">onlineportal.profitara.at<\/a><\/li>\n<\/ul>\n<p>&nbsp;<\/p>\n<ul>\n<li>\n<h4><b>Online portal Vertragsbestellung<\/b><\/h4>\n<p>Neukunden von Interzero k\u00f6nnen im Vertrags-Webshop ihre in Umlauf gebrachten Verkaufsverpackungen comfortabel erstmalig lizieren. Mit der Eingabe der jeweiligen Mengen - unterteilt nach Fraktionen - der Registrierung und der Zahlung schlie\u00dfen sie den dazugeh\u00f6rigen Vertrag direkt ab.<br \/>\n<a title=\"Opens external link in current window\" href=\"https:\/\/www.interzero-vertragsbestellung.at\/\" target=\"_blank\" rel=\"noopener noreferrer\">interzero-vertragsbestellung.at<\/a><\/li>\n<\/ul>\n<p>&nbsp;<\/p>\n<ul>\n<li>\n<h4><b>ProductMachinen &amp; Service portal<\/b><\/h4>\n<p>F\u00fcr Kunden bieten wir auf unserem Produktportal alle technischen L\u00f6sungen, die Sie zur Erreichung nachhaltiger Herb unterst\u00fctzen. Von Abfallverdichtern bis zu Leergutr\u00fccknahmesysteme kann in mehreren Categoriesen die passende Maschine inklusive Service gefunden werden. Informieren Sie sich \u00fcber unsere Partner und treten Sie direkt mit unseren Expert*innen in Contact.<br \/>\n<a href=\"http:\/\/machines.l.interzero.at\/pl\">machines.l.interzero.at\/en<\/a><\/li>\n<\/ul>\n<p>&nbsp;<\/p>\n<ul>\n<li>\n<h4><b>Waste Management Webshop<\/b><\/h4>\n<p>\u00dcber unseren Waste Management Webshop k\u00f6nnen Sie ganz einfach und bequem Container &amp; Mulden zum Wunschtermin online bestellen. Zus\u00e4tzlich finden Sie dort unser umfangreiches Angebot an Ballenpressen und Presscontainern inklusive Zubeh\u00f6r.<br \/>\n<span style=\"color: #000119\"><span style=\"color: #000119\"><a title=\"Opens external link in current window\" href=\"https:\/\/shop.l.interzero.at\/pl\/\" target=\"_blank\" rel=\"noopener noreferrer\">shop.l.interzero.at\/en<\/a><\/span><\/span><\/li>\n<\/ul>\n<p>&nbsp;<\/p>\n<ul>\n<li>\n<h4><b>Waste Management Online Portal (RSI)<\/b><\/h4>\n<p>Bestellung von Containern und Entsorgungen f\u00fcr Waste Management Kunden (ehem. RSI-Kunden)<br \/>\n<a title=\"Opens external link in current window\" href=\"http:\/\/portal.l.interzero.at\/pl\/\" target=\"_blank\" rel=\"noopener noreferrer\">portal.l.interzero.at\/en<\/a><\/li>\n<\/ul>\n<p>&nbsp;<\/p>\n<ul>\n<li>\n<h4><b>resources SAVED-Portal<\/b><\/h4>\n<p>Mit seiner Arbeit tr\u00e4gt Interzero dazu bei, wertvolle Rohstoffe zur\u00fcckzugewinnen und nat\u00fcrliche Ressourcen zu schonen. Eine j\u00e4hrliche Studie des Fraunhofer-Instituts UMSICHT belegt die positiven \u00f6kologischen Effekte des Recyclings. Auf unserem Ressourcenschutz-Portal finden Sie Informationen zur Studie sowie den Login-Bereich f\u00fcr Ihre individual resources SAVED-Zertifikate.<br \/>\n<a title=\"Opens external link in current window\" href=\"http:\/\/www.resources-saved.com\/\" target=\"_blank\" rel=\"noopener noreferrer\">resources-saved.com<\/a><\/li>\n<\/ul>\n<p>\n<\/div><\/div><\/div><\/div><\/div><\/div><script id=\"script-row-unique-1\" data-row=\"script-row-unique-1\" type=\"text\/javascript\" class=\"vc_controls\">UNCODE.initRow(document.getElementById(\"row-unique-1\"));<\/script><\/div><\/div><\/div>\n<\/div>","protected":false},"excerpt":{"rendered":"Unsere Dienstleistungsportale and Shops auf einen Blick Auftr\u00e4ge jederzeit und \u00fcberall einsehen, Top-Leistungen unkompliziert einkaufen und Informationen schnell abrufen - [...].","protected":false},"author":4,"featured_media":0,"parent":0,"menu_order":10,"comment_status":"closed","ping_status":"closed","template":"","meta":{"_acf_changed":false,"inline_featured_image":false,"footnotes":""},"wf_page_folders":[76],"class_list":["post-8541","page","type-page","status-publish","hentry"],"acf":[],"yoast_head":"<!-- This site is optimized with the Yoast SEO plugin v26.4 - https:\/\/yoast.com\/wordpress\/plugins\/seo\/ -->\n<title>Interzero Polska | Rozwi\u0105zania dla \u015bwiata bez odpad\u00f3w<\/title>\n<meta name=\"description\" content=\"Oferujemy zintegrowane us\u0142ugi \u015brodowiskowe dla firm. Doradzamy, inspirujemy do zr\u00f3wnowa\u017conego rozwoju i zamykamy obiegi surowc\u00f3w. Poznaj nas!\" \/>\n<meta name=\"robots\" content=\"index, follow, max-snippet:-1, max-image-preview:large, max-video-preview:-1\" \/>\n<link rel=\"canonical\" href=\"https:\/\/interzero.pl\/en\/digital-services\/\" \/>\n<meta property=\"og:locale\" content=\"en_GB\" \/>\n<meta property=\"og:type\" content=\"article\" \/>\n<meta property=\"og:title\" content=\"Interzero Polska | Rozwi\u0105zania dla \u015bwiata bez odpad\u00f3w\" \/>\n<meta property=\"og:description\" content=\"Oferujemy zintegrowane us\u0142ugi \u015brodowiskowe dla firm. Doradzamy, inspirujemy do zr\u00f3wnowa\u017conego rozwoju i zamykamy obiegi surowc\u00f3w. Poznaj nas!\" \/>\n<meta property=\"og:url\" content=\"https:\/\/interzero.pl\/en\/digital-services\/\" \/>\n<meta property=\"og:site_name\" content=\"Interzero Polska\" \/>\n<meta property=\"article:publisher\" content=\"https:\/\/www.facebook.com\/InterzeroPolska\" \/>\n<meta property=\"article:modified_time\" content=\"2023-05-24T11:00:04+00:00\" \/>\n<meta name=\"twitter:card\" content=\"summary_large_image\" \/>\n<meta name=\"twitter:label1\" content=\"Estimated reading time\" \/>\n\t<meta name=\"twitter:data1\" content=\"2 minutes\" \/>\n<script type=\"application\/ld+json\" class=\"yoast-schema-graph\">{\"@context\":\"https:\/\/schema.org\",\"@graph\":[{\"@type\":\"WebPage\",\"@id\":\"https:\/\/interzero.pl\/en\/digital-services\/\",\"url\":\"https:\/\/interzero.pl\/en\/digital-services\/\",\"name\":\"Interzero Polska | Rozwi\u0105zania dla \u015bwiata bez odpad\u00f3w\",\"isPartOf\":{\"@id\":\"https:\/\/interzero.pl\/#website\"},\"datePublished\":\"2022-11-29T14:49:01+00:00\",\"dateModified\":\"2023-05-24T11:00:04+00:00\",\"description\":\"Oferujemy zintegrowane us\u0142ugi \u015brodowiskowe dla firm. Doradzamy, inspirujemy do zr\u00f3wnowa\u017conego rozwoju i zamykamy obiegi surowc\u00f3w. Poznaj nas!\",\"breadcrumb\":{\"@id\":\"https:\/\/interzero.pl\/en\/digital-services\/#breadcrumb\"},\"inLanguage\":\"en-GB\",\"potentialAction\":[{\"@type\":\"ReadAction\",\"target\":[\"https:\/\/interzero.pl\/en\/digital-services\/\"]}]},{\"@type\":\"BreadcrumbList\",\"@id\":\"https:\/\/interzero.pl\/en\/digital-services\/#breadcrumb\",\"itemListElement\":[{\"@type\":\"ListItem\",\"position\":1,\"name\":\"Home\",\"item\":\"https:\/\/interzero.pl\/\"},{\"@type\":\"ListItem\",\"position\":2,\"name\":\"digital services\"}]},{\"@type\":\"WebSite\",\"@id\":\"https:\/\/interzero.pl\/#website\",\"url\":\"https:\/\/interzero.pl\/\",\"name\":\"Interzero Polska | Rozwi\u0105zania dla \u015bwiata bez odpad\u00f3w\",\"description\":\"Dostarczamy innowacyjne i kompleksowe rozwi\u0105zania  w zakresie ochrony \u015brodowiska.\",\"publisher\":{\"@id\":\"https:\/\/interzero.pl\/#organization\"},\"potentialAction\":[{\"@type\":\"SearchAction\",\"target\":{\"@type\":\"EntryPoint\",\"urlTemplate\":\"https:\/\/interzero.pl\/?s={search_term_string}\"},\"query-input\":{\"@type\":\"PropertyValueSpecification\",\"valueRequired\":true,\"valueName\":\"search_term_string\"}}],\"inLanguage\":\"en-GB\"},{\"@type\":\"Organization\",\"@id\":\"https:\/\/interzero.pl\/#organization\",\"name\":\"Interzero Polska\",\"url\":\"https:\/\/interzero.pl\/\",\"logo\":{\"@type\":\"ImageObject\",\"inLanguage\":\"en-GB\",\"@id\":\"https:\/\/interzero.pl\/#\/schema\/logo\/image\/\",\"url\":\"https:\/\/interzero.pl\/wp-content\/uploads\/sites\/12\/2024\/07\/Interzero.png\",\"contentUrl\":\"https:\/\/interzero.pl\/wp-content\/uploads\/sites\/12\/2024\/07\/Interzero.png\",\"width\":1920,\"height\":1080,\"caption\":\"Interzero Polska\"},\"image\":{\"@id\":\"https:\/\/interzero.pl\/#\/schema\/logo\/image\/\"},\"sameAs\":[\"https:\/\/www.facebook.com\/InterzeroPolska\",\"https:\/\/www.linkedin.com\/company\/interzero-zero-waste-solutions\/\"]}]}<\/script>\n<!-- \/ Yoast SEO plugin. -->","yoast_head_json":{"title":"Interzero Polska | Solutions for a world without waste","description":"We offer integrated environmental services for companies. We advise, inspire sustainability and close raw material cycles. Get to know us!","robots":{"index":"index","follow":"follow","max-snippet":"max-snippet:-1","max-image-preview":"max-image-preview:large","max-video-preview":"max-video-preview:-1"},"canonical":"https:\/\/interzero.pl\/en\/digital-services\/","og_locale":"en_GB","og_type":"article","og_title":"Interzero Polska | Rozwi\u0105zania dla \u015bwiata bez odpad\u00f3w","og_description":"Oferujemy zintegrowane us\u0142ugi \u015brodowiskowe dla firm. Doradzamy, inspirujemy do zr\u00f3wnowa\u017conego rozwoju i zamykamy obiegi surowc\u00f3w. Poznaj nas!","og_url":"https:\/\/interzero.pl\/en\/digital-services\/","og_site_name":"Interzero Polska","article_publisher":"https:\/\/www.facebook.com\/InterzeroPolska","article_modified_time":"2023-05-24T11:00:04+00:00","twitter_card":"summary_large_image","twitter_misc":{"Estimated reading time":"2 minutes"},"schema":{"@context":"https:\/\/schema.org","@graph":[{"@type":"WebPage","@id":"https:\/\/interzero.pl\/en\/digital-services\/","url":"https:\/\/interzero.pl\/en\/digital-services\/","name":"Interzero Polska | Solutions for a world without waste","isPartOf":{"@id":"https:\/\/interzero.pl\/#website"},"datePublished":"2022-11-29T14:49:01+00:00","dateModified":"2023-05-24T11:00:04+00:00","description":"We offer integrated environmental services for companies. We advise, inspire sustainability and close raw material cycles. Get to know us!","breadcrumb":{"@id":"https:\/\/interzero.pl\/en\/digital-services\/#breadcrumb"},"inLanguage":"en-GB","potentialAction":[{"@type":"ReadAction","target":["https:\/\/interzero.pl\/en\/digital-services\/"]}]},{"@type":"BreadcrumbList","@id":"https:\/\/interzero.pl\/en\/digital-services\/#breadcrumb","itemListElement":[{"@type":"ListItem","position":1,"name":"Home","item":"https:\/\/interzero.pl\/"},{"@type":"ListItem","position":2,"name":"digital services"}]},{"@type":"WebSite","@id":"https:\/\/interzero.pl\/#website","url":"https:\/\/interzero.pl\/","name":"Interzero Polska | Solutions for a world without waste","description":"We provide innovative and comprehensive environmental solutions.","publisher":{"@id":"https:\/\/interzero.pl\/#organization"},"potentialAction":[{"@type":"SearchAction","target":{"@type":"EntryPoint","urlTemplate":"https:\/\/interzero.pl\/?s={search_term_string}"},"query-input":{"@type":"PropertyValueSpecification","valueRequired":true,"valueName":"search_term_string"}}],"inLanguage":"en-GB"},{"@type":"Organization","@id":"https:\/\/interzero.pl\/#organization","name":"Interzero Poland","url":"https:\/\/interzero.pl\/","logo":{"@type":"ImageObject","inLanguage":"en-GB","@id":"https:\/\/interzero.pl\/#\/schema\/logo\/image\/","url":"https:\/\/interzero.pl\/wp-content\/uploads\/sites\/12\/2024\/07\/Interzero.png","contentUrl":"https:\/\/interzero.pl\/wp-content\/uploads\/sites\/12\/2024\/07\/Interzero.png","width":1920,"height":1080,"caption":"Interzero Polska"},"image":{"@id":"https:\/\/interzero.pl\/#\/schema\/logo\/image\/"},"sameAs":["https:\/\/www.facebook.com\/InterzeroPolska","https:\/\/www.linkedin.com\/company\/interzero-zero-waste-solutions\/"]}]}},"_links":{"self":[{"href":"https:\/\/interzero.pl\/en\/wp-json\/wp\/v2\/pages\/8541","targetHints":{"allow":["GET"]}}],"collection":[{"href":"https:\/\/interzero.pl\/en\/wp-json\/wp\/v2\/pages"}],"about":[{"href":"https:\/\/interzero.pl\/en\/wp-json\/wp\/v2\/types\/page"}],"author":[{"embeddable":true,"href":"https:\/\/interzero.pl\/en\/wp-json\/wp\/v2\/users\/4"}],"replies":[{"embeddable":true,"href":"https:\/\/interzero.pl\/en\/wp-json\/wp\/v2\/comments?post=8541"}],"version-history":[{"count":2,"href":"https:\/\/interzero.pl\/en\/wp-json\/wp\/v2\/pages\/8541\/revisions"}],"predecessor-version":[{"id":8551,"href":"https:\/\/interzero.pl\/en\/wp-json\/wp\/v2\/pages\/8541\/revisions\/8551"}],"wp:attachment":[{"href":"https:\/\/interzero.pl\/en\/wp-json\/wp\/v2\/media?parent=8541"}],"wp:term":[{"taxonomy":"wf_page_folders","embeddable":true,"href":"https:\/\/interzero.pl\/en\/wp-json\/wp\/v2\/wf_page_folders?post=8541"}],"curies":[{"name":"wp","href":"https:\/\/api.w.org\/{rel}","templated":true}]}}