{"id":8493,"date":"2022-11-21T13:26:36","date_gmt":"2022-11-21T12:26:36","guid":{"rendered":"https:\/\/interzero.pl\/board-in-poland\/"},"modified":"2024-11-26T10:55:02","modified_gmt":"2024-11-26T09:55:02","slug":"board-in-poland","status":"publish","type":"page","link":"https:\/\/interzero.pl\/en\/about-company\/board-in-poland\/","title":{"rendered":"Board in Poland"},"content":{"rendered":"<div class=\"wpb-content-wrapper\"><div data-parent=\"true\" class=\"vc_row row-container\" id=\"row-unique-0\"><div class=\"row double-top-padding double-bottom-padding single-h-padding limit-width row-parent\"><div class=\"wpb_row row-inner\"><div class=\"wpb_column pos-top pos-center align_center column_parent col-lg-12 single-internal-gutter\"><div class=\"uncol style-light\"  ><div class=\"uncoltable\"><div class=\"uncell no-block-padding\" ><div class=\"uncont\" ><div class=\"vc_custom_heading_wrap\"><div class=\"heading-text el-text\" ><\/p>\n<h1><b>Interzero management:<\/b> responsibility for customers, employees and the environment<\/h1>\n<p>\n<\/div><div class=\"clear\"><\/div><\/div><\/div><\/div><\/div><\/div><\/div><script id=\"script-row-unique-0\" data-row=\"script-row-unique-0\" type=\"text\/javascript\" class=\"vc_controls\">UNCODE.initRow(document.getElementById(\"row-unique-0\"));<\/script><\/div><\/div><\/div><div data-parent=\"true\" class=\"vc_row row-container\" id=\"row-unique-1\"><div class=\"row limit-width row-parent\"><div class=\"wpb_row row-inner\"><div class=\"wpb_column pos-top pos-center align_left column_parent col-lg-12 single-internal-gutter\"><div class=\"uncol style-light\"  ><div class=\"uncoltable\"><div class=\"uncell no-block-padding\" ><div class=\"uncont\" ><div class=\"uncode_text_column\" ><\/p>\n<h2 style=\"text-align: center\">Interzero Organizacja Odzysku Opakowan SA was established in order to fulfil the obligations for Polish customers under the Act on Obligations of Entrepreneurs in the Field of Waste Management and on Product and Deposit Fees.<\/h2>\n<p>\n<\/div><\/div><\/div><\/div><\/div><\/div><script id=\"script-row-unique-1\" data-row=\"script-row-unique-1\" type=\"text\/javascript\" class=\"vc_controls\">UNCODE.initRow(document.getElementById(\"row-unique-1\"));<\/script><\/div><\/div><\/div><div data-parent=\"true\" class=\"vc_row vc_custom_1677843128886 row-container\" style=\"border-bottom-width: 0px ;padding-top: 0px ;padding-bottom: 0px ;\" id=\"row-unique-2\"><div class=\"row single-top-padding double-bottom-padding single-h-padding limit-width row-parent\"><div class=\"wpb_row row-inner\"><div class=\"wpb_column pos-middle pos-center align_left column_parent col-lg-6 single-internal-gutter shift-col-wa\"><div class=\"uncol style-light shift_y_down_half\"  ><div class=\"uncoltable\"><div class=\"uncell no-block-padding\" ><div class=\"uncont\" ><div class=\"uncode-single-media  text-center\"><div class=\"single-wrapper\" style=\"max-width: 50%;\"><div class=\"tmb tmb-light  img-round tmb-img-ratio tmb-media-first tmb-media-last tmb-content-overlay tmb-no-bg\"><div class=\"t-inside\"><div class=\"t-entry-visual\"><div class=\"t-entry-visual-tc\"><div class=\"uncode-single-media-wrapper img-round\"><div class=\"dummy\" style=\"padding-top: 100%;\"><\/div><img decoding=\"async\" class=\"wp-image-6230\" src=\"https:\/\/interzero.pl\/wp-content\/uploads\/sites\/12\/2023\/03\/4.png\" width=\"720\" height=\"720\" alt=\"Anna Grom - Prezeska Interzero Polska, Head of Interzero Circular Solutions Europe\" srcset=\"https:\/\/interzero.pl\/wp-content\/uploads\/sites\/12\/2023\/03\/4.png 720w, https:\/\/interzero.pl\/wp-content\/uploads\/sites\/12\/2023\/03\/4-300x300.png 300w, https:\/\/interzero.pl\/wp-content\/uploads\/sites\/12\/2023\/03\/4-150x150.png 150w, https:\/\/interzero.pl\/wp-content\/uploads\/sites\/12\/2023\/03\/4-250x250.png 250w, https:\/\/interzero.pl\/wp-content\/uploads\/sites\/12\/2023\/03\/4-350x350.png 350w, https:\/\/interzero.pl\/wp-content\/uploads\/sites\/12\/2023\/03\/4-348x348.png 348w\" sizes=\"(max-width: 720px) 100vw, 720px\" \/><\/div>\n\t\t\t\t\t<\/div>\n\t\t\t\t<\/div><\/div><\/div><\/div><\/div><\/div><\/div><\/div><\/div><\/div><div class=\"wpb_column pos-top pos-center align_left column_parent col-lg-6 single-internal-gutter\"><div class=\"uncol style-light\"  ><div class=\"uncoltable\"><div class=\"uncell no-block-padding\" ><div class=\"uncont\" ><div class=\"uncode_text_column\" ><p><em>\"Interzero's activities and services are designed to support entrepreneurs who have to find themselves in the reality governed by the principles of extended producer responsibility. Every year, we try to help a growing group of entrepreneurs - currently there are about 9,500 entities - who want to take further responsible steps in the field of environmental protection by developing their business. We advise, take over environmental responsibilities, educate so that the appropriate design of packaging, as well as their subsequent recycling, take place in compliance with the highest standards.<\/em><\/p>\n<\/div><div class=\"uncode_text_column\" ><\/p>\n<h4><b>Anna Grom<\/b> - Head of Interzero Circular Solutions Europe<\/h4>\n<p>\n<\/div><\/div><\/div><\/div><\/div><\/div><script id=\"script-row-unique-2\" data-row=\"script-row-unique-2\" type=\"text\/javascript\" class=\"vc_controls\">UNCODE.initRow(document.getElementById(\"row-unique-2\"));<\/script><\/div><\/div><\/div><div data-parent=\"true\" class=\"vc_row inverted-device-order row-container\" id=\"row-unique-3\"><div class=\"row single-top-padding double-bottom-padding single-h-padding limit-width row-parent\"><div class=\"wpb_row row-inner\"><div class=\"wpb_column pos-top pos-center align_left column_parent col-lg-6 single-internal-gutter\"><div class=\"uncol style-light\"  ><div class=\"uncoltable\"><div class=\"uncell no-block-padding\" ><div class=\"uncont\" ><div class=\"uncode_text_column\" ><\/p>\n<p style=\"text-align: right\"><em>\"Interzero is a team of experts with many years of experience in the field of environmental protection. We provide the highest quality services and solutions in this field.<br \/>\n Our offer includes comprehensive solutions thanks to which our partners can function safely in the currently difficult legal framework. Interzero's goal is to build long-term partnerships with clients, through which we help achieve business excellence. Cooperation with us is a benefit for the environment and profit for companies.\"<\/em><\/p>\n<p>\n<\/div><div class=\"uncode_text_column\" ><\/p>\n<h4 style=\"text-align: right\"><b>Pawel Lesiak<\/b> - Vice President of the Management Board<\/h4>\n<p>\n<\/div><\/div><\/div><\/div><\/div><\/div><div class=\"wpb_column pos-middle pos-center align_left column_parent col-lg-6 single-internal-gutter shift-col-wa\"><div class=\"uncol style-light shift_y_neg_single shift_y_down_half\"  ><div class=\"uncoltable\"><div class=\"uncell no-block-padding\" ><div class=\"uncont\" ><div class=\"uncode-single-media  text-center\"><div class=\"single-wrapper\" style=\"max-width: 50%;\"><div class=\"tmb tmb-light  img-round tmb-img-ratio tmb-media-first tmb-media-last tmb-content-overlay tmb-no-bg\"><div class=\"t-inside\"><div class=\"t-entry-visual\"><div class=\"t-entry-visual-tc\"><div class=\"uncode-single-media-wrapper img-round\"><div class=\"dummy\" style=\"padding-top: 100%;\"><\/div><img decoding=\"async\" class=\"wp-image-6228\" src=\"https:\/\/interzero.pl\/wp-content\/uploads\/sites\/12\/2023\/03\/2.png\" width=\"720\" height=\"720\" alt=\"Pawe&#322; Lesiak - Wiceprezes zarz&#261;du Interzero POlska\" srcset=\"https:\/\/interzero.pl\/wp-content\/uploads\/sites\/12\/2023\/03\/2.png 720w, https:\/\/interzero.pl\/wp-content\/uploads\/sites\/12\/2023\/03\/2-300x300.png 300w, https:\/\/interzero.pl\/wp-content\/uploads\/sites\/12\/2023\/03\/2-150x150.png 150w, https:\/\/interzero.pl\/wp-content\/uploads\/sites\/12\/2023\/03\/2-250x250.png 250w, https:\/\/interzero.pl\/wp-content\/uploads\/sites\/12\/2023\/03\/2-350x350.png 350w, https:\/\/interzero.pl\/wp-content\/uploads\/sites\/12\/2023\/03\/2-348x348.png 348w\" sizes=\"(max-width: 720px) 100vw, 720px\" \/><\/div>\n\t\t\t\t\t<\/div>\n\t\t\t\t<\/div><\/div><\/div><\/div><\/div><\/div><\/div><\/div><\/div><\/div><script id=\"script-row-unique-3\" data-row=\"script-row-unique-3\" type=\"text\/javascript\" class=\"vc_controls\">UNCODE.initRow(document.getElementById(\"row-unique-3\"));<\/script><\/div><\/div><\/div><div data-parent=\"true\" class=\"vc_row inverted-device-order row-container\" id=\"row-unique-4\"><div class=\"row single-top-padding double-bottom-padding single-h-padding limit-width row-parent\"><div class=\"wpb_row row-inner\"><div class=\"wpb_column pos-middle pos-center align_left column_parent col-lg-6 single-internal-gutter shift-col-wa\"><div class=\"uncol style-light shift_y_neg_single shift_y_down_neg_half\"  ><div class=\"uncoltable\"><div class=\"uncell no-block-padding\" ><div class=\"uncont\" ><div class=\"uncode-single-media  text-center\"><div class=\"single-wrapper\" style=\"max-width: 50%;\"><div class=\"tmb tmb-light  img-round tmb-img-ratio tmb-media-first tmb-media-last tmb-content-overlay tmb-no-bg\"><div class=\"t-inside\"><div class=\"t-entry-visual\"><div class=\"t-entry-visual-tc\"><div class=\"uncode-single-media-wrapper img-round\"><div class=\"dummy\" style=\"padding-top: 100%;\"><\/div><img decoding=\"async\" class=\"wp-image-6229\" src=\"https:\/\/interzero.pl\/wp-content\/uploads\/sites\/12\/2023\/03\/3.png\" width=\"720\" height=\"720\" alt=\"Monika Grom - Wiceprezes zarz&#261;du Interzero Polska\" srcset=\"https:\/\/interzero.pl\/wp-content\/uploads\/sites\/12\/2023\/03\/3.png 720w, https:\/\/interzero.pl\/wp-content\/uploads\/sites\/12\/2023\/03\/3-300x300.png 300w, https:\/\/interzero.pl\/wp-content\/uploads\/sites\/12\/2023\/03\/3-150x150.png 150w, https:\/\/interzero.pl\/wp-content\/uploads\/sites\/12\/2023\/03\/3-250x250.png 250w, https:\/\/interzero.pl\/wp-content\/uploads\/sites\/12\/2023\/03\/3-350x350.png 350w, https:\/\/interzero.pl\/wp-content\/uploads\/sites\/12\/2023\/03\/3-348x348.png 348w\" sizes=\"(max-width: 720px) 100vw, 720px\" \/><\/div>\n\t\t\t\t\t<\/div>\n\t\t\t\t<\/div><\/div><\/div><\/div><\/div><\/div><\/div><\/div><\/div><\/div><div class=\"wpb_column pos-top pos-center align_left column_parent col-lg-6 single-internal-gutter\"><div class=\"uncol style-light\"  ><div class=\"uncoltable\"><div class=\"uncell no-block-padding\" ><div class=\"uncont\" ><div class=\"uncode_text_column\" ><p><em><span class=\"ui-provider xh b c d e f g h i j k l m n o p q r s t u v w x y z ab ac ae af ag ah ai aj ak\" dir=\"ltr\">\"As an industry leader, we know that the way to sustainable development is to effectively close the circulation of raw materials. It enables the development and increase of profitability while respecting the ecosystems and natural resources of the Earth. We provide our clients with solutions in the field of environmental protection tailored to their needs. We offer professional service and expert advice in the field of waste management, recycling and environmental law. We also provide a number of innovative digital tools that support the processes that entrepreneurs face on a daily basis in their business in a modern way.\"<\/span><\/em><\/p>\n<\/div><div class=\"uncode_text_column\" ><\/p>\n<h4><b>Monika Grom<\/b> - Vice President of the Management Board<\/h4>\n<p>\n<\/div><\/div><\/div><\/div><\/div><\/div><script id=\"script-row-unique-4\" data-row=\"script-row-unique-4\" type=\"text\/javascript\" class=\"vc_controls\">UNCODE.initRow(document.getElementById(\"row-unique-4\"));<\/script><\/div><\/div><\/div><div data-parent=\"true\" class=\"vc_row inverted-device-order row-container\" id=\"row-unique-5\"><div class=\"row single-top-padding double-bottom-padding single-h-padding limit-width row-parent\"><div class=\"wpb_row row-inner\"><div class=\"wpb_column pos-top pos-center align_left column_parent col-lg-6 single-internal-gutter\"><div class=\"uncol style-light\"  ><div class=\"uncoltable\"><div class=\"uncell no-block-padding\" ><div class=\"uncont\" ><div class=\"uncode_text_column\" ><\/p>\n<p style=\"text-align: right\"><em>\"As a recovery organisation and a leader in the environmental protection industry, we want to create as many opportunities as possible to discuss current problems and future challenges that the legislator places before us. Our goal is to actively participate in shaping a new reality that will be governed by the principles of extended producer responsibility. As a Member of the Management Board, my priority will be to further strengthen relationships with our clients. I plan to introduce a more individualised approach to customer service to better meet their needs and expectations.\"<\/em><\/p>\n<p>\n<\/div><div class=\"uncode_text_column\" ><\/p>\n<h4 style=\"text-align: right\"><b>Agata Ry\u015b<\/b> - Member of the Management Board<\/h4>\n<p>\n<\/div><\/div><\/div><\/div><\/div><\/div><div class=\"wpb_column pos-middle pos-center align_left column_parent col-lg-6 single-internal-gutter shift-col-wa\"><div class=\"uncol style-light shift_y_neg_single shift_y_down_half\"  ><div class=\"uncoltable\"><div class=\"uncell no-block-padding\" ><div class=\"uncont\" ><div class=\"uncode-single-media  text-center\"><div class=\"single-wrapper\" style=\"max-width: 50%;\"><div class=\"tmb tmb-light  img-round tmb-img-ratio tmb-media-first tmb-media-last tmb-content-overlay tmb-no-bg\"><div class=\"t-inside\"><div class=\"t-entry-visual\"><div class=\"t-entry-visual-tc\"><div class=\"uncode-single-media-wrapper img-round\"><div class=\"dummy\" style=\"padding-top: 100%;\"><\/div><img decoding=\"async\" class=\"wp-image-16724\" src=\"https:\/\/interzero.pl\/wp-content\/uploads\/sites\/12\/2024\/10\/Agata-Rys.jpg\" width=\"1080\" height=\"1080\" alt=\"Agata Ry&#347;, cz&#322;onek zarz&#261;du interzero\" srcset=\"https:\/\/interzero.pl\/wp-content\/uploads\/sites\/12\/2024\/10\/Agata-Rys.jpg 1080w, https:\/\/interzero.pl\/wp-content\/uploads\/sites\/12\/2024\/10\/Agata-Rys-300x300.jpg 300w, https:\/\/interzero.pl\/wp-content\/uploads\/sites\/12\/2024\/10\/Agata-Rys-1024x1024.jpg 1024w, https:\/\/interzero.pl\/wp-content\/uploads\/sites\/12\/2024\/10\/Agata-Rys-150x150.jpg 150w, https:\/\/interzero.pl\/wp-content\/uploads\/sites\/12\/2024\/10\/Agata-Rys-768x768.jpg 768w, https:\/\/interzero.pl\/wp-content\/uploads\/sites\/12\/2024\/10\/Agata-Rys-350x350.jpg 350w, https:\/\/interzero.pl\/wp-content\/uploads\/sites\/12\/2024\/10\/Agata-Rys-348x348.jpg 348w, https:\/\/interzero.pl\/wp-content\/uploads\/sites\/12\/2024\/10\/Agata-Rys-uai-1032x1032.jpg 1032w, https:\/\/interzero.pl\/wp-content\/uploads\/sites\/12\/2024\/10\/Agata-Rys-uai-258x258.jpg 258w, https:\/\/interzero.pl\/wp-content\/uploads\/sites\/12\/2024\/10\/Agata-Rys-uai-720x720.jpg 720w, https:\/\/interzero.pl\/wp-content\/uploads\/sites\/12\/2024\/10\/Agata-Rys-uai-516x516.jpg 516w\" sizes=\"(max-width: 1080px) 100vw, 1080px\" \/><\/div>\n\t\t\t\t\t<\/div>\n\t\t\t\t<\/div><\/div><\/div><\/div><\/div><\/div><\/div><\/div><\/div><\/div><script id=\"script-row-unique-5\" data-row=\"script-row-unique-5\" type=\"text\/javascript\" class=\"vc_controls\">UNCODE.initRow(document.getElementById(\"row-unique-5\"));<\/script><\/div><\/div><\/div>\n<\/div>","protected":false},"excerpt":{"rendered":"Interzero management: responsibility for customers, employees and the environment Interzero Organizacja Odzysku Opakowan SA was established in order to fulfil [...].","protected":false},"author":18,"featured_media":7322,"parent":8497,"menu_order":120,"comment_status":"closed","ping_status":"closed","template":"","meta":{"_acf_changed":false,"inline_featured_image":false,"footnotes":""},"wf_page_folders":[76],"class_list":["post-8493","page","type-page","status-publish","has-post-thumbnail","hentry","page_category-en"],"acf":[],"yoast_head":"<!-- This site is optimized with the Yoast SEO plugin v26.4 - https:\/\/yoast.com\/wordpress\/plugins\/seo\/ -->\n<title>Interzero Management Board - get to know our goals and values<\/title>\n<meta name=\"description\" content=\"Interzero has been supporting entrepreneurs in their pursuit of sustainable development for years. Get to know the goals and ideals that guide the management of Interzero in Poland\" \/>\n<meta name=\"robots\" content=\"index, follow, max-snippet:-1, max-image-preview:large, max-video-preview:-1\" \/>\n<link rel=\"canonical\" href=\"https:\/\/interzero.pl\/en\/about-company\/board-in-poland\/\" \/>\n<meta property=\"og:locale\" content=\"en_GB\" \/>\n<meta property=\"og:type\" content=\"article\" \/>\n<meta property=\"og:title\" content=\"Interzero Management Board - get to know our goals and values\" \/>\n<meta property=\"og:description\" content=\"Interzero has been supporting entrepreneurs in their pursuit of sustainable development for years. Get to know the goals and ideals that guide the management of Interzero in Poland\" \/>\n<meta property=\"og:url\" content=\"https:\/\/interzero.pl\/en\/about-company\/board-in-poland\/\" \/>\n<meta property=\"og:site_name\" content=\"Interzero Polska\" \/>\n<meta property=\"article:publisher\" content=\"https:\/\/www.facebook.com\/InterzeroPolska\" \/>\n<meta property=\"article:modified_time\" content=\"2024-11-26T09:55:02+00:00\" \/>\n<meta property=\"og:image\" content=\"https:\/\/interzero.pl\/wp-content\/uploads\/sites\/12\/2022\/10\/interzero-nachhalti-2022_1870x555.jpg\" \/>\n\t<meta property=\"og:image:width\" content=\"1870\" \/>\n\t<meta property=\"og:image:height\" content=\"555\" \/>\n\t<meta property=\"og:image:type\" content=\"image\/jpeg\" \/>\n<meta name=\"twitter:card\" content=\"summary_large_image\" \/>\n<meta name=\"twitter:label1\" content=\"Estimated reading time\" \/>\n\t<meta name=\"twitter:data1\" content=\"5 minutes\" \/>\n<script type=\"application\/ld+json\" class=\"yoast-schema-graph\">{\"@context\":\"https:\/\/schema.org\",\"@graph\":[{\"@type\":\"WebPage\",\"@id\":\"https:\/\/interzero.pl\/about-company\/board-in-poland\/\",\"url\":\"https:\/\/interzero.pl\/about-company\/board-in-poland\/\",\"name\":\"Interzero Management Board - get to know our goals and values\",\"isPartOf\":{\"@id\":\"https:\/\/interzero.pl\/#website\"},\"primaryImageOfPage\":{\"@id\":\"https:\/\/interzero.pl\/about-company\/board-in-poland\/#primaryimage\"},\"image\":{\"@id\":\"https:\/\/interzero.pl\/about-company\/board-in-poland\/#primaryimage\"},\"thumbnailUrl\":\"https:\/\/interzero.pl\/wp-content\/uploads\/sites\/12\/2022\/10\/interzero-nachhalti-2022_1870x555.jpg\",\"datePublished\":\"2022-11-21T12:26:36+00:00\",\"dateModified\":\"2024-11-26T09:55:02+00:00\",\"description\":\"Interzero has been supporting entrepreneurs in their pursuit of sustainable development for years. Get to know the goals and ideals that guide the management of Interzero in Poland\",\"breadcrumb\":{\"@id\":\"https:\/\/interzero.pl\/about-company\/board-in-poland\/#breadcrumb\"},\"inLanguage\":\"en-GB\",\"potentialAction\":[{\"@type\":\"ReadAction\",\"target\":[\"https:\/\/interzero.pl\/about-company\/board-in-poland\/\"]}]},{\"@type\":\"ImageObject\",\"inLanguage\":\"en-GB\",\"@id\":\"https:\/\/interzero.pl\/about-company\/board-in-poland\/#primaryimage\",\"url\":\"https:\/\/interzero.pl\/wp-content\/uploads\/sites\/12\/2022\/10\/interzero-nachhalti-2022_1870x555.jpg\",\"contentUrl\":\"https:\/\/interzero.pl\/wp-content\/uploads\/sites\/12\/2022\/10\/interzero-nachhalti-2022_1870x555.jpg\",\"width\":1870,\"height\":555,\"caption\":\"m\u0119\u017cczyzna spaceruje brzegiem kamienistego, g\u00f3rskiego jeziora\"},{\"@type\":\"BreadcrumbList\",\"@id\":\"https:\/\/interzero.pl\/about-company\/board-in-poland\/#breadcrumb\",\"itemListElement\":[{\"@type\":\"ListItem\",\"position\":1,\"name\":\"Home\",\"item\":\"https:\/\/interzero.pl\/\"},{\"@type\":\"ListItem\",\"position\":2,\"name\":\"About company\",\"item\":\"https:\/\/interzero.pl\/about-company\/\"},{\"@type\":\"ListItem\",\"position\":3,\"name\":\"Board in Poland\"}]},{\"@type\":\"WebSite\",\"@id\":\"https:\/\/interzero.pl\/#website\",\"url\":\"https:\/\/interzero.pl\/\",\"name\":\"Interzero Polska | Rozwi\u0105zania dla \u015bwiata bez odpad\u00f3w\",\"description\":\"Dostarczamy innowacyjne i kompleksowe rozwi\u0105zania  w zakresie ochrony \u015brodowiska.\",\"publisher\":{\"@id\":\"https:\/\/interzero.pl\/#organization\"},\"potentialAction\":[{\"@type\":\"SearchAction\",\"target\":{\"@type\":\"EntryPoint\",\"urlTemplate\":\"https:\/\/interzero.pl\/?s={search_term_string}\"},\"query-input\":{\"@type\":\"PropertyValueSpecification\",\"valueRequired\":true,\"valueName\":\"search_term_string\"}}],\"inLanguage\":\"en-GB\"},{\"@type\":\"Organization\",\"@id\":\"https:\/\/interzero.pl\/#organization\",\"name\":\"Interzero Polska\",\"url\":\"https:\/\/interzero.pl\/\",\"logo\":{\"@type\":\"ImageObject\",\"inLanguage\":\"en-GB\",\"@id\":\"https:\/\/interzero.pl\/#\/schema\/logo\/image\/\",\"url\":\"https:\/\/interzero.pl\/wp-content\/uploads\/sites\/12\/2024\/07\/Interzero.png\",\"contentUrl\":\"https:\/\/interzero.pl\/wp-content\/uploads\/sites\/12\/2024\/07\/Interzero.png\",\"width\":1920,\"height\":1080,\"caption\":\"Interzero Polska\"},\"image\":{\"@id\":\"https:\/\/interzero.pl\/#\/schema\/logo\/image\/\"},\"sameAs\":[\"https:\/\/www.facebook.com\/InterzeroPolska\",\"https:\/\/www.linkedin.com\/company\/interzero-zero-waste-solutions\/\"]}]}<\/script>\n<!-- \/ Yoast SEO plugin. -->","yoast_head_json":{"title":"Interzero Management Board - get to know our goals and values","description":"Interzero has been supporting entrepreneurs in their pursuit of sustainable development for years. Get to know the goals and ideals that guide the management of Interzero in Poland","robots":{"index":"index","follow":"follow","max-snippet":"max-snippet:-1","max-image-preview":"max-image-preview:large","max-video-preview":"max-video-preview:-1"},"canonical":"https:\/\/interzero.pl\/en\/about-company\/board-in-poland\/","og_locale":"en_GB","og_type":"article","og_title":"Interzero Management Board - get to know our goals and values","og_description":"Interzero has been supporting entrepreneurs in their pursuit of sustainable development for years. Get to know the goals and ideals that guide the management of Interzero in Poland","og_url":"https:\/\/interzero.pl\/en\/about-company\/board-in-poland\/","og_site_name":"Interzero Polska","article_publisher":"https:\/\/www.facebook.com\/InterzeroPolska","article_modified_time":"2024-11-26T09:55:02+00:00","og_image":[{"width":1870,"height":555,"url":"https:\/\/interzero.pl\/wp-content\/uploads\/sites\/12\/2022\/10\/interzero-nachhalti-2022_1870x555.jpg","type":"image\/jpeg"}],"twitter_card":"summary_large_image","twitter_misc":{"Estimated reading time":"5 minutes"},"schema":{"@context":"https:\/\/schema.org","@graph":[{"@type":"WebPage","@id":"https:\/\/interzero.pl\/about-company\/board-in-poland\/","url":"https:\/\/interzero.pl\/about-company\/board-in-poland\/","name":"Interzero Management Board - get to know our goals and values","isPartOf":{"@id":"https:\/\/interzero.pl\/#website"},"primaryImageOfPage":{"@id":"https:\/\/interzero.pl\/about-company\/board-in-poland\/#primaryimage"},"image":{"@id":"https:\/\/interzero.pl\/about-company\/board-in-poland\/#primaryimage"},"thumbnailUrl":"https:\/\/interzero.pl\/wp-content\/uploads\/sites\/12\/2022\/10\/interzero-nachhalti-2022_1870x555.jpg","datePublished":"2022-11-21T12:26:36+00:00","dateModified":"2024-11-26T09:55:02+00:00","description":"Interzero has been supporting entrepreneurs in their pursuit of sustainable development for years. Get to know the goals and ideals that guide the management of Interzero in Poland","breadcrumb":{"@id":"https:\/\/interzero.pl\/about-company\/board-in-poland\/#breadcrumb"},"inLanguage":"en-GB","potentialAction":[{"@type":"ReadAction","target":["https:\/\/interzero.pl\/about-company\/board-in-poland\/"]}]},{"@type":"ImageObject","inLanguage":"en-GB","@id":"https:\/\/interzero.pl\/about-company\/board-in-poland\/#primaryimage","url":"https:\/\/interzero.pl\/wp-content\/uploads\/sites\/12\/2022\/10\/interzero-nachhalti-2022_1870x555.jpg","contentUrl":"https:\/\/interzero.pl\/wp-content\/uploads\/sites\/12\/2022\/10\/interzero-nachhalti-2022_1870x555.jpg","width":1870,"height":555,"caption":"m\u0119\u017cczyzna spaceruje brzegiem kamienistego, g\u00f3rskiego jeziora"},{"@type":"BreadcrumbList","@id":"https:\/\/interzero.pl\/about-company\/board-in-poland\/#breadcrumb","itemListElement":[{"@type":"ListItem","position":1,"name":"Home","item":"https:\/\/interzero.pl\/"},{"@type":"ListItem","position":2,"name":"About company","item":"https:\/\/interzero.pl\/about-company\/"},{"@type":"ListItem","position":3,"name":"Board in Poland"}]},{"@type":"WebSite","@id":"https:\/\/interzero.pl\/#website","url":"https:\/\/interzero.pl\/","name":"Interzero Polska | Solutions for a world without waste","description":"We provide innovative and comprehensive environmental solutions.","publisher":{"@id":"https:\/\/interzero.pl\/#organization"},"potentialAction":[{"@type":"SearchAction","target":{"@type":"EntryPoint","urlTemplate":"https:\/\/interzero.pl\/?s={search_term_string}"},"query-input":{"@type":"PropertyValueSpecification","valueRequired":true,"valueName":"search_term_string"}}],"inLanguage":"en-GB"},{"@type":"Organization","@id":"https:\/\/interzero.pl\/#organization","name":"Interzero Poland","url":"https:\/\/interzero.pl\/","logo":{"@type":"ImageObject","inLanguage":"en-GB","@id":"https:\/\/interzero.pl\/#\/schema\/logo\/image\/","url":"https:\/\/interzero.pl\/wp-content\/uploads\/sites\/12\/2024\/07\/Interzero.png","contentUrl":"https:\/\/interzero.pl\/wp-content\/uploads\/sites\/12\/2024\/07\/Interzero.png","width":1920,"height":1080,"caption":"Interzero Polska"},"image":{"@id":"https:\/\/interzero.pl\/#\/schema\/logo\/image\/"},"sameAs":["https:\/\/www.facebook.com\/InterzeroPolska","https:\/\/www.linkedin.com\/company\/interzero-zero-waste-solutions\/"]}]}},"_links":{"self":[{"href":"https:\/\/interzero.pl\/en\/wp-json\/wp\/v2\/pages\/8493","targetHints":{"allow":["GET"]}}],"collection":[{"href":"https:\/\/interzero.pl\/en\/wp-json\/wp\/v2\/pages"}],"about":[{"href":"https:\/\/interzero.pl\/en\/wp-json\/wp\/v2\/types\/page"}],"author":[{"embeddable":true,"href":"https:\/\/interzero.pl\/en\/wp-json\/wp\/v2\/users\/18"}],"replies":[{"embeddable":true,"href":"https:\/\/interzero.pl\/en\/wp-json\/wp\/v2\/comments?post=8493"}],"version-history":[{"count":13,"href":"https:\/\/interzero.pl\/en\/wp-json\/wp\/v2\/pages\/8493\/revisions"}],"predecessor-version":[{"id":17276,"href":"https:\/\/interzero.pl\/en\/wp-json\/wp\/v2\/pages\/8493\/revisions\/17276"}],"up":[{"embeddable":true,"href":"https:\/\/interzero.pl\/en\/wp-json\/wp\/v2\/pages\/8497"}],"wp:featuredmedia":[{"embeddable":true,"href":"https:\/\/interzero.pl\/en\/wp-json\/wp\/v2\/media\/7322"}],"wp:attachment":[{"href":"https:\/\/interzero.pl\/en\/wp-json\/wp\/v2\/media?parent=8493"}],"wp:term":[{"taxonomy":"wf_page_folders","embeddable":true,"href":"https:\/\/interzero.pl\/en\/wp-json\/wp\/v2\/wf_page_folders?post=8493"}],"curies":[{"name":"wp","href":"https:\/\/api.w.org\/{rel}","templated":true}]}}