{"id":6170,"date":"2023-03-01T13:00:53","date_gmt":"2023-03-01T12:00:53","guid":{"rendered":"https:\/\/interzero.pl\/?page_id=6170"},"modified":"2024-12-10T15:47:17","modified_gmt":"2024-12-10T14:47:17","slug":"relacje-inwestorskie-izooseie","status":"publish","type":"page","link":"https:\/\/interzero.pl\/en\/o-firmie\/relacje-inwestorskie\/relacje-inwestorskie-izooseie\/","title":{"rendered":"Investor relations IZOOSEIE"},"content":{"rendered":"<div class=\"wpb-content-wrapper\"><div data-parent=\"true\" class=\"vc_row row-container\" id=\"row-unique-0\"><div class=\"row limit-width row-parent\"><div class=\"wpb_row row-inner\"><div class=\"wpb_column pos-top pos-center align_left column_parent col-lg-12 single-internal-gutter\"><div class=\"uncol style-light\"  ><div class=\"uncoltable\"><div class=\"uncell no-block-padding\" ><div class=\"uncont\" ><div class=\"vc_custom_heading_wrap\"><div class=\"heading-text el-text\" ><h2 class=\"h2\" ><span><\/p><\/span><span><div class=\"row\"><\/span><span><div class=\"twelve columns\"><\/span><span><h1 style=\"text-align: center\"><strong>Investor relations Interzero<\/strong><\/h1><\/span><span><\/div><\/span><span><\/div><\/span><span><p><\/span><\/h2><\/div><div class=\"clear\"><\/div><\/div><\/div><\/div><\/div><\/div><\/div><script id=\"script-row-unique-0\" data-row=\"script-row-unique-0\" type=\"text\/javascript\" class=\"vc_controls\">UNCODE.initRow(document.getElementById(\"row-unique-0\"));<\/script><\/div><\/div><\/div><div data-parent=\"true\" class=\"vc_row row-container\" id=\"row-unique-1\"><div class=\"row limit-width row-parent\"><div class=\"wpb_row row-inner\"><div class=\"wpb_column pos-top pos-center align_left column_parent col-lg-12 single-internal-gutter\"><div class=\"uncol style-light\"  ><div class=\"uncoltable\"><div class=\"uncell no-block-padding\" ><div class=\"uncont\" ><div class=\"vc_custom_heading_wrap\"><div class=\"heading-text el-text\" ><\/p>\n<div class=\"row\">\n<div class=\"twelve columns\">\n<h3><strong><span style=\"color: #009dd3;\">Investor relations of Interzero Packaging Recovery Organisation and Electrical and Electronic Equipment Recovery Organisation S.A.<\/span><\/strong><\/h3>\n<\/div>\n<\/div>\n<p>\n<\/div><div class=\"clear\"><\/div><\/div><\/div><\/div><\/div><\/div><\/div><script id=\"script-row-unique-1\" data-row=\"script-row-unique-1\" type=\"text\/javascript\" class=\"vc_controls\">UNCODE.initRow(document.getElementById(\"row-unique-1\"));<\/script><\/div><\/div><\/div><div data-parent=\"true\" class=\"vc_row row-container\" id=\"row-unique-2\"><div class=\"row limit-width row-parent\"><div class=\"wpb_row row-inner\"><div class=\"wpb_column pos-top pos-center align_left column_parent col-lg-6 single-internal-gutter\"><div class=\"uncol style-light\"  ><div class=\"uncoltable\"><div class=\"uncell no-block-padding\" ><div class=\"uncont\" ><div class=\"uncode_text_column\" ><p><strong>NO CALLS<\/strong><\/p>\n<\/div><\/div><\/div><\/div><\/div><\/div><div class=\"wpb_column pos-top pos-center align_left column_parent col-lg-6 single-internal-gutter\"><div class=\"uncol style-light\"  ><div class=\"uncoltable\"><div class=\"uncell no-block-padding\" ><div class=\"uncont\" ><div class=\"uncode_text_column\" ><p><strong>NONE CALLS<\/strong><\/p>\n<\/div><\/div><\/div><\/div><\/div><\/div><script id=\"script-row-unique-2\" data-row=\"script-row-unique-2\" type=\"text\/javascript\" class=\"vc_controls\">UNCODE.initRow(document.getElementById(\"row-unique-2\"));<\/script><\/div><\/div><\/div>\n<\/div>","protected":false},"excerpt":{"rendered":"Investor relations Interzero Investor relations Interzero Packaging Recovery Organisation and Electrical and Electronic Equipment Recovery Organisation S.A. NO CALLS NONE [...]","protected":false},"author":6,"featured_media":0,"parent":6177,"menu_order":0,"comment_status":"closed","ping_status":"closed","template":"","meta":{"_acf_changed":false,"inline_featured_image":false,"footnotes":""},"wf_page_folders":[76],"class_list":["post-6170","page","type-page","status-publish","hentry","page_category-pl"],"acf":[],"yoast_head":"<!-- This site is optimized with the Yoast SEO plugin v26.4 - https:\/\/yoast.com\/wordpress\/plugins\/seo\/ -->\n<title>Interzero Polska | Rozwi\u0105zania dla \u015bwiata bez odpad\u00f3w<\/title>\n<meta name=\"description\" content=\"Oferujemy zintegrowane us\u0142ugi \u015brodowiskowe dla firm. Doradzamy, inspirujemy do zr\u00f3wnowa\u017conego rozwoju i zamykamy obiegi surowc\u00f3w. Poznaj nas!\" \/>\n<meta name=\"robots\" content=\"index, follow, max-snippet:-1, max-image-preview:large, max-video-preview:-1\" \/>\n<link rel=\"canonical\" href=\"https:\/\/interzero.pl\/en\/o-firmie\/relacje-inwestorskie\/relacje-inwestorskie-izooseie\/\" \/>\n<meta property=\"og:locale\" content=\"en_GB\" \/>\n<meta property=\"og:type\" content=\"article\" \/>\n<meta property=\"og:title\" content=\"Interzero Polska | Rozwi\u0105zania dla \u015bwiata bez odpad\u00f3w\" \/>\n<meta property=\"og:description\" content=\"Oferujemy zintegrowane us\u0142ugi \u015brodowiskowe dla firm. Doradzamy, inspirujemy do zr\u00f3wnowa\u017conego rozwoju i zamykamy obiegi surowc\u00f3w. Poznaj nas!\" \/>\n<meta property=\"og:url\" content=\"https:\/\/interzero.pl\/en\/o-firmie\/relacje-inwestorskie\/relacje-inwestorskie-izooseie\/\" \/>\n<meta property=\"og:site_name\" content=\"Interzero Polska\" \/>\n<meta property=\"article:publisher\" content=\"https:\/\/www.facebook.com\/InterzeroPolska\" \/>\n<meta property=\"article:modified_time\" content=\"2024-12-10T14:47:17+00:00\" \/>\n<meta name=\"twitter:card\" content=\"summary_large_image\" \/>\n<meta name=\"twitter:label1\" content=\"Estimated reading time\" \/>\n\t<meta name=\"twitter:data1\" content=\"1 minute\" \/>\n<script type=\"application\/ld+json\" class=\"yoast-schema-graph\">{\"@context\":\"https:\/\/schema.org\",\"@graph\":[{\"@type\":\"WebPage\",\"@id\":\"https:\/\/interzero.pl\/o-firmie\/relacje-inwestorskie\/relacje-inwestorskie-izooseie\/\",\"url\":\"https:\/\/interzero.pl\/o-firmie\/relacje-inwestorskie\/relacje-inwestorskie-izooseie\/\",\"name\":\"Interzero Polska | Rozwi\u0105zania dla \u015bwiata bez odpad\u00f3w\",\"isPartOf\":{\"@id\":\"https:\/\/interzero.pl\/#website\"},\"datePublished\":\"2023-03-01T12:00:53+00:00\",\"dateModified\":\"2024-12-10T14:47:17+00:00\",\"description\":\"Oferujemy zintegrowane us\u0142ugi \u015brodowiskowe dla firm. Doradzamy, inspirujemy do zr\u00f3wnowa\u017conego rozwoju i zamykamy obiegi surowc\u00f3w. Poznaj nas!\",\"breadcrumb\":{\"@id\":\"https:\/\/interzero.pl\/o-firmie\/relacje-inwestorskie\/relacje-inwestorskie-izooseie\/#breadcrumb\"},\"inLanguage\":\"en-GB\",\"potentialAction\":[{\"@type\":\"ReadAction\",\"target\":[\"https:\/\/interzero.pl\/o-firmie\/relacje-inwestorskie\/relacje-inwestorskie-izooseie\/\"]}]},{\"@type\":\"BreadcrumbList\",\"@id\":\"https:\/\/interzero.pl\/o-firmie\/relacje-inwestorskie\/relacje-inwestorskie-izooseie\/#breadcrumb\",\"itemListElement\":[{\"@type\":\"ListItem\",\"position\":1,\"name\":\"Home\",\"item\":\"https:\/\/interzero.pl\/\"},{\"@type\":\"ListItem\",\"position\":2,\"name\":\"O firmie\",\"item\":\"https:\/\/interzero.pl\/o-firmie\/\"},{\"@type\":\"ListItem\",\"position\":3,\"name\":\"Relacje inwestorskie\",\"item\":\"https:\/\/interzero.pl\/o-firmie\/relacje-inwestorskie\/\"},{\"@type\":\"ListItem\",\"position\":4,\"name\":\"Relacje inwestorskie IZOOSEIE\"}]},{\"@type\":\"WebSite\",\"@id\":\"https:\/\/interzero.pl\/#website\",\"url\":\"https:\/\/interzero.pl\/\",\"name\":\"Interzero Polska | Rozwi\u0105zania dla \u015bwiata bez odpad\u00f3w\",\"description\":\"Dostarczamy innowacyjne i kompleksowe rozwi\u0105zania  w zakresie ochrony \u015brodowiska.\",\"publisher\":{\"@id\":\"https:\/\/interzero.pl\/#organization\"},\"potentialAction\":[{\"@type\":\"SearchAction\",\"target\":{\"@type\":\"EntryPoint\",\"urlTemplate\":\"https:\/\/interzero.pl\/?s={search_term_string}\"},\"query-input\":{\"@type\":\"PropertyValueSpecification\",\"valueRequired\":true,\"valueName\":\"search_term_string\"}}],\"inLanguage\":\"en-GB\"},{\"@type\":\"Organization\",\"@id\":\"https:\/\/interzero.pl\/#organization\",\"name\":\"Interzero Polska\",\"url\":\"https:\/\/interzero.pl\/\",\"logo\":{\"@type\":\"ImageObject\",\"inLanguage\":\"en-GB\",\"@id\":\"https:\/\/interzero.pl\/#\/schema\/logo\/image\/\",\"url\":\"https:\/\/interzero.pl\/wp-content\/uploads\/sites\/12\/2024\/07\/Interzero.png\",\"contentUrl\":\"https:\/\/interzero.pl\/wp-content\/uploads\/sites\/12\/2024\/07\/Interzero.png\",\"width\":1920,\"height\":1080,\"caption\":\"Interzero Polska\"},\"image\":{\"@id\":\"https:\/\/interzero.pl\/#\/schema\/logo\/image\/\"},\"sameAs\":[\"https:\/\/www.facebook.com\/InterzeroPolska\",\"https:\/\/www.linkedin.com\/company\/interzero-zero-waste-solutions\/\"]}]}<\/script>\n<!-- \/ Yoast SEO plugin. -->","yoast_head_json":{"title":"Interzero Polska | Solutions for a world without waste","description":"We offer integrated environmental services for companies. We advise, inspire sustainability and close raw material cycles. Get to know us!","robots":{"index":"index","follow":"follow","max-snippet":"max-snippet:-1","max-image-preview":"max-image-preview:large","max-video-preview":"max-video-preview:-1"},"canonical":"https:\/\/interzero.pl\/en\/o-firmie\/relacje-inwestorskie\/relacje-inwestorskie-izooseie\/","og_locale":"en_GB","og_type":"article","og_title":"Interzero Polska | Rozwi\u0105zania dla \u015bwiata bez odpad\u00f3w","og_description":"Oferujemy zintegrowane us\u0142ugi \u015brodowiskowe dla firm. Doradzamy, inspirujemy do zr\u00f3wnowa\u017conego rozwoju i zamykamy obiegi surowc\u00f3w. Poznaj nas!","og_url":"https:\/\/interzero.pl\/en\/o-firmie\/relacje-inwestorskie\/relacje-inwestorskie-izooseie\/","og_site_name":"Interzero Polska","article_publisher":"https:\/\/www.facebook.com\/InterzeroPolska","article_modified_time":"2024-12-10T14:47:17+00:00","twitter_card":"summary_large_image","twitter_misc":{"Estimated reading time":"1 minute"},"schema":{"@context":"https:\/\/schema.org","@graph":[{"@type":"WebPage","@id":"https:\/\/interzero.pl\/o-firmie\/relacje-inwestorskie\/relacje-inwestorskie-izooseie\/","url":"https:\/\/interzero.pl\/o-firmie\/relacje-inwestorskie\/relacje-inwestorskie-izooseie\/","name":"Interzero Polska | Solutions for a world without waste","isPartOf":{"@id":"https:\/\/interzero.pl\/#website"},"datePublished":"2023-03-01T12:00:53+00:00","dateModified":"2024-12-10T14:47:17+00:00","description":"We offer integrated environmental services for companies. We advise, inspire sustainability and close raw material cycles. Get to know us!","breadcrumb":{"@id":"https:\/\/interzero.pl\/o-firmie\/relacje-inwestorskie\/relacje-inwestorskie-izooseie\/#breadcrumb"},"inLanguage":"en-GB","potentialAction":[{"@type":"ReadAction","target":["https:\/\/interzero.pl\/o-firmie\/relacje-inwestorskie\/relacje-inwestorskie-izooseie\/"]}]},{"@type":"BreadcrumbList","@id":"https:\/\/interzero.pl\/o-firmie\/relacje-inwestorskie\/relacje-inwestorskie-izooseie\/#breadcrumb","itemListElement":[{"@type":"ListItem","position":1,"name":"Home","item":"https:\/\/interzero.pl\/"},{"@type":"ListItem","position":2,"name":"O firmie","item":"https:\/\/interzero.pl\/o-firmie\/"},{"@type":"ListItem","position":3,"name":"Relacje inwestorskie","item":"https:\/\/interzero.pl\/o-firmie\/relacje-inwestorskie\/"},{"@type":"ListItem","position":4,"name":"Relacje inwestorskie IZOOSEIE"}]},{"@type":"WebSite","@id":"https:\/\/interzero.pl\/#website","url":"https:\/\/interzero.pl\/","name":"Interzero Polska | Solutions for a world without waste","description":"We provide innovative and comprehensive environmental solutions.","publisher":{"@id":"https:\/\/interzero.pl\/#organization"},"potentialAction":[{"@type":"SearchAction","target":{"@type":"EntryPoint","urlTemplate":"https:\/\/interzero.pl\/?s={search_term_string}"},"query-input":{"@type":"PropertyValueSpecification","valueRequired":true,"valueName":"search_term_string"}}],"inLanguage":"en-GB"},{"@type":"Organization","@id":"https:\/\/interzero.pl\/#organization","name":"Interzero Poland","url":"https:\/\/interzero.pl\/","logo":{"@type":"ImageObject","inLanguage":"en-GB","@id":"https:\/\/interzero.pl\/#\/schema\/logo\/image\/","url":"https:\/\/interzero.pl\/wp-content\/uploads\/sites\/12\/2024\/07\/Interzero.png","contentUrl":"https:\/\/interzero.pl\/wp-content\/uploads\/sites\/12\/2024\/07\/Interzero.png","width":1920,"height":1080,"caption":"Interzero Polska"},"image":{"@id":"https:\/\/interzero.pl\/#\/schema\/logo\/image\/"},"sameAs":["https:\/\/www.facebook.com\/InterzeroPolska","https:\/\/www.linkedin.com\/company\/interzero-zero-waste-solutions\/"]}]}},"_links":{"self":[{"href":"https:\/\/interzero.pl\/en\/wp-json\/wp\/v2\/pages\/6170","targetHints":{"allow":["GET"]}}],"collection":[{"href":"https:\/\/interzero.pl\/en\/wp-json\/wp\/v2\/pages"}],"about":[{"href":"https:\/\/interzero.pl\/en\/wp-json\/wp\/v2\/types\/page"}],"author":[{"embeddable":true,"href":"https:\/\/interzero.pl\/en\/wp-json\/wp\/v2\/users\/6"}],"replies":[{"embeddable":true,"href":"https:\/\/interzero.pl\/en\/wp-json\/wp\/v2\/comments?post=6170"}],"version-history":[{"count":7,"href":"https:\/\/interzero.pl\/en\/wp-json\/wp\/v2\/pages\/6170\/revisions"}],"predecessor-version":[{"id":17749,"href":"https:\/\/interzero.pl\/en\/wp-json\/wp\/v2\/pages\/6170\/revisions\/17749"}],"up":[{"embeddable":true,"href":"https:\/\/interzero.pl\/en\/wp-json\/wp\/v2\/pages\/6177"}],"wp:attachment":[{"href":"https:\/\/interzero.pl\/en\/wp-json\/wp\/v2\/media?parent=6170"}],"wp:term":[{"taxonomy":"wf_page_folders","embeddable":true,"href":"https:\/\/interzero.pl\/en\/wp-json\/wp\/v2\/wf_page_folders?post=6170"}],"curies":[{"name":"wp","href":"https:\/\/api.w.org\/{rel}","templated":true}]}}