{"id":4858,"date":"2023-01-12T13:10:54","date_gmt":"2023-01-12T12:10:54","guid":{"rendered":"https:\/\/interzero.pl\/?page_id=4858"},"modified":"2023-01-18T10:50:02","modified_gmt":"2023-01-18T09:50:02","slug":"szkolenia-i-webinary","status":"publish","type":"page","link":"https:\/\/interzero.pl\/en\/szkolenia-i-webinary\/","title":{"rendered":"Training and webinars"},"content":{"rendered":"<div class=\"wpb-content-wrapper\"><div data-parent=\"true\" class=\"vc_row row-container\" id=\"row-unique-0\"><div class=\"row limit-width row-parent\"><div class=\"wpb_row row-inner\"><div class=\"wpb_column pos-top pos-center align_left column_parent col-lg-12 single-internal-gutter\"><div class=\"uncol style-light\"  ><div class=\"uncoltable\"><div class=\"uncell no-block-padding\" ><div class=\"uncont\" ><div class=\"vc_custom_heading_wrap\"><div class=\"heading-text el-text\" ><h2 class=\"h2\" ><span><\/p><\/span><span><h1 style=\"text-align: center\">Practical on-site and remote environmental training - online for your employees<\/h1><\/span><span><p><\/span><\/h2><\/div><div class=\"clear\"><\/div><\/div><\/div><\/div><\/div><\/div><\/div><script id=\"script-row-unique-0\" data-row=\"script-row-unique-0\" type=\"text\/javascript\" class=\"vc_controls\">UNCODE.initRow(document.getElementById(\"row-unique-0\"));<\/script><\/div><\/div><\/div><div data-parent=\"true\" class=\"vc_row row-container\" id=\"row-unique-1\"><div class=\"row limit-width row-parent\"><div class=\"wpb_row row-inner\"><div class=\"wpb_column pos-top pos-center align_left column_parent col-lg-12 single-internal-gutter\"><div class=\"uncol style-light\"  ><div class=\"uncoltable\"><div class=\"uncell no-block-padding\" ><div class=\"uncont\" ><div class=\"uncode_text_column\" ><p>For your convenience, we have prepared up to 3 types of environmental training for your company's employees:<\/p>\n<ol>\n<li><b>On-site training<\/b>\u00a0- tailored to the individual problems of your company, together with the development of ready-to-use solutions and the training of your employees at your company's premises or another location designated by you.<\/li>\n<li><b>Online training<\/b>\u00a0- tailored to the individual issues and specific characteristics of your company. We particularly recommend this type of training to companies where it is difficult to get all participants together in one place.<\/li>\n<li><b>Webinars<\/b>\u00a0- The topic for the regular webinars is selected by Interzero's specialists.<\/li>\n<\/ol>\n<p><b>All training courses guarantee:<\/b><\/p>\n<ul>\n<li>opportunity to ask questions live,<\/li>\n<li>support from environmental experts,<\/li>\n<li>access to useful learning materials (presentations, recordings, scripts),<\/li>\n<li>good knowledge of legal developments concerning environmental obligations,<\/li>\n<li>receipt of personalised certificates of participation.<\/li>\n<\/ul>\n<p>\n<\/div><\/div><\/div><\/div><\/div><\/div><script id=\"script-row-unique-1\" data-row=\"script-row-unique-1\" type=\"text\/javascript\" class=\"vc_controls\">UNCODE.initRow(document.getElementById(\"row-unique-1\"));<\/script><\/div><\/div><\/div><div data-parent=\"true\" class=\"vc_row row-container\" id=\"row-unique-2\"><div class=\"row limit-width row-parent\"><div class=\"wpb_row row-inner\"><div class=\"wpb_column pos-top pos-center align_left column_parent col-lg-12 single-internal-gutter\"><div class=\"uncol style-light\"  ><div class=\"uncoltable\"><div class=\"uncell no-block-padding\" ><div class=\"uncont\" ><div class=\"uncode_text_column\" ><\/div><\/div><\/div><\/div><\/div><\/div><script id=\"script-row-unique-2\" data-row=\"script-row-unique-2\" type=\"text\/javascript\" class=\"vc_controls\">UNCODE.initRow(document.getElementById(\"row-unique-2\"));<\/script><\/div><\/div><\/div><div data-parent=\"true\" class=\"vc_row row-container\" id=\"row-unique-3\"><div class=\"row limit-width row-parent\"><div class=\"wpb_row row-inner\"><div class=\"wpb_column pos-top pos-center align_left column_parent col-lg-12 single-internal-gutter\"><div class=\"uncol style-light\"  ><div class=\"uncoltable\"><div class=\"uncell single-block-padding style-color-lxmt-bg has-bg\" ><div class=\"uncont\" ><div class=\"uncode_text_column\" ><\/p>\n<h2 style=\"text-align: center\"><strong>We look forward to hearing from you. Get in touch with us.<\/strong><\/h2>\n<p>\n<\/div><div class=\"vc_row row-internal row-container\"><div class=\"row row-child\"><div class=\"wpb_row row-inner\"><div class=\"wpb_column pos-top pos-center align_center column_child col-lg-6 half-internal-gutter\"><div class=\"uncol style-light\" ><div class=\"uncoltable\"><div class=\"uncell one-block-padding\" ><div class=\"uncont\" ><div class=\"uncode-single-media  text-center\"><div class=\"single-wrapper\" style=\"max-width: 250px;\"><div class=\"tmb tmb-light  img-circle tmb-img-ratio tmb-media-first tmb-media-last tmb-content-overlay tmb-no-bg\"><div class=\"t-inside\"><div class=\"t-entry-visual\"><div class=\"t-entry-visual-tc\"><div class=\"uncode-single-media-wrapper img-circle\"><div class=\"dummy\" style=\"padding-top: 100%;\"><\/div><img decoding=\"async\" class=\"wp-image-4471\" src=\"https:\/\/interzero.pl\/wp-content\/uploads\/sites\/12\/2022\/12\/logo-kreis-400x400-1-uai-258x258-1.png\" width=\"258\" height=\"258\" alt=\"logo Interzero\" srcset=\"https:\/\/interzero.pl\/wp-content\/uploads\/sites\/12\/2022\/12\/logo-kreis-400x400-1-uai-258x258-1.png 258w, https:\/\/interzero.pl\/wp-content\/uploads\/sites\/12\/2022\/12\/logo-kreis-400x400-1-uai-258x258-1-150x150.png 150w, https:\/\/interzero.pl\/wp-content\/uploads\/sites\/12\/2022\/12\/logo-kreis-400x400-1-uai-258x258-1-250x250.png 250w\" sizes=\"(max-width: 258px) 100vw, 258px\" \/><\/div>\n\t\t\t\t\t<\/div>\n\t\t\t\t<\/div><\/div><\/div><\/div><\/div><\/div><\/div><\/div><\/div><\/div><div class=\"wpb_column pos-top pos-center align_left column_child col-lg-6 single-internal-gutter\"><div class=\"uncol style-light\" ><div class=\"uncoltable\"><div class=\"uncell single-block-padding\" ><div class=\"uncont\" ><div class=\"icon-box icon-box-left\" ><div class=\"icon-box-icon fa-container\"><span class=\"text-color-184177-color btn-disable-hover\"><i class=\"fa fa-envelope fa-2x fa-fw\"><\/i><\/span><\/div><div class=\"icon-box-content\"><div class=\"icon-box-heading icon-box-fa-2x\"><h4 class=\"h4\">biuro@interzero.pl<\/h4><\/div><\/div><\/div><div class=\"icon-box icon-box-left\" ><div class=\"icon-box-icon fa-container\"><span class=\"text-color-184177-color btn-disable-hover\"><i class=\"fa fa-phone fa-2x fa-fw\"><\/i><\/span><\/div><div class=\"icon-box-content\"><div class=\"icon-box-heading icon-box-fa-2x\"><h4 class=\"h4\">+48 22 742 10 22<\/h4><\/div><\/div><\/div><\/div><\/div><\/div><\/div><\/div><\/div><\/div><\/div><\/div><\/div><\/div><\/div><\/div><script id=\"script-row-unique-3\" data-row=\"script-row-unique-3\" type=\"text\/javascript\" class=\"vc_controls\">UNCODE.initRow(document.getElementById(\"row-unique-3\"));<\/script><\/div><\/div><\/div><div data-parent=\"true\" class=\"vc_row row-container\" id=\"row-unique-4\"><div class=\"row limit-width row-parent\"><div class=\"wpb_row row-inner\"><div class=\"wpb_column pos-top pos-center align_left column_parent col-lg-12 single-internal-gutter\"><div class=\"uncol style-light\"  ><div class=\"uncoltable\"><div class=\"uncell no-block-padding\" ><div class=\"uncont\" ><\/div><\/div><\/div><\/div><\/div><script id=\"script-row-unique-4\" data-row=\"script-row-unique-4\" type=\"text\/javascript\" class=\"vc_controls\">UNCODE.initRow(document.getElementById(\"row-unique-4\"));<\/script><\/div><\/div><\/div>\n<\/div>","protected":false},"excerpt":{"rendered":"Practical on-site and remote environmental training - online for your company's employeesFor your convenience, we have prepared up to 3 types of [...]","protected":false},"author":23,"featured_media":4862,"parent":0,"menu_order":7,"comment_status":"closed","ping_status":"closed","template":"","meta":{"_acf_changed":false,"inline_featured_image":false,"footnotes":""},"wf_page_folders":[76],"class_list":["post-4858","page","type-page","status-publish","has-post-thumbnail","hentry","page_category-pl"],"acf":[],"yoast_head":"<!-- This site is optimized with the Yoast SEO plugin v26.4 - https:\/\/yoast.com\/wordpress\/plugins\/seo\/ -->\n<title>Interzero Polska | Rozwi\u0105zania dla \u015bwiata bez odpad\u00f3w<\/title>\n<meta name=\"description\" content=\"Oferujemy zintegrowane us\u0142ugi \u015brodowiskowe dla firm. Doradzamy, inspirujemy do zr\u00f3wnowa\u017conego rozwoju i zamykamy obiegi surowc\u00f3w. Poznaj nas!\" \/>\n<meta name=\"robots\" content=\"index, follow, max-snippet:-1, max-image-preview:large, max-video-preview:-1\" \/>\n<link rel=\"canonical\" href=\"https:\/\/interzero.pl\/en\/szkolenia-i-webinary\/\" \/>\n<meta property=\"og:locale\" content=\"en_GB\" \/>\n<meta property=\"og:type\" content=\"article\" \/>\n<meta property=\"og:title\" content=\"Interzero Polska | Rozwi\u0105zania dla \u015bwiata bez odpad\u00f3w\" \/>\n<meta property=\"og:description\" content=\"Oferujemy zintegrowane us\u0142ugi \u015brodowiskowe dla firm. Doradzamy, inspirujemy do zr\u00f3wnowa\u017conego rozwoju i zamykamy obiegi surowc\u00f3w. Poznaj nas!\" \/>\n<meta property=\"og:url\" content=\"https:\/\/interzero.pl\/en\/szkolenia-i-webinary\/\" \/>\n<meta property=\"og:site_name\" content=\"Interzero Polska\" \/>\n<meta property=\"article:publisher\" content=\"https:\/\/www.facebook.com\/InterzeroPolska\" \/>\n<meta property=\"article:modified_time\" content=\"2023-01-18T09:50:02+00:00\" \/>\n<meta property=\"og:image\" content=\"https:\/\/interzero.pl\/wp-content\/uploads\/sites\/12\/2023\/01\/Teraz-srodowisko-57-1024x576.png\" \/>\n\t<meta property=\"og:image:width\" content=\"1024\" \/>\n\t<meta property=\"og:image:height\" content=\"576\" \/>\n\t<meta property=\"og:image:type\" content=\"image\/png\" \/>\n<meta name=\"twitter:card\" content=\"summary_large_image\" \/>\n<meta name=\"twitter:label1\" content=\"Estimated reading time\" \/>\n\t<meta name=\"twitter:data1\" content=\"2 minutes\" \/>\n<script type=\"application\/ld+json\" class=\"yoast-schema-graph\">{\"@context\":\"https:\/\/schema.org\",\"@graph\":[{\"@type\":\"WebPage\",\"@id\":\"https:\/\/interzero.pl\/szkolenia-i-webinary\/\",\"url\":\"https:\/\/interzero.pl\/szkolenia-i-webinary\/\",\"name\":\"Interzero Polska | Rozwi\u0105zania dla \u015bwiata bez odpad\u00f3w\",\"isPartOf\":{\"@id\":\"https:\/\/interzero.pl\/#website\"},\"primaryImageOfPage\":{\"@id\":\"https:\/\/interzero.pl\/szkolenia-i-webinary\/#primaryimage\"},\"image\":{\"@id\":\"https:\/\/interzero.pl\/szkolenia-i-webinary\/#primaryimage\"},\"thumbnailUrl\":\"https:\/\/interzero.pl\/wp-content\/uploads\/sites\/12\/2023\/01\/Teraz-srodowisko-57.png\",\"datePublished\":\"2023-01-12T12:10:54+00:00\",\"dateModified\":\"2023-01-18T09:50:02+00:00\",\"description\":\"Oferujemy zintegrowane us\u0142ugi \u015brodowiskowe dla firm. Doradzamy, inspirujemy do zr\u00f3wnowa\u017conego rozwoju i zamykamy obiegi surowc\u00f3w. Poznaj nas!\",\"breadcrumb\":{\"@id\":\"https:\/\/interzero.pl\/szkolenia-i-webinary\/#breadcrumb\"},\"inLanguage\":\"en-GB\",\"potentialAction\":[{\"@type\":\"ReadAction\",\"target\":[\"https:\/\/interzero.pl\/szkolenia-i-webinary\/\"]}]},{\"@type\":\"ImageObject\",\"inLanguage\":\"en-GB\",\"@id\":\"https:\/\/interzero.pl\/szkolenia-i-webinary\/#primaryimage\",\"url\":\"https:\/\/interzero.pl\/wp-content\/uploads\/sites\/12\/2023\/01\/Teraz-srodowisko-57.png\",\"contentUrl\":\"https:\/\/interzero.pl\/wp-content\/uploads\/sites\/12\/2023\/01\/Teraz-srodowisko-57.png\",\"width\":1920,\"height\":1080,\"caption\":\"drzewo d\u0142onie ochrona \u015brodowiska\"},{\"@type\":\"BreadcrumbList\",\"@id\":\"https:\/\/interzero.pl\/szkolenia-i-webinary\/#breadcrumb\",\"itemListElement\":[{\"@type\":\"ListItem\",\"position\":1,\"name\":\"Home\",\"item\":\"https:\/\/interzero.pl\/\"},{\"@type\":\"ListItem\",\"position\":2,\"name\":\"Szkolenia i webinary\"}]},{\"@type\":\"WebSite\",\"@id\":\"https:\/\/interzero.pl\/#website\",\"url\":\"https:\/\/interzero.pl\/\",\"name\":\"Interzero Polska | Rozwi\u0105zania dla \u015bwiata bez odpad\u00f3w\",\"description\":\"Dostarczamy innowacyjne i kompleksowe rozwi\u0105zania  w zakresie ochrony \u015brodowiska.\",\"publisher\":{\"@id\":\"https:\/\/interzero.pl\/#organization\"},\"potentialAction\":[{\"@type\":\"SearchAction\",\"target\":{\"@type\":\"EntryPoint\",\"urlTemplate\":\"https:\/\/interzero.pl\/?s={search_term_string}\"},\"query-input\":{\"@type\":\"PropertyValueSpecification\",\"valueRequired\":true,\"valueName\":\"search_term_string\"}}],\"inLanguage\":\"en-GB\"},{\"@type\":\"Organization\",\"@id\":\"https:\/\/interzero.pl\/#organization\",\"name\":\"Interzero Polska\",\"url\":\"https:\/\/interzero.pl\/\",\"logo\":{\"@type\":\"ImageObject\",\"inLanguage\":\"en-GB\",\"@id\":\"https:\/\/interzero.pl\/#\/schema\/logo\/image\/\",\"url\":\"https:\/\/interzero.pl\/wp-content\/uploads\/sites\/12\/2024\/07\/Interzero.png\",\"contentUrl\":\"https:\/\/interzero.pl\/wp-content\/uploads\/sites\/12\/2024\/07\/Interzero.png\",\"width\":1920,\"height\":1080,\"caption\":\"Interzero Polska\"},\"image\":{\"@id\":\"https:\/\/interzero.pl\/#\/schema\/logo\/image\/\"},\"sameAs\":[\"https:\/\/www.facebook.com\/InterzeroPolska\",\"https:\/\/www.linkedin.com\/company\/interzero-zero-waste-solutions\/\"]}]}<\/script>\n<!-- \/ Yoast SEO plugin. -->","yoast_head_json":{"title":"Interzero Polska | Solutions for a world without waste","description":"We offer integrated environmental services for companies. We advise, inspire sustainability and close raw material cycles. Get to know us!","robots":{"index":"index","follow":"follow","max-snippet":"max-snippet:-1","max-image-preview":"max-image-preview:large","max-video-preview":"max-video-preview:-1"},"canonical":"https:\/\/interzero.pl\/en\/szkolenia-i-webinary\/","og_locale":"en_GB","og_type":"article","og_title":"Interzero Polska | Rozwi\u0105zania dla \u015bwiata bez odpad\u00f3w","og_description":"Oferujemy zintegrowane us\u0142ugi \u015brodowiskowe dla firm. Doradzamy, inspirujemy do zr\u00f3wnowa\u017conego rozwoju i zamykamy obiegi surowc\u00f3w. Poznaj nas!","og_url":"https:\/\/interzero.pl\/en\/szkolenia-i-webinary\/","og_site_name":"Interzero Polska","article_publisher":"https:\/\/www.facebook.com\/InterzeroPolska","article_modified_time":"2023-01-18T09:50:02+00:00","og_image":[{"width":1024,"height":576,"url":"https:\/\/interzero.pl\/wp-content\/uploads\/sites\/12\/2023\/01\/Teraz-srodowisko-57-1024x576.png","type":"image\/png"}],"twitter_card":"summary_large_image","twitter_misc":{"Estimated reading time":"2 minutes"},"schema":{"@context":"https:\/\/schema.org","@graph":[{"@type":"WebPage","@id":"https:\/\/interzero.pl\/szkolenia-i-webinary\/","url":"https:\/\/interzero.pl\/szkolenia-i-webinary\/","name":"Interzero Polska | Solutions for a world without waste","isPartOf":{"@id":"https:\/\/interzero.pl\/#website"},"primaryImageOfPage":{"@id":"https:\/\/interzero.pl\/szkolenia-i-webinary\/#primaryimage"},"image":{"@id":"https:\/\/interzero.pl\/szkolenia-i-webinary\/#primaryimage"},"thumbnailUrl":"https:\/\/interzero.pl\/wp-content\/uploads\/sites\/12\/2023\/01\/Teraz-srodowisko-57.png","datePublished":"2023-01-12T12:10:54+00:00","dateModified":"2023-01-18T09:50:02+00:00","description":"We offer integrated environmental services for companies. We advise, inspire sustainability and close raw material cycles. Get to know us!","breadcrumb":{"@id":"https:\/\/interzero.pl\/szkolenia-i-webinary\/#breadcrumb"},"inLanguage":"en-GB","potentialAction":[{"@type":"ReadAction","target":["https:\/\/interzero.pl\/szkolenia-i-webinary\/"]}]},{"@type":"ImageObject","inLanguage":"en-GB","@id":"https:\/\/interzero.pl\/szkolenia-i-webinary\/#primaryimage","url":"https:\/\/interzero.pl\/wp-content\/uploads\/sites\/12\/2023\/01\/Teraz-srodowisko-57.png","contentUrl":"https:\/\/interzero.pl\/wp-content\/uploads\/sites\/12\/2023\/01\/Teraz-srodowisko-57.png","width":1920,"height":1080,"caption":"drzewo d\u0142onie ochrona \u015brodowiska"},{"@type":"BreadcrumbList","@id":"https:\/\/interzero.pl\/szkolenia-i-webinary\/#breadcrumb","itemListElement":[{"@type":"ListItem","position":1,"name":"Home","item":"https:\/\/interzero.pl\/"},{"@type":"ListItem","position":2,"name":"Szkolenia i webinary"}]},{"@type":"WebSite","@id":"https:\/\/interzero.pl\/#website","url":"https:\/\/interzero.pl\/","name":"Interzero Polska | Solutions for a world without waste","description":"We provide innovative and comprehensive environmental solutions.","publisher":{"@id":"https:\/\/interzero.pl\/#organization"},"potentialAction":[{"@type":"SearchAction","target":{"@type":"EntryPoint","urlTemplate":"https:\/\/interzero.pl\/?s={search_term_string}"},"query-input":{"@type":"PropertyValueSpecification","valueRequired":true,"valueName":"search_term_string"}}],"inLanguage":"en-GB"},{"@type":"Organization","@id":"https:\/\/interzero.pl\/#organization","name":"Interzero Poland","url":"https:\/\/interzero.pl\/","logo":{"@type":"ImageObject","inLanguage":"en-GB","@id":"https:\/\/interzero.pl\/#\/schema\/logo\/image\/","url":"https:\/\/interzero.pl\/wp-content\/uploads\/sites\/12\/2024\/07\/Interzero.png","contentUrl":"https:\/\/interzero.pl\/wp-content\/uploads\/sites\/12\/2024\/07\/Interzero.png","width":1920,"height":1080,"caption":"Interzero Polska"},"image":{"@id":"https:\/\/interzero.pl\/#\/schema\/logo\/image\/"},"sameAs":["https:\/\/www.facebook.com\/InterzeroPolska","https:\/\/www.linkedin.com\/company\/interzero-zero-waste-solutions\/"]}]}},"_links":{"self":[{"href":"https:\/\/interzero.pl\/en\/wp-json\/wp\/v2\/pages\/4858","targetHints":{"allow":["GET"]}}],"collection":[{"href":"https:\/\/interzero.pl\/en\/wp-json\/wp\/v2\/pages"}],"about":[{"href":"https:\/\/interzero.pl\/en\/wp-json\/wp\/v2\/types\/page"}],"author":[{"embeddable":true,"href":"https:\/\/interzero.pl\/en\/wp-json\/wp\/v2\/users\/23"}],"replies":[{"embeddable":true,"href":"https:\/\/interzero.pl\/en\/wp-json\/wp\/v2\/comments?post=4858"}],"version-history":[{"count":5,"href":"https:\/\/interzero.pl\/en\/wp-json\/wp\/v2\/pages\/4858\/revisions"}],"predecessor-version":[{"id":21729,"href":"https:\/\/interzero.pl\/en\/wp-json\/wp\/v2\/pages\/4858\/revisions\/21729"}],"wp:featuredmedia":[{"embeddable":true,"href":"https:\/\/interzero.pl\/en\/wp-json\/wp\/v2\/media\/4862"}],"wp:attachment":[{"href":"https:\/\/interzero.pl\/en\/wp-json\/wp\/v2\/media?parent=4858"}],"wp:term":[{"taxonomy":"wf_page_folders","embeddable":true,"href":"https:\/\/interzero.pl\/en\/wp-json\/wp\/v2\/wf_page_folders?post=4858"}],"curies":[{"name":"wp","href":"https:\/\/api.w.org\/{rel}","templated":true}]}}