{"id":4839,"date":"2023-01-12T12:34:20","date_gmt":"2023-01-12T11:34:20","guid":{"rendered":"https:\/\/interzero.pl\/?page_id=4839"},"modified":"2026-01-08T12:29:31","modified_gmt":"2026-01-08T11:29:31","slug":"audyty-srodowiskowe","status":"publish","type":"page","link":"https:\/\/interzero.pl\/en\/uslugi\/doradztwo-srodowiskowe\/audyty-srodowiskowe\/","title":{"rendered":"Environmental audits"},"content":{"rendered":"<div class=\"wpb-content-wrapper\"><div data-parent=\"true\" class=\"vc_row row-container\" id=\"row-unique-0\"><div class=\"row limit-width row-parent\"><div class=\"wpb_row row-inner\"><div class=\"wpb_column pos-top pos-center align_left column_parent col-lg-12 single-internal-gutter\"><div class=\"uncol style-light\"  ><div class=\"uncoltable\"><div class=\"uncell no-block-padding\" ><div class=\"uncont\" ><div class=\"vc_custom_heading_wrap\"><div class=\"heading-text el-text\" ><h2 class=\"h2\" ><span><\/p><\/span><span><h1 style=\"text-align: center\">Our audits guarantee knowledge of regulations and awareness of environmental best practice<\/h1><\/span><span><p><\/span><\/h2><\/div><div class=\"clear\"><\/div><\/div><\/div><\/div><\/div><\/div><\/div><script id=\"script-row-unique-0\" data-row=\"script-row-unique-0\" type=\"text\/javascript\" class=\"vc_controls\">UNCODE.initRow(document.getElementById(\"row-unique-0\"));<\/script><\/div><\/div><\/div><div data-parent=\"true\" class=\"vc_row row-container\" id=\"row-unique-1\"><div class=\"row limit-width row-parent\"><div class=\"wpb_row row-inner\"><div class=\"wpb_column pos-top pos-center align_left column_parent col-lg-12 single-internal-gutter\"><div class=\"uncol style-light\"  ><div class=\"uncoltable\"><div class=\"uncell no-block-padding\" ><div class=\"uncont\" ><div class=\"uncode_text_column\" ><p><b>Interzero audits are:<\/b><\/p>\n<div>\n<ul>\n<li>optimising processes and streamlining operations,<\/li>\n<li>lower costs for your company,<\/li>\n<li>100% assurance of the correct discharge of the statutory obligation.<\/li>\n<\/ul>\n<\/div>\n<div>\n<p><b>Depending on your needs, the service may include an analysis of areas:<\/b><\/p>\n<\/div>\n<div>\n<ul>\n<li>waste,<\/li>\n<li>air emissions,<\/li>\n<li>water and wastewater management,<\/li>\n<li>Extended Producer Responsibility<\/li>\n<\/ul>\n<\/div>\n<p>\n<\/div><\/div><\/div><\/div><\/div><\/div><script id=\"script-row-unique-1\" data-row=\"script-row-unique-1\" type=\"text\/javascript\" class=\"vc_controls\">UNCODE.initRow(document.getElementById(\"row-unique-1\"));<\/script><\/div><\/div><\/div><div data-parent=\"true\" class=\"vc_row row-container\" id=\"row-unique-2\"><div class=\"row limit-width row-parent\"><div class=\"wpb_row row-inner\"><div class=\"wpb_column pos-top pos-center align_left column_parent col-lg-12 single-internal-gutter\"><div class=\"uncol style-light\"  ><div class=\"uncoltable\"><div class=\"uncell no-block-padding\" ><div class=\"uncont\" ><div class=\"uncode_text_column\" ><\/div><\/div><\/div><\/div><\/div><\/div><script id=\"script-row-unique-2\" data-row=\"script-row-unique-2\" type=\"text\/javascript\" class=\"vc_controls\">UNCODE.initRow(document.getElementById(\"row-unique-2\"));<\/script><\/div><\/div><\/div><div data-parent=\"true\" class=\"vc_row row-container\" id=\"row-unique-3\"><div class=\"row limit-width row-parent\"><div class=\"wpb_row row-inner\"><div class=\"wpb_column pos-top pos-center align_left column_parent col-lg-12 single-internal-gutter\"><div class=\"uncol style-light\"  ><div class=\"uncoltable\"><div class=\"uncell single-block-padding style-color-lxmt-bg has-bg\" ><div class=\"uncont\" ><div class=\"uncode_text_column\" ><\/p>\n<h2 style=\"text-align: center\"><strong>We look forward to hearing from you. Get in touch with us.<\/strong><\/h2>\n<p>\n<\/div><div class=\"vc_row row-internal row-container\"><div class=\"row row-child\"><div class=\"wpb_row row-inner\"><div class=\"wpb_column pos-top pos-center align_center column_child col-lg-6 half-internal-gutter\"><div class=\"uncol style-light\" ><div class=\"uncoltable\"><div class=\"uncell one-block-padding\" ><div class=\"uncont\" ><div class=\"uncode-single-media  text-center\"><div class=\"single-wrapper\" style=\"max-width: 250px;\"><div class=\"tmb tmb-light  img-circle tmb-img-ratio tmb-media-first tmb-media-last tmb-content-overlay tmb-no-bg\"><div class=\"t-inside\"><div class=\"t-entry-visual\"><div class=\"t-entry-visual-tc\"><div class=\"uncode-single-media-wrapper img-circle\"><div class=\"dummy\" style=\"padding-top: 100%;\"><\/div><img decoding=\"async\" class=\"wp-image-4471\" src=\"https:\/\/interzero.pl\/wp-content\/uploads\/sites\/12\/2022\/12\/logo-kreis-400x400-1-uai-258x258-1.png\" width=\"258\" height=\"258\" alt=\"logo Interzero\" srcset=\"https:\/\/interzero.pl\/wp-content\/uploads\/sites\/12\/2022\/12\/logo-kreis-400x400-1-uai-258x258-1.png 258w, https:\/\/interzero.pl\/wp-content\/uploads\/sites\/12\/2022\/12\/logo-kreis-400x400-1-uai-258x258-1-150x150.png 150w, https:\/\/interzero.pl\/wp-content\/uploads\/sites\/12\/2022\/12\/logo-kreis-400x400-1-uai-258x258-1-250x250.png 250w\" sizes=\"(max-width: 258px) 100vw, 258px\" \/><\/div>\n\t\t\t\t\t<\/div>\n\t\t\t\t<\/div><\/div><\/div><\/div><\/div><\/div><\/div><\/div><\/div><\/div><div class=\"wpb_column pos-top pos-center align_left column_child col-lg-6 single-internal-gutter\"><div class=\"uncol style-light\" ><div class=\"uncoltable\"><div class=\"uncell single-block-padding\" ><div class=\"uncont\" ><div class=\"icon-box icon-box-left\" ><div class=\"icon-box-icon fa-container\"><span class=\"text-color-184177-color btn-disable-hover\"><i class=\"fa fa-envelope fa-2x fa-fw\"><\/i><\/span><\/div><div class=\"icon-box-content\"><div class=\"icon-box-heading icon-box-fa-2x\"><h4 class=\"h4\">biuro@interzero.pl<\/h4><\/div><\/div><\/div><div class=\"icon-box icon-box-left\" ><div class=\"icon-box-icon fa-container\"><span class=\"text-color-184177-color btn-disable-hover\"><i class=\"fa fa-phone fa-2x fa-fw\"><\/i><\/span><\/div><div class=\"icon-box-content\"><div class=\"icon-box-heading icon-box-fa-2x\"><h4 class=\"h4\">+48 22 742 10 22<\/h4><\/div><\/div><\/div><\/div><\/div><\/div><\/div><\/div><\/div><\/div><\/div><\/div><\/div><\/div><\/div><\/div><script id=\"script-row-unique-3\" data-row=\"script-row-unique-3\" type=\"text\/javascript\" class=\"vc_controls\">UNCODE.initRow(document.getElementById(\"row-unique-3\"));<\/script><\/div><\/div><\/div><div data-parent=\"true\" class=\"vc_row row-container\" id=\"row-unique-4\"><div class=\"row limit-width row-parent\"><div class=\"wpb_row row-inner\"><div class=\"wpb_column pos-top pos-center align_left column_parent col-lg-12 single-internal-gutter\"><div class=\"uncol style-light\"  ><div class=\"uncoltable\"><div class=\"uncell no-block-padding\" ><div class=\"uncont\" ><\/div><\/div><\/div><\/div><\/div><script id=\"script-row-unique-4\" data-row=\"script-row-unique-4\" type=\"text\/javascript\" class=\"vc_controls\">UNCODE.initRow(document.getElementById(\"row-unique-4\"));<\/script><\/div><\/div><\/div>\n<\/div>","protected":false},"excerpt":{"rendered":"Our audits are a guarantee of regulatory knowledge and awareness of environmental best practiceInterzero audits are: process optimisation and [...]","protected":false},"author":23,"featured_media":4818,"parent":4973,"menu_order":28,"comment_status":"closed","ping_status":"closed","template":"","meta":{"_acf_changed":false,"inline_featured_image":false,"footnotes":""},"wf_page_folders":[76],"class_list":["post-4839","page","type-page","status-publish","has-post-thumbnail","hentry","page_category-pl"],"acf":[],"yoast_head":"<!-- This site is optimized with the Yoast SEO plugin v26.4 - https:\/\/yoast.com\/wordpress\/plugins\/seo\/ -->\n<title>Audyty \u015brodowiskowe Interzero \ud83c\udf31 Poznaj rodzaje i obszary analizy<\/title>\n<meta name=\"description\" content=\"Fachowe audyty wykonywane przez specjalist\u00f3w ds. ochrony \u015brodowiska. Zam\u00f3w i sprawd\u017a stan realizacji obowi\u0105zk\u00f3w \u015brodowiskowych w swojej firmie!\" \/>\n<meta name=\"robots\" content=\"index, follow, max-snippet:-1, max-image-preview:large, max-video-preview:-1\" \/>\n<link rel=\"canonical\" href=\"https:\/\/interzero.pl\/en\/uslugi\/doradztwo-srodowiskowe\/audyty-srodowiskowe\/\" \/>\n<meta property=\"og:locale\" content=\"en_GB\" \/>\n<meta property=\"og:type\" content=\"article\" \/>\n<meta property=\"og:title\" content=\"Audyty \u015brodowiskowe Interzero \ud83c\udf31 Poznaj rodzaje i obszary analizy\" \/>\n<meta property=\"og:description\" content=\"Fachowe audyty wykonywane przez specjalist\u00f3w ds. ochrony \u015brodowiska. Zam\u00f3w i sprawd\u017a stan realizacji obowi\u0105zk\u00f3w \u015brodowiskowych w swojej firmie!\" \/>\n<meta property=\"og:url\" content=\"https:\/\/interzero.pl\/en\/uslugi\/doradztwo-srodowiskowe\/audyty-srodowiskowe\/\" \/>\n<meta property=\"og:site_name\" content=\"Interzero Polska\" \/>\n<meta property=\"article:publisher\" content=\"https:\/\/www.facebook.com\/InterzeroPolska\" \/>\n<meta property=\"article:modified_time\" content=\"2026-01-08T11:29:31+00:00\" \/>\n<meta property=\"og:image\" content=\"https:\/\/interzero.pl\/wp-content\/uploads\/sites\/12\/2023\/01\/Teraz-srodowisko-51.png\" \/>\n\t<meta property=\"og:image:width\" content=\"1920\" \/>\n\t<meta property=\"og:image:height\" content=\"1080\" \/>\n\t<meta property=\"og:image:type\" content=\"image\/png\" \/>\n<meta name=\"twitter:card\" content=\"summary_large_image\" \/>\n<meta name=\"twitter:label1\" content=\"Estimated reading time\" \/>\n\t<meta name=\"twitter:data1\" content=\"1 minute\" \/>\n<script type=\"application\/ld+json\" class=\"yoast-schema-graph\">{\"@context\":\"https:\/\/schema.org\",\"@graph\":[{\"@type\":\"WebPage\",\"@id\":\"https:\/\/interzero.pl\/uslugi\/doradztwo-srodowiskowe\/audyty-srodowiskowe\/\",\"url\":\"https:\/\/interzero.pl\/uslugi\/doradztwo-srodowiskowe\/audyty-srodowiskowe\/\",\"name\":\"Audyty \u015brodowiskowe Interzero \ud83c\udf31 Poznaj rodzaje i obszary analizy\",\"isPartOf\":{\"@id\":\"https:\/\/interzero.pl\/#website\"},\"primaryImageOfPage\":{\"@id\":\"https:\/\/interzero.pl\/uslugi\/doradztwo-srodowiskowe\/audyty-srodowiskowe\/#primaryimage\"},\"image\":{\"@id\":\"https:\/\/interzero.pl\/uslugi\/doradztwo-srodowiskowe\/audyty-srodowiskowe\/#primaryimage\"},\"thumbnailUrl\":\"https:\/\/interzero.pl\/wp-content\/uploads\/sites\/12\/2023\/01\/Teraz-srodowisko-51.png\",\"datePublished\":\"2023-01-12T11:34:20+00:00\",\"dateModified\":\"2026-01-08T11:29:31+00:00\",\"description\":\"Fachowe audyty wykonywane przez specjalist\u00f3w ds. ochrony \u015brodowiska. Zam\u00f3w i sprawd\u017a stan realizacji obowi\u0105zk\u00f3w \u015brodowiskowych w swojej firmie!\",\"breadcrumb\":{\"@id\":\"https:\/\/interzero.pl\/uslugi\/doradztwo-srodowiskowe\/audyty-srodowiskowe\/#breadcrumb\"},\"inLanguage\":\"en-GB\",\"potentialAction\":[{\"@type\":\"ReadAction\",\"target\":[\"https:\/\/interzero.pl\/uslugi\/doradztwo-srodowiskowe\/audyty-srodowiskowe\/\"]}]},{\"@type\":\"ImageObject\",\"inLanguage\":\"en-GB\",\"@id\":\"https:\/\/interzero.pl\/uslugi\/doradztwo-srodowiskowe\/audyty-srodowiskowe\/#primaryimage\",\"url\":\"https:\/\/interzero.pl\/wp-content\/uploads\/sites\/12\/2023\/01\/Teraz-srodowisko-51.png\",\"contentUrl\":\"https:\/\/interzero.pl\/wp-content\/uploads\/sites\/12\/2023\/01\/Teraz-srodowisko-51.png\",\"width\":1920,\"height\":1080,\"caption\":\"2 osoby pracuj\u0105 nad optymalizacj\u0105 gospodarki odpadowej w firmie przy biurku, na kt\u00f3rym le\u017c\u0105 dokumenty i kalkulator\"},{\"@type\":\"BreadcrumbList\",\"@id\":\"https:\/\/interzero.pl\/uslugi\/doradztwo-srodowiskowe\/audyty-srodowiskowe\/#breadcrumb\",\"itemListElement\":[{\"@type\":\"ListItem\",\"position\":1,\"name\":\"Home\",\"item\":\"https:\/\/interzero.pl\/\"},{\"@type\":\"ListItem\",\"position\":2,\"name\":\"Us\u0142ugi\",\"item\":\"https:\/\/interzero.pl\/uslugi\/\"},{\"@type\":\"ListItem\",\"position\":3,\"name\":\"Doradztwo \u015brodowiskowe\",\"item\":\"https:\/\/interzero.pl\/uslugi\/doradztwo-srodowiskowe\/\"},{\"@type\":\"ListItem\",\"position\":4,\"name\":\"Audyty \u015brodowiskowe\"}]},{\"@type\":\"WebSite\",\"@id\":\"https:\/\/interzero.pl\/#website\",\"url\":\"https:\/\/interzero.pl\/\",\"name\":\"Interzero Polska | Rozwi\u0105zania dla \u015bwiata bez odpad\u00f3w\",\"description\":\"Dostarczamy innowacyjne i kompleksowe rozwi\u0105zania  w zakresie ochrony \u015brodowiska.\",\"publisher\":{\"@id\":\"https:\/\/interzero.pl\/#organization\"},\"potentialAction\":[{\"@type\":\"SearchAction\",\"target\":{\"@type\":\"EntryPoint\",\"urlTemplate\":\"https:\/\/interzero.pl\/?s={search_term_string}\"},\"query-input\":{\"@type\":\"PropertyValueSpecification\",\"valueRequired\":true,\"valueName\":\"search_term_string\"}}],\"inLanguage\":\"en-GB\"},{\"@type\":\"Organization\",\"@id\":\"https:\/\/interzero.pl\/#organization\",\"name\":\"Interzero Polska\",\"url\":\"https:\/\/interzero.pl\/\",\"logo\":{\"@type\":\"ImageObject\",\"inLanguage\":\"en-GB\",\"@id\":\"https:\/\/interzero.pl\/#\/schema\/logo\/image\/\",\"url\":\"https:\/\/interzero.pl\/wp-content\/uploads\/sites\/12\/2024\/07\/Interzero.png\",\"contentUrl\":\"https:\/\/interzero.pl\/wp-content\/uploads\/sites\/12\/2024\/07\/Interzero.png\",\"width\":1920,\"height\":1080,\"caption\":\"Interzero Polska\"},\"image\":{\"@id\":\"https:\/\/interzero.pl\/#\/schema\/logo\/image\/\"},\"sameAs\":[\"https:\/\/www.facebook.com\/InterzeroPolska\",\"https:\/\/www.linkedin.com\/company\/interzero-zero-waste-solutions\/\"]}]}<\/script>\n<!-- \/ Yoast SEO plugin. -->","yoast_head_json":{"title":"Interzero environmental audits \ud83c\udf31 Learn about types and areas of analysis","description":"Professional audits by environmental specialists. Order and check the status of your company's environmental obligations!","robots":{"index":"index","follow":"follow","max-snippet":"max-snippet:-1","max-image-preview":"max-image-preview:large","max-video-preview":"max-video-preview:-1"},"canonical":"https:\/\/interzero.pl\/en\/uslugi\/doradztwo-srodowiskowe\/audyty-srodowiskowe\/","og_locale":"en_GB","og_type":"article","og_title":"Audyty \u015brodowiskowe Interzero \ud83c\udf31 Poznaj rodzaje i obszary analizy","og_description":"Fachowe audyty wykonywane przez specjalist\u00f3w ds. ochrony \u015brodowiska. Zam\u00f3w i sprawd\u017a stan realizacji obowi\u0105zk\u00f3w \u015brodowiskowych w swojej firmie!","og_url":"https:\/\/interzero.pl\/en\/uslugi\/doradztwo-srodowiskowe\/audyty-srodowiskowe\/","og_site_name":"Interzero Polska","article_publisher":"https:\/\/www.facebook.com\/InterzeroPolska","article_modified_time":"2026-01-08T11:29:31+00:00","og_image":[{"width":1920,"height":1080,"url":"https:\/\/interzero.pl\/wp-content\/uploads\/sites\/12\/2023\/01\/Teraz-srodowisko-51.png","type":"image\/png"}],"twitter_card":"summary_large_image","twitter_misc":{"Estimated reading time":"1 minute"},"schema":{"@context":"https:\/\/schema.org","@graph":[{"@type":"WebPage","@id":"https:\/\/interzero.pl\/uslugi\/doradztwo-srodowiskowe\/audyty-srodowiskowe\/","url":"https:\/\/interzero.pl\/uslugi\/doradztwo-srodowiskowe\/audyty-srodowiskowe\/","name":"Interzero environmental audits \ud83c\udf31 Learn about types and areas of analysis","isPartOf":{"@id":"https:\/\/interzero.pl\/#website"},"primaryImageOfPage":{"@id":"https:\/\/interzero.pl\/uslugi\/doradztwo-srodowiskowe\/audyty-srodowiskowe\/#primaryimage"},"image":{"@id":"https:\/\/interzero.pl\/uslugi\/doradztwo-srodowiskowe\/audyty-srodowiskowe\/#primaryimage"},"thumbnailUrl":"https:\/\/interzero.pl\/wp-content\/uploads\/sites\/12\/2023\/01\/Teraz-srodowisko-51.png","datePublished":"2023-01-12T11:34:20+00:00","dateModified":"2026-01-08T11:29:31+00:00","description":"Professional audits by environmental specialists. Order and check the status of your company's environmental obligations!","breadcrumb":{"@id":"https:\/\/interzero.pl\/uslugi\/doradztwo-srodowiskowe\/audyty-srodowiskowe\/#breadcrumb"},"inLanguage":"en-GB","potentialAction":[{"@type":"ReadAction","target":["https:\/\/interzero.pl\/uslugi\/doradztwo-srodowiskowe\/audyty-srodowiskowe\/"]}]},{"@type":"ImageObject","inLanguage":"en-GB","@id":"https:\/\/interzero.pl\/uslugi\/doradztwo-srodowiskowe\/audyty-srodowiskowe\/#primaryimage","url":"https:\/\/interzero.pl\/wp-content\/uploads\/sites\/12\/2023\/01\/Teraz-srodowisko-51.png","contentUrl":"https:\/\/interzero.pl\/wp-content\/uploads\/sites\/12\/2023\/01\/Teraz-srodowisko-51.png","width":1920,"height":1080,"caption":"2 osoby pracuj\u0105 nad optymalizacj\u0105 gospodarki odpadowej w firmie przy biurku, na kt\u00f3rym le\u017c\u0105 dokumenty i kalkulator"},{"@type":"BreadcrumbList","@id":"https:\/\/interzero.pl\/uslugi\/doradztwo-srodowiskowe\/audyty-srodowiskowe\/#breadcrumb","itemListElement":[{"@type":"ListItem","position":1,"name":"Home","item":"https:\/\/interzero.pl\/"},{"@type":"ListItem","position":2,"name":"Us\u0142ugi","item":"https:\/\/interzero.pl\/uslugi\/"},{"@type":"ListItem","position":3,"name":"Doradztwo \u015brodowiskowe","item":"https:\/\/interzero.pl\/uslugi\/doradztwo-srodowiskowe\/"},{"@type":"ListItem","position":4,"name":"Audyty \u015brodowiskowe"}]},{"@type":"WebSite","@id":"https:\/\/interzero.pl\/#website","url":"https:\/\/interzero.pl\/","name":"Interzero Polska | Solutions for a world without waste","description":"We provide innovative and comprehensive environmental solutions.","publisher":{"@id":"https:\/\/interzero.pl\/#organization"},"potentialAction":[{"@type":"SearchAction","target":{"@type":"EntryPoint","urlTemplate":"https:\/\/interzero.pl\/?s={search_term_string}"},"query-input":{"@type":"PropertyValueSpecification","valueRequired":true,"valueName":"search_term_string"}}],"inLanguage":"en-GB"},{"@type":"Organization","@id":"https:\/\/interzero.pl\/#organization","name":"Interzero Poland","url":"https:\/\/interzero.pl\/","logo":{"@type":"ImageObject","inLanguage":"en-GB","@id":"https:\/\/interzero.pl\/#\/schema\/logo\/image\/","url":"https:\/\/interzero.pl\/wp-content\/uploads\/sites\/12\/2024\/07\/Interzero.png","contentUrl":"https:\/\/interzero.pl\/wp-content\/uploads\/sites\/12\/2024\/07\/Interzero.png","width":1920,"height":1080,"caption":"Interzero Polska"},"image":{"@id":"https:\/\/interzero.pl\/#\/schema\/logo\/image\/"},"sameAs":["https:\/\/www.facebook.com\/InterzeroPolska","https:\/\/www.linkedin.com\/company\/interzero-zero-waste-solutions\/"]}]}},"_links":{"self":[{"href":"https:\/\/interzero.pl\/en\/wp-json\/wp\/v2\/pages\/4839","targetHints":{"allow":["GET"]}}],"collection":[{"href":"https:\/\/interzero.pl\/en\/wp-json\/wp\/v2\/pages"}],"about":[{"href":"https:\/\/interzero.pl\/en\/wp-json\/wp\/v2\/types\/page"}],"author":[{"embeddable":true,"href":"https:\/\/interzero.pl\/en\/wp-json\/wp\/v2\/users\/23"}],"replies":[{"embeddable":true,"href":"https:\/\/interzero.pl\/en\/wp-json\/wp\/v2\/comments?post=4839"}],"version-history":[{"count":12,"href":"https:\/\/interzero.pl\/en\/wp-json\/wp\/v2\/pages\/4839\/revisions"}],"predecessor-version":[{"id":21926,"href":"https:\/\/interzero.pl\/en\/wp-json\/wp\/v2\/pages\/4839\/revisions\/21926"}],"up":[{"embeddable":true,"href":"https:\/\/interzero.pl\/en\/wp-json\/wp\/v2\/pages\/4973"}],"wp:featuredmedia":[{"embeddable":true,"href":"https:\/\/interzero.pl\/en\/wp-json\/wp\/v2\/media\/4818"}],"wp:attachment":[{"href":"https:\/\/interzero.pl\/en\/wp-json\/wp\/v2\/media?parent=4839"}],"wp:term":[{"taxonomy":"wf_page_folders","embeddable":true,"href":"https:\/\/interzero.pl\/en\/wp-json\/wp\/v2\/wf_page_folders?post=4839"}],"curies":[{"name":"wp","href":"https:\/\/api.w.org\/{rel}","templated":true}]}}