{"id":4578,"date":"2023-01-09T13:06:14","date_gmt":"2023-01-09T12:06:14","guid":{"rendered":"https:\/\/interzero.pl\/?page_id=4578"},"modified":"2023-12-05T13:18:03","modified_gmt":"2023-12-05T12:18:03","slug":"kontakt","status":"publish","type":"page","link":"https:\/\/interzero.pl\/en\/kontakt\/","title":{"rendered":"Contact"},"content":{"rendered":"<div class=\"wpb-content-wrapper\"><div data-parent=\"true\" class=\"vc_row hidden row-container\" id=\"row-unique-0\"><div class=\"row double-top-padding single-bottom-padding single-h-padding limit-width row-parent\"><div class=\"wpb_row row-inner\"><div class=\"wpb_column pos-top pos-center align_center column_parent col-lg-12 single-internal-gutter\"><div class=\"uncol style-light\"  ><div class=\"uncoltable\"><div class=\"uncell no-block-padding\" ><div class=\"uncont\" ><div class=\"vc_custom_heading_wrap\"><div class=\"heading-text el-text\" ><\/p>\n<h1>Contact us<\/h1>\n<p>\n<\/div><div class=\"clear\"><\/div><\/div><div class=\"uncode_text_column\" ><p>Thank you for your willingness to contact us.<br \/>\nPlease enter your enquiry and contact details below.<\/p>\n<\/div><\/div><\/div><\/div><\/div><\/div><script id=\"script-row-unique-0\" data-row=\"script-row-unique-0\" type=\"text\/javascript\" class=\"vc_controls\">UNCODE.initRow(document.getElementById(\"row-unique-0\"));<\/script><\/div><\/div><\/div><div data-parent=\"true\" class=\"vc_row row-container\" id=\"row-unique-2\"><div class=\"row col-no-gutter limit-width row-parent\"><div class=\"wpb_row row-inner\"><div class=\"wpb_column pos-top pos-center align_left column_parent col-lg-12 single-internal-gutter\"><div class=\"uncol style-light\"  ><div class=\"uncoltable\"><div class=\"uncell no-block-padding\" ><div class=\"uncont\" >\n\t<div class=\"wpb_raw_code wpb_raw_html\" >\n\t\t<div class=\"wpb_wrapper\">\n\t\t\t<a name=\"kontaktformular\"><\/a>\n\t\t<\/div>\n\t<\/div>\n<\/div><\/div><\/div><\/div><\/div><script id=\"script-row-unique-2\" data-row=\"script-row-unique-2\" type=\"text\/javascript\" class=\"vc_controls\">UNCODE.initRow(document.getElementById(\"row-unique-2\"));<\/script><\/div><\/div><\/div><div data-parent=\"true\" class=\"vc_row row-container onepage-section\" data-label=\"kontakt\" data-name=\"kontakt\" id=\"row-unique-3\"><div class=\"row double-top-padding single-bottom-padding single-h-padding limit-width row-parent\"><div class=\"wpb_row row-inner\"><div class=\"wpb_column pos-top pos-center align_center column_parent col-lg-12 single-internal-gutter\"><div class=\"uncol style-light\"  ><div class=\"uncoltable\"><div class=\"uncell no-block-padding\" ><div class=\"uncont\" ><div class=\"vc_custom_heading_wrap\"><div class=\"heading-text el-text\" ><h2 class=\"h2\" ><span><strong>Contact<\/strong><\/span><\/h2><\/div><div class=\"clear\"><\/div><\/div><\/div><\/div><\/div><\/div><\/div><script id=\"script-row-unique-3\" data-row=\"script-row-unique-3\" type=\"text\/javascript\" class=\"vc_controls\">UNCODE.initRow(document.getElementById(\"row-unique-3\"));<\/script><\/div><\/div><\/div><div data-parent=\"true\" class=\"vc_row row-container\" id=\"row-unique-4\"><div class=\"row col-double-gutter single-top-padding double-bottom-padding single-h-padding limit-width row-parent\"><div class=\"wpb_row row-inner\"><div class=\"wpb_column pos-top pos-center align_center column_parent col-lg-6 single-internal-gutter\"><div class=\"uncol style-light\"  ><div class=\"uncoltable\"><div class=\"uncell no-block-padding\" ><div class=\"uncont\" ><div class=\"vc_row row-internal row-container\"><div class=\"row row-child\"><div class=\"wpb_row row-inner\"><div class=\"wpb_column pos-top pos-center align_center column_child col-lg-12 mt-contact-iconbox-top-hl no-internal-gutter\"><div class=\"uncol style-light unexpand\" ><div class=\"uncoltable\"><div class=\"uncell single-block-padding style-color-lxmt-bg\" ><div class=\"column-background background-element\">\n\t\t\t\t\t\t\t\t\t\t\t<div class=\"background-wrapper\">\n\t\t\t\t\t\t\t\t\t\t\t\t<div class=\"background-inner\" style=\"background-image: url(https:\/\/interzero.pl\/wp-content\/uploads\/sites\/12\/2022\/05\/Related-Pages-570x320-nachhaltigkeitsbericht.jpg);background-repeat: no-repeat;background-position: center center;background-size: cover;\" data-o_src=\"https:\/\/interzero.pl\/wp-content\/uploads\/sites\/12\/2022\/05\/Related-Pages-570x320-nachhaltigkeitsbericht.jpg\"><\/div>\n\t\t\t\t\t\t\t\t\t\t\t\t\n\t\t\t\t\t\t\t\t\t\t\t<\/div>\n\t\t\t\t\t\t\t\t\t\t<\/div><div class=\"uncont\" ><div class=\"empty-space empty-quad\" ><span class=\"empty-space-inner\"><\/span><\/div>\n<\/div><\/div><\/div><\/div><\/div><\/div><\/div><\/div><div class=\"vc_row row-internal row-container\"><div class=\"row row-child\"><div class=\"wpb_row row-inner\"><div class=\"wpb_column pos-top pos-center align_center column_child col-lg-12 mt-contact-iconbox-top-hl no-internal-gutter\"><div class=\"uncol style-light\" ><div class=\"uncoltable\"><div class=\"uncell single-block-padding style-color-lxmt-bg\" ><div class=\"uncont\" ><div class=\"icon-box icon-box-top\" ><div class=\"icon-box-icon fa-container\"><a role=\"button\" href=\"mailto:biuro@interzero.pl\" class=\"text-default-color custom-link\"><span id=\"icon-187796\" style=\"width:50px\" class=\"icon-media\"><img decoding=\"async\" src=\"https:\/\/interzero.pl\/wp-content\/uploads\/sites\/12\/2022\/10\/icon-email.svg\" alt=\"email\" \/><\/span><\/a><\/div><div class=\"icon-box-content\"><div class=\"icon-box-heading icon-box-fa-1x\"><p class=\"font-212005 h3\">biuro@interzero.pl<\/p><\/div><\/div><\/div><\/div><\/div><\/div><\/div><\/div><\/div><\/div><\/div><\/div><\/div><\/div><\/div><\/div><div class=\"wpb_column pos-top pos-center align_left column_parent col-lg-6 single-internal-gutter\"><div class=\"uncol style-light\"  ><div class=\"uncoltable\"><div class=\"uncell no-block-padding\" ><div class=\"uncont\" ><div class=\"uncode_text_column\" >\n<div class=\"wpcf7 no-js\" id=\"wpcf7-f14021-o1\" lang=\"de-DE\" dir=\"ltr\" data-wpcf7-id=\"14021\">\n<div class=\"screen-reader-response\"><p role=\"status\" aria-live=\"polite\" aria-atomic=\"true\"><\/p> <ul><\/ul><\/div>\n<form action=\"\/en\/wp-json\/wp\/v2\/pages\/4578#wpcf7-f14021-o1\" method=\"post\" class=\"wpcf7-form init\" aria-label=\"Contact form\" novalidate=\"novalidate\" data-status=\"init\" data-trp-original-action=\"\/en\/wp-json\/wp\/v2\/pages\/4578#wpcf7-f14021-o1\">\n<fieldset class=\"hidden-fields-container\"><input type=\"hidden\" name=\"_wpcf7\" value=\"14021\" \/><input type=\"hidden\" name=\"_wpcf7_version\" value=\"6.1.3\" \/><input type=\"hidden\" name=\"_wpcf7_locale\" value=\"de_DE\" \/><input type=\"hidden\" name=\"_wpcf7_unit_tag\" value=\"wpcf7-f14021-o1\" \/><input type=\"hidden\" name=\"_wpcf7_container_post\" value=\"0\" \/><input type=\"hidden\" name=\"_wpcf7_posted_data_hash\" value=\"\" \/><input type=\"hidden\" name=\"_wpcf7cf_hidden_group_fields\" value=\"[]\" \/><input type=\"hidden\" name=\"_wpcf7cf_hidden_groups\" value=\"[]\" \/><input type=\"hidden\" name=\"_wpcf7cf_visible_groups\" value=\"[]\" \/><input type=\"hidden\" name=\"_wpcf7cf_repeaters\" value=\"[]\" \/><input type=\"hidden\" name=\"_wpcf7cf_steps\" value=\"{}\" \/><input type=\"hidden\" name=\"_wpcf7cf_options\" value=\"{&quot;form_id&quot;:14021,&quot;conditions&quot;:[{&quot;then_field&quot;:&quot;group-532&quot;,&quot;and_rules&quot;:[{&quot;if_field&quot;:&quot;menu-779&quot;,&quot;operator&quot;:&quot;equals&quot;,&quot;if_value&quot;:&quot;DPR\\\/EDPR&quot;}]}],&quot;settings&quot;:{&quot;animation&quot;:&quot;yes&quot;,&quot;animation_intime&quot;:200,&quot;animation_outtime&quot;:200,&quot;conditions_ui&quot;:&quot;normal&quot;,&quot;notice_dismissed&quot;:false,&quot;notice_dismissed_rollback-cf7-5.9.5&quot;:true,&quot;notice_dismissed_rollback-cf7-5.9.7&quot;:true}}\" \/>\n<\/fieldset>\n<p><span class=\"wpcf7-form-control-wrap\" data-name=\"your-name\"><input size=\"40\" maxlength=\"400\" class=\"wpcf7-form-control wpcf7-text wpcf7-validates-as-required\" aria-required=\"true\" aria-invalid=\"false\" placeholder=\"Name\" value=\"\" type=\"text\" name=\"your-name\" \/><\/span>\n<\/p>\n<p><span class=\"wpcf7-form-control-wrap\" data-name=\"your-company\"><input size=\"40\" maxlength=\"400\" class=\"wpcf7-form-control wpcf7-text\" aria-invalid=\"false\" placeholder=\"Your company name\" value=\"\" type=\"text\" name=\"your-company\" \/><\/span>\n<\/p>\n<p><span class=\"wpcf7-form-control-wrap\" data-name=\"your-NIP\"><input size=\"40\" maxlength=\"10\" class=\"wpcf7-form-control wpcf7-tel wpcf7-validates-as-required wpcf7-text wpcf7-validates-as-tel\" aria-required=\"true\" aria-invalid=\"false\" placeholder=\"Enter VAT number\" value=\"\" type=\"tel\" name=\"your-NIP\" \/><\/span>\n<\/p>\n<p><span class=\"wpcf7-form-control-wrap\" data-name=\"your-email\"><input size=\"40\" maxlength=\"400\" class=\"wpcf7-form-control wpcf7-email wpcf7-validates-as-required wpcf7-text wpcf7-validates-as-email\" aria-required=\"true\" aria-invalid=\"false\" placeholder=\"E-mail\" value=\"\" type=\"email\" name=\"your-email\" \/><\/span>\n<\/p>\n<p><span class=\"wpcf7-form-control-wrap\" data-name=\"your-tel\"><input size=\"40\" maxlength=\"400\" class=\"wpcf7-form-control wpcf7-tel wpcf7-validates-as-required wpcf7-text wpcf7-validates-as-tel\" aria-required=\"true\" aria-invalid=\"false\" placeholder=\"Contact number\" value=\"\" type=\"tel\" name=\"your-tel\" \/><\/span>\n<\/p>\n<p><span class=\"wpcf7-form-control-wrap\" data-name=\"menu-779\"><select class=\"wpcf7-form-control wpcf7-select wpcf7-validates-as-required\" aria-required=\"true\" aria-invalid=\"false\" name=\"menu-779\"><option value=\"\">- Bitte ausw\u00e4hlen -<\/option><option value=\"System kaucyjny\">Bail system<\/option><option value=\"Op\u0142ata produktowa - umowy\">Product fee - agreements<\/option><option value=\"Looping wielorazowych opakowa\u0144\">Looping reusable packaging<\/option><option value=\"Gospodarka odpadami\">Waste management<\/option><option value=\"Ekourz\u0105dzenia\">Eco-equipment<\/option><option value=\"Doradztwo \u015brodowiskowe - Outsourcing \u015brodowiskowy\">Environmental consultancy - Environmental outsourcing<\/option><option value=\"Edukacja ekologiczna\">Environmental education<\/option><option value=\"Webinary - Szkolenia - Konferencje\">Webinars - Training - Conferences<\/option><option value=\"Audyty\">Audits<\/option><option value=\"Moje Interzero - raporty\">My Interzero - reports<\/option><option value=\"Platforma odpadowa Interzero (POI)\">Interzero waste platform (POI)<\/option><option value=\"Faktury i specyfikacje\">Invoices and specifications<\/option><option value=\"Autoryzowany przedstawiciel\">Authorised representative<\/option><option value=\"DPR\/EDPR\">DPR\/EDPR<\/option><option value=\"Inne\">Other<\/option><\/select><\/span>\n<\/p>\n<div data-id=\"group-532\" data-orig_data_id=\"group-532\"  class=\"\" data-class=\"wpcf7cf_group\">\n\t<p><span class=\"wpcf7-form-control-wrap\" data-name=\"menu-343\"><select class=\"wpcf7-form-control wpcf7-select wpcf7-validates-as-required\" aria-required=\"true\" aria-invalid=\"false\" name=\"menu-343\"><option value=\"\">Select a region<\/option><option value=\"Dolno\u015bl\u0105skie\">Lower Silesia<\/option><option value=\"Kujawsko-pomorskie\">Kujawsko-pomorskie<\/option><option value=\"Lubelskie\">Lublin<\/option><option value=\"Lubuskie\">Lubuskie<\/option><option value=\"\u0141\u00f3dzkie\">Lodz<\/option><option value=\"Ma\u0142opolskie\">Ma\u0142opolskie<\/option><option value=\"Mazowieckie\">Mazovia<\/option><option value=\"Opolskie\">Opolskie<\/option><option value=\"Podkarpackie\">Podkarpackie<\/option><option value=\"Podlaskie\">Podlaskie<\/option><option value=\"Pomorskie\">Pomeranian<\/option><option value=\"\u015al\u0105skie\">Silesia<\/option><option value=\"\u015awi\u0119tokrzyskie\">\u015awi\u0119tokrzyskie<\/option><option value=\"Warmi\u0144sko-mazurskie\">Warminsko-Mazurskie<\/option><option value=\"Wielkopolskie\">Wielkopolskie<\/option><option value=\"Zachodniopomorskie\">Zachodniopomorskie<\/option><\/select><\/span>\n\t<\/p>\n<\/div>\n<p><span class=\"wpcf7-form-control-wrap\" data-name=\"your-message\"><textarea cols=\"40\" rows=\"10\" maxlength=\"2000\" class=\"wpcf7-form-control wpcf7-textarea wpcf7-validates-as-required\" aria-required=\"true\" aria-invalid=\"false\" placeholder=\"Your message\" name=\"your-message\"><\/textarea><\/span>\n<\/p>\n<p><span class=\"wpcf7-form-control-wrap\" data-name=\"your-consent\"><span class=\"wpcf7-form-control wpcf7-acceptance\"><span class=\"wpcf7-list-item\"><label><input type=\"checkbox\" name=\"your-consent\" value=\"1\" aria-invalid=\"false\" \/><span class=\"wpcf7-list-item-label\">Pursuant to Article 13(1) and (2) of the General Data Protection Regulation of 27 April 2016. (hereinafter RODO), we inform you that the Administrator of your personal data is Interzero Organizacja Odzysku Opakowa\u0144 S.A. with its registered office in Warsaw, Al. Jerozolimskie 146D, 02-305 Warsaw. Your personal data will be processed for contact purposes necessary for the implementation of the service, in accordance with the applicable legal regulations on the basis of Article 6(1)(f) RODO. <a href=\"https:\/\/interzero.pl\/en\/polityka-prywatnosci\/\" target=\"_blank\"> Full content of the Privacy Policy. <\/a><\/span><\/label><\/span><\/span><\/span>\n<\/p>\n<p><input class=\"wpcf7-form-control wpcf7-submit has-spinner\" type=\"submit\" value=\"Send\" \/>\n<\/p><div class=\"wpcf7-response-output\" aria-hidden=\"true\"><\/div>\n<input type=\"hidden\" name=\"trp-form-language\" value=\"en\"\/><\/form>\n<\/div>\n\n<\/div><\/div><\/div><\/div><\/div><\/div><script id=\"script-row-unique-4\" data-row=\"script-row-unique-4\" type=\"text\/javascript\" class=\"vc_controls\">UNCODE.initRow(document.getElementById(\"row-unique-4\"));<\/script><\/div><\/div><\/div>\n<\/div>","protected":false},"excerpt":{"rendered":"Contact us Thank you for wanting to get in touch with us. Please enter your enquiry and contact details below. Contact [...]","protected":false},"author":2,"featured_media":2035,"parent":0,"menu_order":9,"comment_status":"closed","ping_status":"closed","template":"","meta":{"_acf_changed":false,"inline_featured_image":false,"footnotes":""},"wf_page_folders":[76],"class_list":["post-4578","page","type-page","status-publish","has-post-thumbnail","hentry","page_category-pl"],"acf":[],"yoast_head":"<!-- This site is optimized with the Yoast SEO plugin v26.4 - https:\/\/yoast.com\/wordpress\/plugins\/seo\/ -->\n<title>Kontakt \u2013 napisz do nas | Interzero<\/title>\n<meta name=\"description\" content=\"Chcesz skorzysta\u0107 z naszych us\u0142ug? Masz pytanie dotycz\u0105ce naszej oferty? A mo\u017ce chcesz nawi\u0105za\u0107 wsp\u00f3\u0142prac\u0119? Przejd\u017a do formularza kontaktowego-&gt;\" \/>\n<meta name=\"robots\" content=\"index, follow, max-snippet:-1, max-image-preview:large, max-video-preview:-1\" \/>\n<link rel=\"canonical\" href=\"https:\/\/interzero.pl\/en\/kontakt\/\" \/>\n<meta property=\"og:locale\" content=\"en_GB\" \/>\n<meta property=\"og:type\" content=\"article\" \/>\n<meta property=\"og:title\" content=\"Kontakt \u2013 napisz do nas | Interzero\" \/>\n<meta property=\"og:description\" content=\"Chcesz skorzysta\u0107 z naszych us\u0142ug? Masz pytanie dotycz\u0105ce naszej oferty? A mo\u017ce chcesz nawi\u0105za\u0107 wsp\u00f3\u0142prac\u0119? Przejd\u017a do formularza kontaktowego-&gt;\" \/>\n<meta property=\"og:url\" content=\"https:\/\/interzero.pl\/en\/kontakt\/\" \/>\n<meta property=\"og:site_name\" content=\"Interzero Polska\" \/>\n<meta property=\"article:publisher\" content=\"https:\/\/www.facebook.com\/InterzeroPolska\" \/>\n<meta property=\"article:modified_time\" content=\"2023-12-05T12:18:03+00:00\" \/>\n<meta property=\"og:image\" content=\"https:\/\/interzero.pl\/wp-content\/uploads\/sites\/12\/2022\/10\/interzero-unternehmen-1870x555-1.jpg\" \/>\n\t<meta property=\"og:image:width\" content=\"1870\" \/>\n\t<meta property=\"og:image:height\" content=\"555\" \/>\n\t<meta property=\"og:image:type\" content=\"image\/jpeg\" \/>\n<meta name=\"twitter:card\" content=\"summary_large_image\" \/>\n<meta name=\"twitter:label1\" content=\"Estimated reading time\" \/>\n\t<meta name=\"twitter:data1\" content=\"1 minute\" \/>\n<script type=\"application\/ld+json\" class=\"yoast-schema-graph\">{\"@context\":\"https:\/\/schema.org\",\"@graph\":[{\"@type\":\"WebPage\",\"@id\":\"https:\/\/interzero.pl\/kontakt\/\",\"url\":\"https:\/\/interzero.pl\/kontakt\/\",\"name\":\"Kontakt \u2013 napisz do nas | Interzero\",\"isPartOf\":{\"@id\":\"https:\/\/interzero.pl\/#website\"},\"primaryImageOfPage\":{\"@id\":\"https:\/\/interzero.pl\/kontakt\/#primaryimage\"},\"image\":{\"@id\":\"https:\/\/interzero.pl\/kontakt\/#primaryimage\"},\"thumbnailUrl\":\"https:\/\/interzero.pl\/wp-content\/uploads\/sites\/12\/2022\/10\/interzero-unternehmen-1870x555-1.jpg\",\"datePublished\":\"2023-01-09T12:06:14+00:00\",\"dateModified\":\"2023-12-05T12:18:03+00:00\",\"description\":\"Chcesz skorzysta\u0107 z naszych us\u0142ug? Masz pytanie dotycz\u0105ce naszej oferty? A mo\u017ce chcesz nawi\u0105za\u0107 wsp\u00f3\u0142prac\u0119? Przejd\u017a do formularza kontaktowego->\",\"breadcrumb\":{\"@id\":\"https:\/\/interzero.pl\/kontakt\/#breadcrumb\"},\"inLanguage\":\"en-GB\",\"potentialAction\":[{\"@type\":\"ReadAction\",\"target\":[\"https:\/\/interzero.pl\/kontakt\/\"]}]},{\"@type\":\"ImageObject\",\"inLanguage\":\"en-GB\",\"@id\":\"https:\/\/interzero.pl\/kontakt\/#primaryimage\",\"url\":\"https:\/\/interzero.pl\/wp-content\/uploads\/sites\/12\/2022\/10\/interzero-unternehmen-1870x555-1.jpg\",\"contentUrl\":\"https:\/\/interzero.pl\/wp-content\/uploads\/sites\/12\/2022\/10\/interzero-unternehmen-1870x555-1.jpg\",\"width\":1870,\"height\":555,\"caption\":\"Grafika Interzero - wysokie g\u00f3ry i g\u00f3rskie jezioro, w kt\u00f3rym odbijaj\u0105 si\u0119 sylwetki wie\u017cowc\u00f3w\"},{\"@type\":\"BreadcrumbList\",\"@id\":\"https:\/\/interzero.pl\/kontakt\/#breadcrumb\",\"itemListElement\":[{\"@type\":\"ListItem\",\"position\":1,\"name\":\"Home\",\"item\":\"https:\/\/interzero.pl\/\"},{\"@type\":\"ListItem\",\"position\":2,\"name\":\"Kontakt\"}]},{\"@type\":\"WebSite\",\"@id\":\"https:\/\/interzero.pl\/#website\",\"url\":\"https:\/\/interzero.pl\/\",\"name\":\"Interzero Polska | Rozwi\u0105zania dla \u015bwiata bez odpad\u00f3w\",\"description\":\"Dostarczamy innowacyjne i kompleksowe rozwi\u0105zania  w zakresie ochrony \u015brodowiska.\",\"publisher\":{\"@id\":\"https:\/\/interzero.pl\/#organization\"},\"potentialAction\":[{\"@type\":\"SearchAction\",\"target\":{\"@type\":\"EntryPoint\",\"urlTemplate\":\"https:\/\/interzero.pl\/?s={search_term_string}\"},\"query-input\":{\"@type\":\"PropertyValueSpecification\",\"valueRequired\":true,\"valueName\":\"search_term_string\"}}],\"inLanguage\":\"en-GB\"},{\"@type\":\"Organization\",\"@id\":\"https:\/\/interzero.pl\/#organization\",\"name\":\"Interzero Polska\",\"url\":\"https:\/\/interzero.pl\/\",\"logo\":{\"@type\":\"ImageObject\",\"inLanguage\":\"en-GB\",\"@id\":\"https:\/\/interzero.pl\/#\/schema\/logo\/image\/\",\"url\":\"https:\/\/interzero.pl\/wp-content\/uploads\/sites\/12\/2024\/07\/Interzero.png\",\"contentUrl\":\"https:\/\/interzero.pl\/wp-content\/uploads\/sites\/12\/2024\/07\/Interzero.png\",\"width\":1920,\"height\":1080,\"caption\":\"Interzero Polska\"},\"image\":{\"@id\":\"https:\/\/interzero.pl\/#\/schema\/logo\/image\/\"},\"sameAs\":[\"https:\/\/www.facebook.com\/InterzeroPolska\",\"https:\/\/www.linkedin.com\/company\/interzero-zero-waste-solutions\/\"]}]}<\/script>\n<!-- \/ Yoast SEO plugin. -->","yoast_head_json":{"title":"Contact - write to us | Interzero","description":"Would you like to make use of our services? Do you have a question about our offer? Or would you like to establish a partnership? Go to the contact form-&gt;","robots":{"index":"index","follow":"follow","max-snippet":"max-snippet:-1","max-image-preview":"max-image-preview:large","max-video-preview":"max-video-preview:-1"},"canonical":"https:\/\/interzero.pl\/en\/kontakt\/","og_locale":"en_GB","og_type":"article","og_title":"Kontakt \u2013 napisz do nas | Interzero","og_description":"Chcesz skorzysta\u0107 z naszych us\u0142ug? Masz pytanie dotycz\u0105ce naszej oferty? A mo\u017ce chcesz nawi\u0105za\u0107 wsp\u00f3\u0142prac\u0119? Przejd\u017a do formularza kontaktowego->","og_url":"https:\/\/interzero.pl\/en\/kontakt\/","og_site_name":"Interzero Polska","article_publisher":"https:\/\/www.facebook.com\/InterzeroPolska","article_modified_time":"2023-12-05T12:18:03+00:00","og_image":[{"width":1870,"height":555,"url":"https:\/\/interzero.pl\/wp-content\/uploads\/sites\/12\/2022\/10\/interzero-unternehmen-1870x555-1.jpg","type":"image\/jpeg"}],"twitter_card":"summary_large_image","twitter_misc":{"Estimated reading time":"1 minute"},"schema":{"@context":"https:\/\/schema.org","@graph":[{"@type":"WebPage","@id":"https:\/\/interzero.pl\/kontakt\/","url":"https:\/\/interzero.pl\/kontakt\/","name":"Contact - write to us | Interzero","isPartOf":{"@id":"https:\/\/interzero.pl\/#website"},"primaryImageOfPage":{"@id":"https:\/\/interzero.pl\/kontakt\/#primaryimage"},"image":{"@id":"https:\/\/interzero.pl\/kontakt\/#primaryimage"},"thumbnailUrl":"https:\/\/interzero.pl\/wp-content\/uploads\/sites\/12\/2022\/10\/interzero-unternehmen-1870x555-1.jpg","datePublished":"2023-01-09T12:06:14+00:00","dateModified":"2023-12-05T12:18:03+00:00","description":"Would you like to make use of our services? Do you have a question about our offer? Or would you like to establish a partnership? Go to the contact form-&gt;","breadcrumb":{"@id":"https:\/\/interzero.pl\/kontakt\/#breadcrumb"},"inLanguage":"en-GB","potentialAction":[{"@type":"ReadAction","target":["https:\/\/interzero.pl\/kontakt\/"]}]},{"@type":"ImageObject","inLanguage":"en-GB","@id":"https:\/\/interzero.pl\/kontakt\/#primaryimage","url":"https:\/\/interzero.pl\/wp-content\/uploads\/sites\/12\/2022\/10\/interzero-unternehmen-1870x555-1.jpg","contentUrl":"https:\/\/interzero.pl\/wp-content\/uploads\/sites\/12\/2022\/10\/interzero-unternehmen-1870x555-1.jpg","width":1870,"height":555,"caption":"Grafika Interzero - wysokie g\u00f3ry i g\u00f3rskie jezioro, w kt\u00f3rym odbijaj\u0105 si\u0119 sylwetki wie\u017cowc\u00f3w"},{"@type":"BreadcrumbList","@id":"https:\/\/interzero.pl\/kontakt\/#breadcrumb","itemListElement":[{"@type":"ListItem","position":1,"name":"Home","item":"https:\/\/interzero.pl\/"},{"@type":"ListItem","position":2,"name":"Kontakt"}]},{"@type":"WebSite","@id":"https:\/\/interzero.pl\/#website","url":"https:\/\/interzero.pl\/","name":"Interzero Polska | Solutions for a world without waste","description":"We provide innovative and comprehensive environmental solutions.","publisher":{"@id":"https:\/\/interzero.pl\/#organization"},"potentialAction":[{"@type":"SearchAction","target":{"@type":"EntryPoint","urlTemplate":"https:\/\/interzero.pl\/?s={search_term_string}"},"query-input":{"@type":"PropertyValueSpecification","valueRequired":true,"valueName":"search_term_string"}}],"inLanguage":"en-GB"},{"@type":"Organization","@id":"https:\/\/interzero.pl\/#organization","name":"Interzero Poland","url":"https:\/\/interzero.pl\/","logo":{"@type":"ImageObject","inLanguage":"en-GB","@id":"https:\/\/interzero.pl\/#\/schema\/logo\/image\/","url":"https:\/\/interzero.pl\/wp-content\/uploads\/sites\/12\/2024\/07\/Interzero.png","contentUrl":"https:\/\/interzero.pl\/wp-content\/uploads\/sites\/12\/2024\/07\/Interzero.png","width":1920,"height":1080,"caption":"Interzero Polska"},"image":{"@id":"https:\/\/interzero.pl\/#\/schema\/logo\/image\/"},"sameAs":["https:\/\/www.facebook.com\/InterzeroPolska","https:\/\/www.linkedin.com\/company\/interzero-zero-waste-solutions\/"]}]}},"_links":{"self":[{"href":"https:\/\/interzero.pl\/en\/wp-json\/wp\/v2\/pages\/4578","targetHints":{"allow":["GET"]}}],"collection":[{"href":"https:\/\/interzero.pl\/en\/wp-json\/wp\/v2\/pages"}],"about":[{"href":"https:\/\/interzero.pl\/en\/wp-json\/wp\/v2\/types\/page"}],"author":[{"embeddable":true,"href":"https:\/\/interzero.pl\/en\/wp-json\/wp\/v2\/users\/2"}],"replies":[{"embeddable":true,"href":"https:\/\/interzero.pl\/en\/wp-json\/wp\/v2\/comments?post=4578"}],"version-history":[{"count":6,"href":"https:\/\/interzero.pl\/en\/wp-json\/wp\/v2\/pages\/4578\/revisions"}],"predecessor-version":[{"id":11586,"href":"https:\/\/interzero.pl\/en\/wp-json\/wp\/v2\/pages\/4578\/revisions\/11586"}],"wp:featuredmedia":[{"embeddable":true,"href":"https:\/\/interzero.pl\/en\/wp-json\/wp\/v2\/media\/2035"}],"wp:attachment":[{"href":"https:\/\/interzero.pl\/en\/wp-json\/wp\/v2\/media?parent=4578"}],"wp:term":[{"taxonomy":"wf_page_folders","embeddable":true,"href":"https:\/\/interzero.pl\/en\/wp-json\/wp\/v2\/wf_page_folders?post=4578"}],"curies":[{"name":"wp","href":"https:\/\/api.w.org\/{rel}","templated":true}]}}