{"id":3940,"date":"2022-11-29T12:06:26","date_gmt":"2022-11-29T11:06:26","guid":{"rendered":"https:\/\/l.interzero.at\/pl\/live\/?page_id=3940"},"modified":"2025-07-29T09:38:55","modified_gmt":"2025-07-29T07:38:55","slug":"impressum","status":"publish","type":"page","link":"https:\/\/interzero.pl\/en\/impressum\/","title":{"rendered":"Impressum"},"content":{"rendered":"<div class=\"wpb-content-wrapper\"><div data-parent=\"true\" class=\"vc_row row-container\" id=\"row-unique-0\"><div class=\"row single-top-padding triple-bottom-padding no-h-padding limit-width row-parent\"><div class=\"wpb_row row-inner\"><div class=\"wpb_column pos-top pos-center align_left column_parent col-lg-12 single-internal-gutter\"><div class=\"uncol style-light\"  ><div class=\"uncoltable\"><div class=\"uncell no-block-padding\" ><div class=\"uncont\" ><div class=\"uncode_text_column\" ><\/p>\n<h2><strong>Impressum<\/strong><\/h2>\n<p>Interzero Circular Solutions Europe GmbH<br \/>\nBIZ ZWEI, Vorgartenstra\u00dfe 206c<br \/>\n1020 Wien<br \/>\n\u00d6sterreich<\/p>\n<p>Telephone +43 1 714 2005-0<br \/>\nFax +43 1 714 2005-9900<br \/>\nE-Mail office@l.interzero.at\/pl<\/p>\n<p>Gesch\u00e4ftsf\u00fchrer: Christian Gschiel, Martin Ulke<br \/>\nHandelsregisterinformationen: Handelsgericht Wien, FN 086160g<br \/>\nUmsatzsteuer-ID: ATU41869108<\/p>\n<p><strong>Betreuende Agentur:<\/strong><\/p>\n<p>handschlag 1.0<br \/>\nArgentinierstra\u00dfe 12\/20<br \/>\n1040 Wien<\/p>\n<p><strong>Urheberrechte<\/strong><\/p>\n<p>Copyright Interzero Dienstleistungs GmbH, K\u00f6ln, Deutschland.<\/p>\n<p>Alle Rechte vorbehalten. Text, Bilder, Grafiken, Sound, Animationen und Videos sowie deren Anordnung auf dieser Website unterliegen dem Schutz des Urheberrechts und anderer Schutzgesetze. Es wird untersagt, den Inhalt dieser Website oder Teile davon, zu kommerziellen oder auch zu privaten Zwecken auf anderen Internetseiten zu verwenden.<\/p>\n<p><strong>Markenzeichen<\/strong><\/p>\n<p>Soweit nicht anders angegeben, sind alle Markenzeichen auf dieser Website markenrechtlich gesch\u00fctzt.<\/p>\n<p><strong>Haftung<\/strong><\/p>\n<p>Sofern von dieser Website auf Internetseiten verwiesen wird, die von Dritten betrieben werden, \u00fcbernimmt die Interzero keine Haftung f\u00fcr deren Inhalte, es sei denn Interzero hat von den Inhalten Kenntnis und es ist technisch m\u00f6glich und zumutbar, die Nutzung der Links im Falle rechtswidriger Inhalte zu verhindern. Es wird darauf hingewiesen, dass es sich bei den Inhalten der von Dritten betriebenen Seiten um fremde Inhalte handelt, die sich Interzero ausdr\u00fccklich nicht zu eigen macht und auf die Interzero keinen Einfluss hat. Die Verantwortung f\u00fcr diese Inhalte liegt beim jeweiligen Anbieter. Interzero \u00fcbernimmt keine Haftung f\u00fcr Sch\u00e4den, die aus der Nutzung dieser Inhalte entstehen.<\/p>\n<p>Die Nutzung des Internets erfolgt auf eigene Gefahr des Nutzers, Interzero haftet vor allem nicht f\u00fcr den technisch bedingten Ausfall des Internets bzw. des Zugangs zum Internet.<\/p>\n<\/div><\/div><\/div><\/div><\/div><\/div><script id=\"script-row-unique-0\" data-row=\"script-row-unique-0\" type=\"text\/javascript\" class=\"vc_controls\">UNCODE.initRow(document.getElementById(\"row-unique-0\"));<\/script><\/div><\/div><\/div>\n<\/div>","protected":false},"excerpt":{"rendered":"Impressum Interzero Circular Solutions Europe GmbH BIZ ZWEI, Vorgartenstra\u00dfe 206c 1020 Wien \u00d6sterreich Telephone +43 1 714 2005-0 Fax +43 [...].","protected":false},"author":4,"featured_media":0,"parent":0,"menu_order":0,"comment_status":"closed","ping_status":"closed","template":"","meta":{"_acf_changed":false,"inline_featured_image":false,"footnotes":""},"wf_page_folders":[68],"class_list":["post-3940","page","type-page","status-publish","hentry","page_category-at"],"acf":[],"yoast_head":"<!-- This site is optimized with the Yoast SEO plugin v26.4 - https:\/\/yoast.com\/wordpress\/plugins\/seo\/ -->\n<title>Interzero Polska | Rozwi\u0105zania dla \u015bwiata bez odpad\u00f3w<\/title>\n<meta name=\"description\" content=\"Oferujemy zintegrowane us\u0142ugi \u015brodowiskowe dla firm. Doradzamy, inspirujemy do zr\u00f3wnowa\u017conego rozwoju i zamykamy obiegi surowc\u00f3w. Poznaj nas!\" \/>\n<meta name=\"robots\" content=\"noindex, nofollow\" \/>\n<meta property=\"og:locale\" content=\"en_GB\" \/>\n<meta property=\"og:type\" content=\"article\" \/>\n<meta property=\"og:title\" content=\"Interzero Polska | Rozwi\u0105zania dla \u015bwiata bez odpad\u00f3w\" \/>\n<meta property=\"og:description\" content=\"Oferujemy zintegrowane us\u0142ugi \u015brodowiskowe dla firm. Doradzamy, inspirujemy do zr\u00f3wnowa\u017conego rozwoju i zamykamy obiegi surowc\u00f3w. Poznaj nas!\" \/>\n<meta property=\"og:url\" content=\"https:\/\/interzero.pl\/en\/impressum\/\" \/>\n<meta property=\"og:site_name\" content=\"Interzero Polska\" \/>\n<meta property=\"article:publisher\" content=\"https:\/\/www.facebook.com\/InterzeroPolska\" \/>\n<meta property=\"article:modified_time\" content=\"2025-07-29T07:38:55+00:00\" \/>\n<meta name=\"twitter:card\" content=\"summary_large_image\" \/>\n<meta name=\"twitter:label1\" content=\"Estimated reading time\" \/>\n\t<meta name=\"twitter:data1\" content=\"2 minutes\" \/>\n<script type=\"application\/ld+json\" class=\"yoast-schema-graph\">{\"@context\":\"https:\/\/schema.org\",\"@graph\":[{\"@type\":\"WebPage\",\"@id\":\"https:\/\/interzero.pl\/impressum\/\",\"url\":\"https:\/\/interzero.pl\/impressum\/\",\"name\":\"Interzero Polska | Rozwi\u0105zania dla \u015bwiata bez odpad\u00f3w\",\"isPartOf\":{\"@id\":\"https:\/\/interzero.pl\/#website\"},\"datePublished\":\"2022-11-29T11:06:26+00:00\",\"dateModified\":\"2025-07-29T07:38:55+00:00\",\"description\":\"Oferujemy zintegrowane us\u0142ugi \u015brodowiskowe dla firm. Doradzamy, inspirujemy do zr\u00f3wnowa\u017conego rozwoju i zamykamy obiegi surowc\u00f3w. Poznaj nas!\",\"breadcrumb\":{\"@id\":\"https:\/\/interzero.pl\/impressum\/#breadcrumb\"},\"inLanguage\":\"en-GB\",\"potentialAction\":[{\"@type\":\"ReadAction\",\"target\":[\"https:\/\/interzero.pl\/impressum\/\"]}]},{\"@type\":\"BreadcrumbList\",\"@id\":\"https:\/\/interzero.pl\/impressum\/#breadcrumb\",\"itemListElement\":[{\"@type\":\"ListItem\",\"position\":1,\"name\":\"Home\",\"item\":\"https:\/\/interzero.pl\/\"},{\"@type\":\"ListItem\",\"position\":2,\"name\":\"Impressum\"}]},{\"@type\":\"WebSite\",\"@id\":\"https:\/\/interzero.pl\/#website\",\"url\":\"https:\/\/interzero.pl\/\",\"name\":\"Interzero Polska | Rozwi\u0105zania dla \u015bwiata bez odpad\u00f3w\",\"description\":\"Dostarczamy innowacyjne i kompleksowe rozwi\u0105zania  w zakresie ochrony \u015brodowiska.\",\"publisher\":{\"@id\":\"https:\/\/interzero.pl\/#organization\"},\"potentialAction\":[{\"@type\":\"SearchAction\",\"target\":{\"@type\":\"EntryPoint\",\"urlTemplate\":\"https:\/\/interzero.pl\/?s={search_term_string}\"},\"query-input\":{\"@type\":\"PropertyValueSpecification\",\"valueRequired\":true,\"valueName\":\"search_term_string\"}}],\"inLanguage\":\"en-GB\"},{\"@type\":\"Organization\",\"@id\":\"https:\/\/interzero.pl\/#organization\",\"name\":\"Interzero Polska\",\"url\":\"https:\/\/interzero.pl\/\",\"logo\":{\"@type\":\"ImageObject\",\"inLanguage\":\"en-GB\",\"@id\":\"https:\/\/interzero.pl\/#\/schema\/logo\/image\/\",\"url\":\"https:\/\/interzero.pl\/wp-content\/uploads\/sites\/12\/2024\/07\/Interzero.png\",\"contentUrl\":\"https:\/\/interzero.pl\/wp-content\/uploads\/sites\/12\/2024\/07\/Interzero.png\",\"width\":1920,\"height\":1080,\"caption\":\"Interzero Polska\"},\"image\":{\"@id\":\"https:\/\/interzero.pl\/#\/schema\/logo\/image\/\"},\"sameAs\":[\"https:\/\/www.facebook.com\/InterzeroPolska\",\"https:\/\/www.linkedin.com\/company\/interzero-zero-waste-solutions\/\"]}]}<\/script>\n<!-- \/ Yoast SEO plugin. -->","yoast_head_json":{"title":"Interzero Polska | Solutions for a world without waste","description":"We offer integrated environmental services for companies. We advise, inspire sustainability and close raw material cycles. Get to know us!","robots":{"index":"noindex","follow":"nofollow"},"og_locale":"en_GB","og_type":"article","og_title":"Interzero Polska | Rozwi\u0105zania dla \u015bwiata bez odpad\u00f3w","og_description":"Oferujemy zintegrowane us\u0142ugi \u015brodowiskowe dla firm. Doradzamy, inspirujemy do zr\u00f3wnowa\u017conego rozwoju i zamykamy obiegi surowc\u00f3w. Poznaj nas!","og_url":"https:\/\/interzero.pl\/en\/impressum\/","og_site_name":"Interzero Polska","article_publisher":"https:\/\/www.facebook.com\/InterzeroPolska","article_modified_time":"2025-07-29T07:38:55+00:00","twitter_card":"summary_large_image","twitter_misc":{"Estimated reading time":"2 minutes"},"schema":{"@context":"https:\/\/schema.org","@graph":[{"@type":"WebPage","@id":"https:\/\/interzero.pl\/impressum\/","url":"https:\/\/interzero.pl\/impressum\/","name":"Interzero Polska | Solutions for a world without waste","isPartOf":{"@id":"https:\/\/interzero.pl\/#website"},"datePublished":"2022-11-29T11:06:26+00:00","dateModified":"2025-07-29T07:38:55+00:00","description":"We offer integrated environmental services for companies. We advise, inspire sustainability and close raw material cycles. Get to know us!","breadcrumb":{"@id":"https:\/\/interzero.pl\/impressum\/#breadcrumb"},"inLanguage":"en-GB","potentialAction":[{"@type":"ReadAction","target":["https:\/\/interzero.pl\/impressum\/"]}]},{"@type":"BreadcrumbList","@id":"https:\/\/interzero.pl\/impressum\/#breadcrumb","itemListElement":[{"@type":"ListItem","position":1,"name":"Home","item":"https:\/\/interzero.pl\/"},{"@type":"ListItem","position":2,"name":"Impressum"}]},{"@type":"WebSite","@id":"https:\/\/interzero.pl\/#website","url":"https:\/\/interzero.pl\/","name":"Interzero Polska | Solutions for a world without waste","description":"We provide innovative and comprehensive environmental solutions.","publisher":{"@id":"https:\/\/interzero.pl\/#organization"},"potentialAction":[{"@type":"SearchAction","target":{"@type":"EntryPoint","urlTemplate":"https:\/\/interzero.pl\/?s={search_term_string}"},"query-input":{"@type":"PropertyValueSpecification","valueRequired":true,"valueName":"search_term_string"}}],"inLanguage":"en-GB"},{"@type":"Organization","@id":"https:\/\/interzero.pl\/#organization","name":"Interzero Poland","url":"https:\/\/interzero.pl\/","logo":{"@type":"ImageObject","inLanguage":"en-GB","@id":"https:\/\/interzero.pl\/#\/schema\/logo\/image\/","url":"https:\/\/interzero.pl\/wp-content\/uploads\/sites\/12\/2024\/07\/Interzero.png","contentUrl":"https:\/\/interzero.pl\/wp-content\/uploads\/sites\/12\/2024\/07\/Interzero.png","width":1920,"height":1080,"caption":"Interzero Polska"},"image":{"@id":"https:\/\/interzero.pl\/#\/schema\/logo\/image\/"},"sameAs":["https:\/\/www.facebook.com\/InterzeroPolska","https:\/\/www.linkedin.com\/company\/interzero-zero-waste-solutions\/"]}]}},"_links":{"self":[{"href":"https:\/\/interzero.pl\/en\/wp-json\/wp\/v2\/pages\/3940","targetHints":{"allow":["GET"]}}],"collection":[{"href":"https:\/\/interzero.pl\/en\/wp-json\/wp\/v2\/pages"}],"about":[{"href":"https:\/\/interzero.pl\/en\/wp-json\/wp\/v2\/types\/page"}],"author":[{"embeddable":true,"href":"https:\/\/interzero.pl\/en\/wp-json\/wp\/v2\/users\/4"}],"replies":[{"embeddable":true,"href":"https:\/\/interzero.pl\/en\/wp-json\/wp\/v2\/comments?post=3940"}],"version-history":[{"count":8,"href":"https:\/\/interzero.pl\/en\/wp-json\/wp\/v2\/pages\/3940\/revisions"}],"predecessor-version":[{"id":3956,"href":"https:\/\/interzero.pl\/en\/wp-json\/wp\/v2\/pages\/3940\/revisions\/3956"}],"wp:attachment":[{"href":"https:\/\/interzero.pl\/en\/wp-json\/wp\/v2\/media?parent=3940"}],"wp:term":[{"taxonomy":"wf_page_folders","embeddable":true,"href":"https:\/\/interzero.pl\/en\/wp-json\/wp\/v2\/wf_page_folders?post=3940"}],"curies":[{"name":"wp","href":"https:\/\/api.w.org\/{rel}","templated":true}]}}