{"id":3323,"date":"2022-11-21T12:40:12","date_gmt":"2022-11-21T11:40:12","guid":{"rendered":"https:\/\/l.interzero.at\/pl\/live\/?page_id=3323"},"modified":"2024-11-19T10:09:17","modified_gmt":"2024-11-19T09:09:17","slug":"ekoprojektowanie-opakowan","status":"publish","type":"page","link":"https:\/\/interzero.pl\/en\/uslugi\/doradztwo-srodowiskowe\/ekoprojektowanie-opakowan\/","title":{"rendered":"Eco-design of packaging"},"content":{"rendered":"<div class=\"wpb-content-wrapper\"><div data-parent=\"true\" class=\"vc_row row-container\" id=\"row-unique-0\"><div class=\"row double-top-padding single-bottom-padding single-h-padding limit-width row-parent\"><div class=\"wpb_row row-inner\"><div class=\"wpb_column pos-top pos-center align_center column_parent col-lg-12 single-internal-gutter\"><div class=\"uncol style-light\"  ><div class=\"uncoltable\"><div class=\"uncell no-block-padding\" ><div class=\"uncont\" ><div class=\"vc_custom_heading_wrap\"><div class=\"heading-text el-text\" ><h1 class=\"h1\" ><span><\/p><\/span><span><h1 style=\"text-align: center\"><strong>Made for recycling<\/strong> - why eco-design<\/h1><\/span><span><p><\/span><\/h1><\/div><div class=\"clear\"><\/div><\/div><div class=\"uncode_text_column text-lead\" ><\/p>\n<p style=\"text-align: left\">The concept of Extended Producer Responsibility, as referred to in Directive (EU) 2018\/851 of the European Parliament and of the Council, indicates that the amount of fees paid by entrepreneurs introducing packaged products into EU markets should be differentiated according to the characteristics of the packaging used, in particular its durability, reusability and recyclability, and the presence of hazardous substances. The less environmentally friendly the packaging, the more the trader introducing it will pay for subsequent collection and management.<\/p>\n<p style=\"text-align: left\">Based on Interzero's experience, we have identified 3 main difficulties in packaging recycling:<\/p>\n<ul>\n<li style=\"text-align: left\"><strong>Inadequate packaging<\/strong>\u00a0- Poor packaging design can confuse intelligent sorting machines, leading to lower recycling rates. For example, the use of oversized labels and black plastics means that sorting machines do not correctly recognise the packaging material.<\/li>\n<li style=\"text-align: left\"><strong>Using a combination of different materials in one package<\/strong>\u00a0- can make it difficult for consumers to correctly separate or assign the packaging to the correct fraction. Even in the case of a jar with a paper label and metal lid, separation by the consumer can sometimes be problematic, as they are not sure which parts to separate (lid) and which parts to leave (label), as they are not a barrier to glass recycling. The biggest challenge, however, is posed by multi-material packaging (e.g. aluminium-coated snack bags), where separation of the individual raw materials is completely impossible.<\/li>\n<li style=\"text-align: left\"><strong>Low level of education<\/strong>\u00a0- packaging is sometimes simply thrown away in the wrong container so that it cannot reach the right recycler.<\/li>\n<\/ul>\n<p>\n<\/div><\/div><\/div><\/div><\/div><\/div><script id=\"script-row-unique-0\" data-row=\"script-row-unique-0\" type=\"text\/javascript\" class=\"vc_controls\">UNCODE.initRow(document.getElementById(\"row-unique-0\"));<\/script><\/div><\/div><\/div><div data-parent=\"true\" class=\"vc_row row-container\" id=\"row-unique-1\"><div class=\"row limit-width row-parent\"><div class=\"wpb_row row-inner\"><div class=\"wpb_column pos-top pos-center align_left column_parent col-lg-12 single-internal-gutter\"><div class=\"uncol style-light\"  ><div class=\"uncoltable\"><div class=\"uncell no-block-padding\" ><div class=\"uncont\" ><div class=\"vc_custom_heading_wrap\"><div class=\"heading-text el-text\" ><h2 class=\"h2\" ><span><\/p><\/span><span><h2 style=\"text-align: center\">Made for Recycling - Packaging research and eco-design<\/h2><\/span><span><p><\/span><\/h2><\/div><div class=\"clear\"><\/div><\/div><\/div><\/div><\/div><\/div><\/div><script id=\"script-row-unique-1\" data-row=\"script-row-unique-1\" type=\"text\/javascript\" class=\"vc_controls\">UNCODE.initRow(document.getElementById(\"row-unique-1\"));<\/script><\/div><\/div><\/div><div data-parent=\"true\" class=\"vc_row row-container\" id=\"row-unique-2\"><div class=\"row limit-width row-parent\"><div class=\"wpb_row row-inner\"><div class=\"wpb_column pos-top pos-center align_left column_parent col-lg-12 single-internal-gutter\"><div class=\"uncol style-light\"  ><div class=\"uncoltable\"><div class=\"uncell no-block-padding\" ><div class=\"uncont\" ><div class=\"uncode_text_column\" ><p>The Made4Recycling service is the answer to these challenges. In the field of packaging eco-design, we have developed a research and advisory service for customers seeking advice and recommendations on packaging recycling.<\/p>\n<p>Our services include:<\/p>\n<ul>\n<li>assessing the recyclability and sorting of packaging,<\/li>\n<li>consultation on choice of materials, design guidelines and market experience<\/li>\n<li>creating an action plan in cooperation with the customer's purchasing, marketing and packaging design departments<\/li>\n<li>seminars and training<\/li>\n<li>study visits to modern sorting plants<\/li>\n<\/ul>\n<p>\n<\/div><\/div><\/div><\/div><\/div><\/div><script id=\"script-row-unique-2\" data-row=\"script-row-unique-2\" type=\"text\/javascript\" class=\"vc_controls\">UNCODE.initRow(document.getElementById(\"row-unique-2\"));<\/script><\/div><\/div><\/div><div data-parent=\"true\" class=\"vc_row row-container\" id=\"row-unique-3\"><div class=\"row limit-width row-parent\"><div class=\"wpb_row row-inner\"><div class=\"wpb_column pos-top pos-center align_left column_parent col-lg-12 single-internal-gutter\"><div class=\"uncol style-light\"  ><div class=\"uncoltable\"><div class=\"uncell no-block-padding\" ><div class=\"uncont\" ><div class=\"vc_custom_heading_wrap\"><div class=\"heading-text el-text\" ><h2 class=\"h2\" ><span><\/p><\/span><span><h2 style=\"text-align: center\">What does the Made for Recycling service offer?<\/h2><\/span><span><p><\/span><\/h2><\/div><div class=\"clear\"><\/div><\/div><\/div><\/div><\/div><\/div><\/div><script id=\"script-row-unique-3\" data-row=\"script-row-unique-3\" type=\"text\/javascript\" class=\"vc_controls\">UNCODE.initRow(document.getElementById(\"row-unique-3\"));<\/script><\/div><\/div><\/div><div data-parent=\"true\" class=\"vc_row row-container\" id=\"row-unique-4\"><div class=\"row limit-width row-parent\"><div class=\"wpb_row row-inner\"><div class=\"wpb_column pos-top pos-center align_left column_parent col-lg-12 single-internal-gutter\"><div class=\"uncol style-light\"  ><div class=\"uncoltable\"><div class=\"uncell no-block-padding\" ><div class=\"uncont\" ><div class=\"uncode_text_column\" ><p>Thanks to a packaging study conducted on the basis of a methodology developed in consultation with two renowned institutes (bifa and Fraunhofer IVV), the customer receives a report that includes an assessment of the recycling potential of packaging on a 20-point scale:<\/p>\n<\/div><\/div><\/div><\/div><\/div><\/div><script id=\"script-row-unique-4\" data-row=\"script-row-unique-4\" type=\"text\/javascript\" class=\"vc_controls\">UNCODE.initRow(document.getElementById(\"row-unique-4\"));<\/script><\/div><\/div><\/div><div data-parent=\"true\" class=\"vc_row row-container\" id=\"row-unique-5\"><div class=\"row limit-width row-parent\"><div class=\"wpb_row row-inner\"><div class=\"wpb_column pos-top pos-center align_left column_parent col-lg-12 single-internal-gutter\"><div class=\"uncol style-light\"  ><div class=\"uncoltable\"><div class=\"uncell no-block-padding\" ><div class=\"uncont\" ><div class=\"uncode-single-media  text-left\"><div class=\"single-wrapper\" style=\"max-width: 100%;\"><div class=\"tmb tmb-light  tmb-media-first tmb-media-last tmb-content-overlay tmb-no-bg\"><div class=\"t-inside\"><div class=\"t-entry-visual\"><div class=\"t-entry-visual-tc\"><div class=\"uncode-single-media-wrapper\"><img decoding=\"async\" class=\"wp-image-4660\" src=\"https:\/\/interzero.pl\/wp-content\/uploads\/sites\/12\/2023\/01\/0_0_c89a625fa6.webp\" width=\"1311\" height=\"201\" alt=\"grafika przedstawiaj&#261;ca skal&#281; oceny przydatno&#347;ci opakowania do recyklingu stosowan&#261; przy ekoprojektowaniu opakowa&#324;\" srcset=\"https:\/\/interzero.pl\/wp-content\/uploads\/sites\/12\/2023\/01\/0_0_c89a625fa6.webp 1311w, https:\/\/interzero.pl\/wp-content\/uploads\/sites\/12\/2023\/01\/0_0_c89a625fa6-300x46.webp 300w, https:\/\/interzero.pl\/wp-content\/uploads\/sites\/12\/2023\/01\/0_0_c89a625fa6-1024x157.webp 1024w, https:\/\/interzero.pl\/wp-content\/uploads\/sites\/12\/2023\/01\/0_0_c89a625fa6-768x118.webp 768w, https:\/\/interzero.pl\/wp-content\/uploads\/sites\/12\/2023\/01\/0_0_c89a625fa6-350x54.webp 350w, https:\/\/interzero.pl\/wp-content\/uploads\/sites\/12\/2023\/01\/0_0_c89a625fa6-uai-720x110.webp 720w\" sizes=\"(max-width: 1311px) 100vw, 1311px\" \/><\/div>\n\t\t\t\t\t<\/div>\n\t\t\t\t<\/div><\/div><\/div><\/div><\/div><\/div><\/div><\/div><\/div><\/div><script id=\"script-row-unique-5\" data-row=\"script-row-unique-5\" type=\"text\/javascript\" class=\"vc_controls\">UNCODE.initRow(document.getElementById(\"row-unique-5\"));<\/script><\/div><\/div><\/div><div data-parent=\"true\" class=\"vc_row row-container\" id=\"row-unique-6\"><div class=\"row limit-width row-parent\"><div class=\"wpb_row row-inner\"><div class=\"wpb_column pos-top pos-center align_left column_parent col-lg-6 single-internal-gutter\"><div class=\"uncol style-light\"  ><div class=\"uncoltable\"><div class=\"uncell no-block-padding\" ><div class=\"uncont\" ><div class=\"uncode_text_column\" ><p>Packaging receiving 18-20 points on the test scale is rewarded with a certificate and the Made for Recycling label.<\/p>\n<p>The report also outlines barriers to recycling, giving a picture of the changes needed to make packaging design greener.<\/p>\n<p>\"<em>A change in thinking about sustainability is needed. One of the key things that needs to change in order to meet the new requirements and achieve recycling levels is a thoughtful green packaging design<\/em>\", says Markus M\u00fcller-Drexel, Managing Director of Interzero Circular Solutions Germany GmbH.<\/p>\n<\/div><\/div><\/div><\/div><\/div><\/div><div class=\"wpb_column pos-top pos-center align_left column_parent col-lg-6 single-internal-gutter\"><div class=\"uncol style-light\"  ><div class=\"uncoltable\"><div class=\"uncell no-block-padding\" ><div class=\"uncont\" style=\" max-width:51%;\" ><div class=\"uncode-single-media  text-left\"><div class=\"single-wrapper\" style=\"max-width: 100%;\"><div class=\"tmb tmb-light  tmb-media-first tmb-media-last tmb-content-overlay tmb-no-bg\"><div class=\"t-inside\"><div class=\"t-entry-visual\"><div class=\"t-entry-visual-tc\"><div class=\"uncode-single-media-wrapper\"><img decoding=\"async\" class=\"wp-image-17209\" src=\"https:\/\/interzero.pl\/wp-content\/uploads\/sites\/12\/2024\/11\/MadeForRecycling-Interzero_positiv_RGB.png\" width=\"484\" height=\"521\" alt=\"MadeForRecycling Interzero logo\" srcset=\"https:\/\/interzero.pl\/wp-content\/uploads\/sites\/12\/2024\/11\/MadeForRecycling-Interzero_positiv_RGB.png 484w, https:\/\/interzero.pl\/wp-content\/uploads\/sites\/12\/2024\/11\/MadeForRecycling-Interzero_positiv_RGB-279x300.png 279w, https:\/\/interzero.pl\/wp-content\/uploads\/sites\/12\/2024\/11\/MadeForRecycling-Interzero_positiv_RGB-350x377.png 350w, https:\/\/interzero.pl\/wp-content\/uploads\/sites\/12\/2024\/11\/MadeForRecycling-Interzero_positiv_RGB-uai-258x278.png 258w\" sizes=\"(max-width: 484px) 100vw, 484px\" \/><\/div>\n\t\t\t\t\t<\/div>\n\t\t\t\t<\/div><\/div><\/div><\/div><\/div><\/div><\/div><\/div><\/div><\/div><script id=\"script-row-unique-6\" data-row=\"script-row-unique-6\" type=\"text\/javascript\" class=\"vc_controls\">UNCODE.initRow(document.getElementById(\"row-unique-6\"));<\/script><\/div><\/div><\/div><div data-parent=\"true\" class=\"vc_row row-container\" id=\"row-unique-7\"><div class=\"row limit-width row-parent\"><div class=\"wpb_row row-inner\"><div class=\"wpb_column pos-top pos-center align_left column_parent col-lg-12 single-internal-gutter\"><div class=\"uncol style-light\"  ><div class=\"uncoltable\"><div class=\"uncell no-block-padding\" ><div class=\"uncont\" ><div class=\"vc_custom_heading_wrap\"><div class=\"heading-text el-text\" ><h2 class=\"h2\" ><span><\/p><\/span><span><h2 style=\"text-align: center;\"><strong>Read about our customer success story!<\/strong><\/h2><\/span><span><p><\/span><\/h2><\/div><div class=\"clear\"><\/div><\/div><div class=\"uncode-single-media  text-left\"><div class=\"single-wrapper\" style=\"max-width: 100%;\"><a class=\"single-media-link\" href=\"https:\/\/interzero.pl\/en\/blog\/ekologiczne-opakowanie-twojego-produktu-made-for-recycling-i-pieluszki-bambiboo\/\"><div class=\"tmb tmb-light  tmb-media-first tmb-media-last tmb-content-overlay tmb-no-bg\"><div class=\"t-inside\"><div class=\"t-entry-visual\"><div class=\"t-entry-visual-tc\"><div class=\"uncode-single-media-wrapper\"><img decoding=\"async\" class=\"wp-image-11604\" src=\"https:\/\/interzero.pl\/wp-content\/uploads\/sites\/12\/2023\/12\/wydarzenia.interzero.pl-1200%C3%97260-px.png\" width=\"1200\" height=\"260\" alt=\"pieluszki bambiboo z certyfikatem made 4 recykling\"><\/div>\n\t\t\t\t\t<\/div>\n\t\t\t\t<\/div><\/div><\/div><\/a><\/div><\/div><\/div><\/div><\/div><\/div><\/div><script id=\"script-row-unique-7\" data-row=\"script-row-unique-7\" type=\"text\/javascript\" class=\"vc_controls\">UNCODE.initRow(document.getElementById(\"row-unique-7\"));<\/script><\/div><\/div><\/div>\n<\/div>","protected":false},"excerpt":{"rendered":"Made for recycling - why eco-designThe concept of Extended Producer Responsibility, as referred to in Directive of the European Parliament and of the Council (EU) [...].","protected":false},"author":18,"featured_media":2470,"parent":4973,"menu_order":29,"comment_status":"closed","ping_status":"closed","template":"","meta":{"_acf_changed":false,"inline_featured_image":false,"footnotes":""},"wf_page_folders":[76,78],"class_list":["post-3323","page","type-page","status-publish","has-post-thumbnail","hentry","page_category-pl"],"acf":[],"yoast_head":"<!-- This site is optimized with the Yoast SEO plugin v26.4 - https:\/\/yoast.com\/wordpress\/plugins\/seo\/ -->\n<title>Ekoprojektowanie opakowa\u0144 Interzero - tworzymy eko opakowania<\/title>\n<meta name=\"description\" content=\"Konsulting i doradztwo w zakresie tworzenia ekologicznych, nadaj\u0105cych si\u0119 do recyklingu opakowa\u0144. Uzyskaj certyfikat Made for Recycling!\" \/>\n<meta name=\"robots\" content=\"index, follow, max-snippet:-1, max-image-preview:large, max-video-preview:-1\" \/>\n<link rel=\"canonical\" href=\"https:\/\/interzero.pl\/en\/uslugi\/doradztwo-srodowiskowe\/ekoprojektowanie-opakowan\/\" \/>\n<meta property=\"og:locale\" content=\"en_GB\" \/>\n<meta property=\"og:type\" content=\"article\" \/>\n<meta property=\"og:title\" content=\"Ekoprojektowanie opakowa\u0144 Interzero - tworzymy eko opakowania\" \/>\n<meta property=\"og:description\" content=\"Konsulting i doradztwo w zakresie tworzenia ekologicznych, nadaj\u0105cych si\u0119 do recyklingu opakowa\u0144. Uzyskaj certyfikat Made for Recycling!\" \/>\n<meta property=\"og:url\" content=\"https:\/\/interzero.pl\/en\/uslugi\/doradztwo-srodowiskowe\/ekoprojektowanie-opakowan\/\" \/>\n<meta property=\"og:site_name\" content=\"Interzero Polska\" \/>\n<meta property=\"article:publisher\" content=\"https:\/\/www.facebook.com\/InterzeroPolska\" \/>\n<meta property=\"article:modified_time\" content=\"2024-11-19T09:09:17+00:00\" \/>\n<meta property=\"og:image\" content=\"https:\/\/interzero.pl\/wp-content\/uploads\/sites\/12\/2022\/10\/Header_MfR_Verbaucher_1920x500px.jpg\" \/>\n\t<meta property=\"og:image:width\" content=\"1920\" \/>\n\t<meta property=\"og:image:height\" content=\"500\" \/>\n\t<meta property=\"og:image:type\" content=\"image\/jpeg\" \/>\n<meta name=\"twitter:card\" content=\"summary_large_image\" \/>\n<meta name=\"twitter:label1\" content=\"Estimated reading time\" \/>\n\t<meta name=\"twitter:data1\" content=\"3 minutes\" \/>\n<script type=\"application\/ld+json\" class=\"yoast-schema-graph\">{\"@context\":\"https:\/\/schema.org\",\"@graph\":[{\"@type\":\"WebPage\",\"@id\":\"https:\/\/interzero.pl\/uslugi\/doradztwo-srodowiskowe\/ekoprojektowanie-opakowan\/\",\"url\":\"https:\/\/interzero.pl\/uslugi\/doradztwo-srodowiskowe\/ekoprojektowanie-opakowan\/\",\"name\":\"Ekoprojektowanie opakowa\u0144 Interzero - tworzymy eko opakowania\",\"isPartOf\":{\"@id\":\"https:\/\/interzero.pl\/#website\"},\"primaryImageOfPage\":{\"@id\":\"https:\/\/interzero.pl\/uslugi\/doradztwo-srodowiskowe\/ekoprojektowanie-opakowan\/#primaryimage\"},\"image\":{\"@id\":\"https:\/\/interzero.pl\/uslugi\/doradztwo-srodowiskowe\/ekoprojektowanie-opakowan\/#primaryimage\"},\"thumbnailUrl\":\"https:\/\/interzero.pl\/wp-content\/uploads\/sites\/12\/2022\/10\/Header_MfR_Verbaucher_1920x500px.jpg\",\"datePublished\":\"2022-11-21T11:40:12+00:00\",\"dateModified\":\"2024-11-19T09:09:17+00:00\",\"description\":\"Konsulting i doradztwo w zakresie tworzenia ekologicznych, nadaj\u0105cych si\u0119 do recyklingu opakowa\u0144. Uzyskaj certyfikat Made for Recycling!\",\"breadcrumb\":{\"@id\":\"https:\/\/interzero.pl\/uslugi\/doradztwo-srodowiskowe\/ekoprojektowanie-opakowan\/#breadcrumb\"},\"inLanguage\":\"en-GB\",\"potentialAction\":[{\"@type\":\"ReadAction\",\"target\":[\"https:\/\/interzero.pl\/uslugi\/doradztwo-srodowiskowe\/ekoprojektowanie-opakowan\/\"]}]},{\"@type\":\"ImageObject\",\"inLanguage\":\"en-GB\",\"@id\":\"https:\/\/interzero.pl\/uslugi\/doradztwo-srodowiskowe\/ekoprojektowanie-opakowan\/#primaryimage\",\"url\":\"https:\/\/interzero.pl\/wp-content\/uploads\/sites\/12\/2022\/10\/Header_MfR_Verbaucher_1920x500px.jpg\",\"contentUrl\":\"https:\/\/interzero.pl\/wp-content\/uploads\/sites\/12\/2022\/10\/Header_MfR_Verbaucher_1920x500px.jpg\",\"width\":1920,\"height\":500,\"caption\":\"d\u0142onie trzymaj\u0105 r\u00f3\u017cne rodzaje opakowa\u0144 stworzonych w ramach us\u0142ugi ekoprojektowania opakowa\u0144 Interzero\"},{\"@type\":\"BreadcrumbList\",\"@id\":\"https:\/\/interzero.pl\/uslugi\/doradztwo-srodowiskowe\/ekoprojektowanie-opakowan\/#breadcrumb\",\"itemListElement\":[{\"@type\":\"ListItem\",\"position\":1,\"name\":\"Home\",\"item\":\"https:\/\/interzero.pl\/\"},{\"@type\":\"ListItem\",\"position\":2,\"name\":\"Us\u0142ugi\",\"item\":\"https:\/\/interzero.pl\/uslugi\/\"},{\"@type\":\"ListItem\",\"position\":3,\"name\":\"Doradztwo \u015brodowiskowe\",\"item\":\"https:\/\/interzero.pl\/uslugi\/doradztwo-srodowiskowe\/\"},{\"@type\":\"ListItem\",\"position\":4,\"name\":\"Ekoprojektowanie opakowa\u0144\"}]},{\"@type\":\"WebSite\",\"@id\":\"https:\/\/interzero.pl\/#website\",\"url\":\"https:\/\/interzero.pl\/\",\"name\":\"Interzero Polska | Rozwi\u0105zania dla \u015bwiata bez odpad\u00f3w\",\"description\":\"Dostarczamy innowacyjne i kompleksowe rozwi\u0105zania  w zakresie ochrony \u015brodowiska.\",\"publisher\":{\"@id\":\"https:\/\/interzero.pl\/#organization\"},\"potentialAction\":[{\"@type\":\"SearchAction\",\"target\":{\"@type\":\"EntryPoint\",\"urlTemplate\":\"https:\/\/interzero.pl\/?s={search_term_string}\"},\"query-input\":{\"@type\":\"PropertyValueSpecification\",\"valueRequired\":true,\"valueName\":\"search_term_string\"}}],\"inLanguage\":\"en-GB\"},{\"@type\":\"Organization\",\"@id\":\"https:\/\/interzero.pl\/#organization\",\"name\":\"Interzero Polska\",\"url\":\"https:\/\/interzero.pl\/\",\"logo\":{\"@type\":\"ImageObject\",\"inLanguage\":\"en-GB\",\"@id\":\"https:\/\/interzero.pl\/#\/schema\/logo\/image\/\",\"url\":\"https:\/\/interzero.pl\/wp-content\/uploads\/sites\/12\/2024\/07\/Interzero.png\",\"contentUrl\":\"https:\/\/interzero.pl\/wp-content\/uploads\/sites\/12\/2024\/07\/Interzero.png\",\"width\":1920,\"height\":1080,\"caption\":\"Interzero Polska\"},\"image\":{\"@id\":\"https:\/\/interzero.pl\/#\/schema\/logo\/image\/\"},\"sameAs\":[\"https:\/\/www.facebook.com\/InterzeroPolska\",\"https:\/\/www.linkedin.com\/company\/interzero-zero-waste-solutions\/\"]}]}<\/script>\n<!-- \/ Yoast SEO plugin. -->","yoast_head_json":{"title":"Interzero packaging eco-design - we create eco-friendly packaging","description":"Consulting and advisory services for the creation of eco-friendly, recyclable packaging. Get certified as Made for Recycling!","robots":{"index":"index","follow":"follow","max-snippet":"max-snippet:-1","max-image-preview":"max-image-preview:large","max-video-preview":"max-video-preview:-1"},"canonical":"https:\/\/interzero.pl\/en\/uslugi\/doradztwo-srodowiskowe\/ekoprojektowanie-opakowan\/","og_locale":"en_GB","og_type":"article","og_title":"Ekoprojektowanie opakowa\u0144 Interzero - tworzymy eko opakowania","og_description":"Konsulting i doradztwo w zakresie tworzenia ekologicznych, nadaj\u0105cych si\u0119 do recyklingu opakowa\u0144. Uzyskaj certyfikat Made for Recycling!","og_url":"https:\/\/interzero.pl\/en\/uslugi\/doradztwo-srodowiskowe\/ekoprojektowanie-opakowan\/","og_site_name":"Interzero Polska","article_publisher":"https:\/\/www.facebook.com\/InterzeroPolska","article_modified_time":"2024-11-19T09:09:17+00:00","og_image":[{"width":1920,"height":500,"url":"https:\/\/interzero.pl\/wp-content\/uploads\/sites\/12\/2022\/10\/Header_MfR_Verbaucher_1920x500px.jpg","type":"image\/jpeg"}],"twitter_card":"summary_large_image","twitter_misc":{"Estimated reading time":"3 minutes"},"schema":{"@context":"https:\/\/schema.org","@graph":[{"@type":"WebPage","@id":"https:\/\/interzero.pl\/uslugi\/doradztwo-srodowiskowe\/ekoprojektowanie-opakowan\/","url":"https:\/\/interzero.pl\/uslugi\/doradztwo-srodowiskowe\/ekoprojektowanie-opakowan\/","name":"Interzero packaging eco-design - we create eco-friendly packaging","isPartOf":{"@id":"https:\/\/interzero.pl\/#website"},"primaryImageOfPage":{"@id":"https:\/\/interzero.pl\/uslugi\/doradztwo-srodowiskowe\/ekoprojektowanie-opakowan\/#primaryimage"},"image":{"@id":"https:\/\/interzero.pl\/uslugi\/doradztwo-srodowiskowe\/ekoprojektowanie-opakowan\/#primaryimage"},"thumbnailUrl":"https:\/\/interzero.pl\/wp-content\/uploads\/sites\/12\/2022\/10\/Header_MfR_Verbaucher_1920x500px.jpg","datePublished":"2022-11-21T11:40:12+00:00","dateModified":"2024-11-19T09:09:17+00:00","description":"Consulting and advisory services for the creation of eco-friendly, recyclable packaging. Get certified as Made for Recycling!","breadcrumb":{"@id":"https:\/\/interzero.pl\/uslugi\/doradztwo-srodowiskowe\/ekoprojektowanie-opakowan\/#breadcrumb"},"inLanguage":"en-GB","potentialAction":[{"@type":"ReadAction","target":["https:\/\/interzero.pl\/uslugi\/doradztwo-srodowiskowe\/ekoprojektowanie-opakowan\/"]}]},{"@type":"ImageObject","inLanguage":"en-GB","@id":"https:\/\/interzero.pl\/uslugi\/doradztwo-srodowiskowe\/ekoprojektowanie-opakowan\/#primaryimage","url":"https:\/\/interzero.pl\/wp-content\/uploads\/sites\/12\/2022\/10\/Header_MfR_Verbaucher_1920x500px.jpg","contentUrl":"https:\/\/interzero.pl\/wp-content\/uploads\/sites\/12\/2022\/10\/Header_MfR_Verbaucher_1920x500px.jpg","width":1920,"height":500,"caption":"d\u0142onie trzymaj\u0105 r\u00f3\u017cne rodzaje opakowa\u0144 stworzonych w ramach us\u0142ugi ekoprojektowania opakowa\u0144 Interzero"},{"@type":"BreadcrumbList","@id":"https:\/\/interzero.pl\/uslugi\/doradztwo-srodowiskowe\/ekoprojektowanie-opakowan\/#breadcrumb","itemListElement":[{"@type":"ListItem","position":1,"name":"Home","item":"https:\/\/interzero.pl\/"},{"@type":"ListItem","position":2,"name":"Us\u0142ugi","item":"https:\/\/interzero.pl\/uslugi\/"},{"@type":"ListItem","position":3,"name":"Doradztwo \u015brodowiskowe","item":"https:\/\/interzero.pl\/uslugi\/doradztwo-srodowiskowe\/"},{"@type":"ListItem","position":4,"name":"Ekoprojektowanie opakowa\u0144"}]},{"@type":"WebSite","@id":"https:\/\/interzero.pl\/#website","url":"https:\/\/interzero.pl\/","name":"Interzero Polska | Solutions for a world without waste","description":"We provide innovative and comprehensive environmental solutions.","publisher":{"@id":"https:\/\/interzero.pl\/#organization"},"potentialAction":[{"@type":"SearchAction","target":{"@type":"EntryPoint","urlTemplate":"https:\/\/interzero.pl\/?s={search_term_string}"},"query-input":{"@type":"PropertyValueSpecification","valueRequired":true,"valueName":"search_term_string"}}],"inLanguage":"en-GB"},{"@type":"Organization","@id":"https:\/\/interzero.pl\/#organization","name":"Interzero Poland","url":"https:\/\/interzero.pl\/","logo":{"@type":"ImageObject","inLanguage":"en-GB","@id":"https:\/\/interzero.pl\/#\/schema\/logo\/image\/","url":"https:\/\/interzero.pl\/wp-content\/uploads\/sites\/12\/2024\/07\/Interzero.png","contentUrl":"https:\/\/interzero.pl\/wp-content\/uploads\/sites\/12\/2024\/07\/Interzero.png","width":1920,"height":1080,"caption":"Interzero Polska"},"image":{"@id":"https:\/\/interzero.pl\/#\/schema\/logo\/image\/"},"sameAs":["https:\/\/www.facebook.com\/InterzeroPolska","https:\/\/www.linkedin.com\/company\/interzero-zero-waste-solutions\/"]}]}},"_links":{"self":[{"href":"https:\/\/interzero.pl\/en\/wp-json\/wp\/v2\/pages\/3323","targetHints":{"allow":["GET"]}}],"collection":[{"href":"https:\/\/interzero.pl\/en\/wp-json\/wp\/v2\/pages"}],"about":[{"href":"https:\/\/interzero.pl\/en\/wp-json\/wp\/v2\/types\/page"}],"author":[{"embeddable":true,"href":"https:\/\/interzero.pl\/en\/wp-json\/wp\/v2\/users\/18"}],"replies":[{"embeddable":true,"href":"https:\/\/interzero.pl\/en\/wp-json\/wp\/v2\/comments?post=3323"}],"version-history":[{"count":20,"href":"https:\/\/interzero.pl\/en\/wp-json\/wp\/v2\/pages\/3323\/revisions"}],"predecessor-version":[{"id":17211,"href":"https:\/\/interzero.pl\/en\/wp-json\/wp\/v2\/pages\/3323\/revisions\/17211"}],"up":[{"embeddable":true,"href":"https:\/\/interzero.pl\/en\/wp-json\/wp\/v2\/pages\/4973"}],"wp:featuredmedia":[{"embeddable":true,"href":"https:\/\/interzero.pl\/en\/wp-json\/wp\/v2\/media\/2470"}],"wp:attachment":[{"href":"https:\/\/interzero.pl\/en\/wp-json\/wp\/v2\/media?parent=3323"}],"wp:term":[{"taxonomy":"wf_page_folders","embeddable":true,"href":"https:\/\/interzero.pl\/en\/wp-json\/wp\/v2\/wf_page_folders?post=3323"}],"curies":[{"name":"wp","href":"https:\/\/api.w.org\/{rel}","templated":true}]}}