{"id":3116,"date":"2022-11-21T14:32:23","date_gmt":"2022-11-21T13:32:23","guid":{"rendered":"https:\/\/l.interzero.at\/pl\/live\/?page_id=3116"},"modified":"2024-04-09T10:51:42","modified_gmt":"2024-04-09T08:51:42","slug":"raportowanie-wynikow-w-zakresie-zrownowazonego-rozwoju","status":"publish","type":"page","link":"https:\/\/interzero.pl\/en\/o-firmie\/zrownowazony-rozwoj\/raportowanie-wynikow-w-zakresie-zrownowazonego-rozwoju\/","title":{"rendered":"Reporting on sustainability performance"},"content":{"rendered":"<div class=\"wpb-content-wrapper\"><div data-parent=\"true\" class=\"vc_row row-container\" id=\"row-unique-0\"><div class=\"row double-top-padding double-bottom-padding single-h-padding limit-width row-parent\"><div class=\"wpb_row row-inner\"><div class=\"wpb_column pos-top pos-center align_center column_parent col-lg-12 single-internal-gutter\"><div class=\"uncol style-light\"  ><div class=\"uncoltable\"><div class=\"uncell no-block-padding\" ><div class=\"uncont\" ><div class=\"vc_custom_heading_wrap\"><div class=\"heading-text el-text\" ><h1 class=\"h1\" ><span><\/p><\/span><span><h1 style=\"text-align: center\"><strong>Sustainability Report 2020<\/strong><\/h1><\/span><span><p><\/span><\/h1><\/div><div class=\"clear\"><\/div><\/div><div class=\"uncode_text_column text-lead\" ><\/p>\n<p style=\"text-align: left\">In its 2020 Sustainability Report, Interzero presents a comprehensive overview of its social and environmental achievements for the fifth time. In doing so, Interzero shows customers, employees, suppliers and the general public what values guide the company in its day-to-day operations, what impact its business activities have on society and the environment, and what its sustainability progress looks like.<\/p>\n<p style=\"text-align: left\">The report complies with the requirements of the Global Reporting Initiative and has been prepared in accordance with the GRI Standards: core variant.<\/p>\n<p style=\"text-align: left\">Unless otherwise stated, the key figures and information presented are for the 2019 and 2020 financial years.<\/p>\n<p>\n<\/div><\/div><\/div><\/div><\/div><\/div><script id=\"script-row-unique-0\" data-row=\"script-row-unique-0\" type=\"text\/javascript\" class=\"vc_controls\">UNCODE.initRow(document.getElementById(\"row-unique-0\"));<\/script><\/div><\/div><\/div><div data-parent=\"true\" class=\"vc_row row-container\" id=\"row-unique-1\"><div class=\"row-background background-element\" style=\"opacity: 1;\">\n\t\t\t\t\t\t\t\t\t\t\t<div class=\"background-wrapper\">\n\t\t\t\t\t\t\t\t\t\t\t\t<div class=\"background-inner\"><\/div>\n\t\t\t\t\t\t\t\t\t\t\t\t<div class=\"block-bg-overlay style-color-gyho-bg\" style=\"opacity: 0.5;\"><\/div>\n\t\t\t\t\t\t\t\t\t\t\t<\/div>\n\t\t\t\t\t\t\t\t\t\t<\/div><div class=\"row limit-width row-parent\"><div class=\"wpb_row row-inner\"><div class=\"wpb_column pos-top pos-center align_left column_parent col-lg-6 single-internal-gutter\"><div class=\"uncol style-light\"  ><div class=\"uncoltable\"><div class=\"uncell no-block-padding\" ><div class=\"uncont\" ><div class=\"uncode-single-media  text-left\"><div class=\"single-wrapper\" style=\"max-width: 100%;\"><div class=\"tmb tmb-light  tmb-media-first tmb-media-last tmb-content-overlay tmb-no-bg\"><div class=\"t-inside\"><div class=\"t-entry-visual\"><div class=\"t-entry-visual-tc\"><div class=\"uncode-single-media-wrapper\"><img decoding=\"async\" class=\"wp-image-4756\" src=\"https:\/\/interzero.pl\/wp-content\/uploads\/sites\/12\/2023\/01\/Sustainability-Report.png\" width=\"1495\" height=\"902\" alt=\"Sustainability Report\" srcset=\"https:\/\/interzero.pl\/wp-content\/uploads\/sites\/12\/2023\/01\/Sustainability-Report.png 1495w, https:\/\/interzero.pl\/wp-content\/uploads\/sites\/12\/2023\/01\/Sustainability-Report-300x181.png 300w, https:\/\/interzero.pl\/wp-content\/uploads\/sites\/12\/2023\/01\/Sustainability-Report-1024x618.png 1024w, https:\/\/interzero.pl\/wp-content\/uploads\/sites\/12\/2023\/01\/Sustainability-Report-768x463.png 768w, https:\/\/interzero.pl\/wp-content\/uploads\/sites\/12\/2023\/01\/Sustainability-Report-350x211.png 350w\" sizes=\"(max-width: 1495px) 100vw, 1495px\" \/><\/div>\n\t\t\t\t\t<\/div>\n\t\t\t\t<\/div><\/div><\/div><\/div><\/div><\/div><\/div><\/div><\/div><\/div><div class=\"wpb_column pos-top pos-center align_left column_parent col-lg-6 single-internal-gutter\"><div class=\"uncol style-light\"  ><div class=\"uncoltable\"><div class=\"uncell no-block-padding\" ><div class=\"uncont\" ><div class=\"vc_custom_heading_wrap\"><div class=\"heading-text el-text\" ><\/p>\n<h3>Download the 2020 Sustainability Report<\/h3>\n<p>\n<\/div><div class=\"clear\"><\/div><\/div><div class=\"uncode_text_column\" ><p>You can read about how we manage sustainability, what targets we set ourselves and how far we have come on the road to a waste-free future in our 2020 Sustainability Report.<\/p>\n<p><a href=\"http:\/\/interzero.pl\/wp-content\/uploads\/sites\/12\/2023\/01\/Interseroh_Sustainability_Report_2020_ENG.pdf\">\u00a0\" Download the 2020 Sustainability Report<\/a><\/p>\n<\/div><\/div><\/div><\/div><\/div><\/div><script id=\"script-row-unique-1\" data-row=\"script-row-unique-1\" type=\"text\/javascript\" class=\"vc_controls\">UNCODE.initRow(document.getElementById(\"row-unique-1\"));<\/script><\/div><\/div><\/div><div data-parent=\"true\" class=\"vc_row row-container\" id=\"row-unique-2\"><div class=\"row-background background-element\" style=\"opacity: 1;\">\n\t\t\t\t\t\t\t\t\t\t\t<div class=\"background-wrapper\">\n\t\t\t\t\t\t\t\t\t\t\t\t<div class=\"background-inner\"><\/div>\n\t\t\t\t\t\t\t\t\t\t\t\t<div class=\"block-bg-overlay style-color-gyho-bg\" style=\"opacity: 0.5;\"><\/div>\n\t\t\t\t\t\t\t\t\t\t\t<\/div>\n\t\t\t\t\t\t\t\t\t\t<\/div><div class=\"row limit-width row-parent\"><div class=\"wpb_row row-inner\"><div class=\"wpb_column pos-top pos-center align_left column_parent col-lg-6 single-internal-gutter\"><div class=\"uncol style-light\"  ><div class=\"uncoltable\"><div class=\"uncell no-block-padding\" ><div class=\"uncont\" ><div class=\"uncode-single-media  text-left\"><div class=\"single-wrapper\" style=\"max-width: 100%;\"><div class=\"tmb tmb-light  tmb-media-first tmb-media-last tmb-content-overlay tmb-no-bg\"><div class=\"t-inside\"><div class=\"t-entry-visual\"><div class=\"t-entry-visual-tc\"><div class=\"uncode-single-media-wrapper\"><img decoding=\"async\" class=\"wp-image-4758\" src=\"https:\/\/interzero.pl\/wp-content\/uploads\/sites\/12\/2023\/01\/Sustainability-Magazine.png\" width=\"723\" height=\"431\" alt=\"Sustainability Magazine\" srcset=\"https:\/\/interzero.pl\/wp-content\/uploads\/sites\/12\/2023\/01\/Sustainability-Magazine.png 723w, https:\/\/interzero.pl\/wp-content\/uploads\/sites\/12\/2023\/01\/Sustainability-Magazine-300x179.png 300w, https:\/\/interzero.pl\/wp-content\/uploads\/sites\/12\/2023\/01\/Sustainability-Magazine-350x209.png 350w\" sizes=\"(max-width: 723px) 100vw, 723px\" \/><\/div>\n\t\t\t\t\t<\/div>\n\t\t\t\t<\/div><\/div><\/div><\/div><\/div><\/div><\/div><\/div><\/div><\/div><div class=\"wpb_column pos-top pos-center align_left column_parent col-lg-6 single-internal-gutter\"><div class=\"uncol style-light\"  ><div class=\"uncoltable\"><div class=\"uncell no-block-padding\" ><div class=\"uncont\" ><div class=\"vc_custom_heading_wrap\"><div class=\"heading-text el-text\" ><h2 class=\"h2\" ><span><\/p><\/span><span><h3 style=\"text-align: left\">Download the 2020 sustainability magazine<\/h3><\/span><span><p><\/span><\/h2><\/div><div class=\"clear\"><\/div><\/div><div class=\"uncode_text_column\" ><p>We are looking for connections between environmental protection and economic development and in this way create added value. Our new sustainability magazine \"Building bridges. Closing circles.\"<\/p>\n<p><a href=\"http:\/\/interzero.pl\/wp-content\/uploads\/sites\/12\/2023\/01\/Interseroh_Sustainability_Magazine_2020_ENG.pdf\">\u00a0\" Download the 2020 sustainability magazine<\/a><\/p>\n<\/div><\/div><\/div><\/div><\/div><\/div><script id=\"script-row-unique-2\" data-row=\"script-row-unique-2\" type=\"text\/javascript\" class=\"vc_controls\">UNCODE.initRow(document.getElementById(\"row-unique-2\"));<\/script><\/div><\/div><\/div><div data-parent=\"true\" class=\"vc_row row-container\" id=\"row-unique-3\"><div class=\"row-background background-element\" style=\"opacity: 1;\">\n\t\t\t\t\t\t\t\t\t\t\t<div class=\"background-wrapper\">\n\t\t\t\t\t\t\t\t\t\t\t\t<div class=\"background-inner\"><\/div>\n\t\t\t\t\t\t\t\t\t\t\t\t<div class=\"block-bg-overlay style-color-gyho-bg\" style=\"opacity: 0.5;\"><\/div>\n\t\t\t\t\t\t\t\t\t\t\t<\/div>\n\t\t\t\t\t\t\t\t\t\t<\/div><div class=\"row limit-width row-parent\"><div class=\"wpb_row row-inner\"><div class=\"wpb_column pos-top pos-center align_left column_parent col-lg-12 single-internal-gutter\"><div class=\"uncol style-light\"  ><div class=\"uncoltable\"><div class=\"uncell no-block-padding\" ><div class=\"uncont\" ><div class=\"vc_custom_heading_wrap\"><div class=\"heading-text el-text\" ><h2 class=\"h2\" ><span><span id=\"&#091;10,15&#093;\" class=\"word\">Files<\/span> <span id=\"&#091;16,18&#093;\" class=\"word\">To<\/span> <span id=\"&#091;19,27&#093;\" class=\"word\">downloads<\/span><\/span><\/h2><\/div><div class=\"clear\"><\/div><\/div><\/div><\/div><\/div><\/div><\/div><script id=\"script-row-unique-3\" data-row=\"script-row-unique-3\" type=\"text\/javascript\" class=\"vc_controls\">UNCODE.initRow(document.getElementById(\"row-unique-3\"));<\/script><\/div><\/div><\/div><div data-parent=\"true\" class=\"vc_row row-container\" id=\"row-unique-4\"><div class=\"row-background background-element\" style=\"opacity: 1;\">\n\t\t\t\t\t\t\t\t\t\t\t<div class=\"background-wrapper\">\n\t\t\t\t\t\t\t\t\t\t\t\t<div class=\"background-inner\"><\/div>\n\t\t\t\t\t\t\t\t\t\t\t\t<div class=\"block-bg-overlay style-color-gyho-bg\" style=\"opacity: 0.5;\"><\/div>\n\t\t\t\t\t\t\t\t\t\t\t<\/div>\n\t\t\t\t\t\t\t\t\t\t<\/div><div class=\"row limit-width row-parent\"><div class=\"wpb_row row-inner\"><div class=\"wpb_column pos-top pos-center align_left column_parent col-lg-4 single-internal-gutter\"><div class=\"uncol style-light\"  ><div class=\"uncoltable\"><div class=\"uncell no-block-padding\" ><div class=\"uncont\" ><div class=\"uncode_text_column\" ><\/p>\n<ul>\n<li><a href=\"http:\/\/interzero.pl\/wp-content\/uploads\/sites\/12\/2023\/01\/Interseroh_Sustainability_Report_2020_ENG.pdf\"><span class=\"file-name\">Sustainability_Report_2020.pdf<\/span><span class=\"file-type\">(PDF 2 MB)<\/span><\/a><\/li>\n<li><a href=\"http:\/\/interzero.pl\/wp-content\/uploads\/sites\/12\/2023\/01\/Sustainability_Report_2018.pdf\"><span class=\"file-name\">Sustainability_Report_2018.pdf<\/span><span class=\"file-type\">(PDF 6 MB)<\/span><\/a><\/li>\n<\/ul>\n<p>.<\/p>\n<\/div><\/div><\/div><\/div><\/div><\/div><div class=\"wpb_column pos-top pos-center align_left column_parent col-lg-4 single-internal-gutter\"><div class=\"uncol style-light\"  ><div class=\"uncoltable\"><div class=\"uncell no-block-padding\" ><div class=\"uncont\" ><div class=\"uncode_text_column\" ><\/p>\n<ul>\n<li><a href=\"http:\/\/interzero.pl\/wp-content\/uploads\/sites\/12\/2023\/01\/Interseroh_Sustainability_Magazine_2020_ENG.pdf\"><span class=\"file-name\">Sustainability_Magazine_2020.pdf<\/span><span class=\"file-type\">(PDF 6 MB)<\/span><\/a><\/li>\n<li><a href=\"http:\/\/interzero.pl\/wp-content\/uploads\/sites\/12\/2023\/01\/Sustainability_Magazine_2018.pdf\"><span class=\"file-name\">Sustainability_Magazine_2018.pdf<\/span><span class=\"file-type\">(PDF 2 MB)<\/span><\/a><\/li>\n<\/ul>\n<p>\n<\/div><\/div><\/div><\/div><\/div><\/div><div class=\"wpb_column pos-top pos-center align_left column_parent col-lg-4 single-internal-gutter\"><div class=\"uncol style-light\"  ><div class=\"uncoltable\"><div class=\"uncell no-block-padding\" ><div class=\"uncont\" ><div class=\"uncode_text_column\" ><\/p>\n<ul>\n<li><a href=\"http:\/\/interzero.pl\/wp-content\/uploads\/sites\/12\/2023\/01\/Sustainability_Magazine_2017.pdf\"><span class=\"file-name\">Sustainability_Magazine_2017.pdf<\/span><span class=\"file-type\">(PDF 1 MB)<\/span><\/a><\/li>\n<li><a href=\"https:\/\/interzero.pl\/en\/fileadmin\/user_upload\/Sustainability_Magazine_2019_ENG.PDF\/\" target=\"_blank\" rel=\"noopener\"><span class=\"file-name\">S<\/span><\/a><a href=\"http:\/\/interzero.pl\/wp-content\/uploads\/sites\/12\/2023\/01\/Sustainability_Magazine_2019_ENG.pdf\"><span class=\"file-name\">ustainability_Magazine_2019_ENG.PDF<\/span><span class=\"file-type\">(PDF 7 MB)<\/span><\/a><\/li>\n<\/ul>\n<p>\n<\/div><\/div><\/div><\/div><\/div><\/div><script id=\"script-row-unique-4\" data-row=\"script-row-unique-4\" type=\"text\/javascript\" class=\"vc_controls\">UNCODE.initRow(document.getElementById(\"row-unique-4\"));<\/script><\/div><\/div><\/div>\n<\/div>","protected":false},"excerpt":{"rendered":"Sustainability Report 2020For the fifth time, Interzero's Sustainability Report 2020 provides a comprehensive account of its social and [...]","protected":false},"author":18,"featured_media":4753,"parent":3091,"menu_order":127,"comment_status":"closed","ping_status":"closed","template":"","meta":{"_acf_changed":false,"inline_featured_image":false,"footnotes":""},"wf_page_folders":[76],"class_list":["post-3116","page","type-page","status-publish","has-post-thumbnail","hentry","page_category-pl"],"acf":[],"yoast_head":"<!-- This site is optimized with the Yoast SEO plugin v26.4 - https:\/\/yoast.com\/wordpress\/plugins\/seo\/ -->\n<title>Interzero Polska | Rozwi\u0105zania dla \u015bwiata bez odpad\u00f3w<\/title>\n<meta name=\"description\" content=\"W raporcie o zr\u00f3wnowa\u017conym rozwoju 2020 Interzero ju\u017c po raz pi\u0105ty przedstawia kompleksowe zestawienie swoich spo\u0142ecznych i ekologicznych osi\u0105gni\u0119\u0107.\" \/>\n<meta name=\"robots\" content=\"index, follow, max-snippet:-1, max-image-preview:large, max-video-preview:-1\" \/>\n<link rel=\"canonical\" href=\"https:\/\/interzero.pl\/en\/o-firmie\/zrownowazony-rozwoj\/raportowanie-wynikow-w-zakresie-zrownowazonego-rozwoju\/\" \/>\n<meta property=\"og:locale\" content=\"en_GB\" \/>\n<meta property=\"og:type\" content=\"article\" \/>\n<meta property=\"og:title\" content=\"Interzero Polska | Rozwi\u0105zania dla \u015bwiata bez odpad\u00f3w\" \/>\n<meta property=\"og:description\" content=\"W raporcie o zr\u00f3wnowa\u017conym rozwoju 2020 Interzero ju\u017c po raz pi\u0105ty przedstawia kompleksowe zestawienie swoich spo\u0142ecznych i ekologicznych osi\u0105gni\u0119\u0107.\" \/>\n<meta property=\"og:url\" content=\"https:\/\/interzero.pl\/en\/o-firmie\/zrownowazony-rozwoj\/raportowanie-wynikow-w-zakresie-zrownowazonego-rozwoju\/\" \/>\n<meta property=\"og:site_name\" content=\"Interzero Polska\" \/>\n<meta property=\"article:publisher\" content=\"https:\/\/www.facebook.com\/InterzeroPolska\" \/>\n<meta property=\"article:modified_time\" content=\"2024-04-09T08:51:42+00:00\" \/>\n<meta property=\"og:image\" content=\"https:\/\/interzero.pl\/wp-content\/uploads\/sites\/12\/2023\/01\/1920_501_6f4ab1ab27.webp\" \/>\n\t<meta property=\"og:image:width\" content=\"1920\" \/>\n\t<meta property=\"og:image:height\" content=\"501\" \/>\n\t<meta property=\"og:image:type\" content=\"image\/webp\" \/>\n<meta name=\"twitter:card\" content=\"summary_large_image\" \/>\n<meta name=\"twitter:label1\" content=\"Estimated reading time\" \/>\n\t<meta name=\"twitter:data1\" content=\"2 minutes\" \/>\n<script type=\"application\/ld+json\" class=\"yoast-schema-graph\">{\"@context\":\"https:\/\/schema.org\",\"@graph\":[{\"@type\":\"WebPage\",\"@id\":\"https:\/\/interzero.pl\/o-firmie\/zrownowazony-rozwoj\/raportowanie-wynikow-w-zakresie-zrownowazonego-rozwoju\/\",\"url\":\"https:\/\/interzero.pl\/o-firmie\/zrownowazony-rozwoj\/raportowanie-wynikow-w-zakresie-zrownowazonego-rozwoju\/\",\"name\":\"Interzero Polska | Rozwi\u0105zania dla \u015bwiata bez odpad\u00f3w\",\"isPartOf\":{\"@id\":\"https:\/\/interzero.pl\/#website\"},\"primaryImageOfPage\":{\"@id\":\"https:\/\/interzero.pl\/o-firmie\/zrownowazony-rozwoj\/raportowanie-wynikow-w-zakresie-zrownowazonego-rozwoju\/#primaryimage\"},\"image\":{\"@id\":\"https:\/\/interzero.pl\/o-firmie\/zrownowazony-rozwoj\/raportowanie-wynikow-w-zakresie-zrownowazonego-rozwoju\/#primaryimage\"},\"thumbnailUrl\":\"https:\/\/interzero.pl\/wp-content\/uploads\/sites\/12\/2023\/01\/1920_501_6f4ab1ab27.webp\",\"datePublished\":\"2022-11-21T13:32:23+00:00\",\"dateModified\":\"2024-04-09T08:51:42+00:00\",\"description\":\"W raporcie o zr\u00f3wnowa\u017conym rozwoju 2020 Interzero ju\u017c po raz pi\u0105ty przedstawia kompleksowe zestawienie swoich spo\u0142ecznych i ekologicznych osi\u0105gni\u0119\u0107.\",\"breadcrumb\":{\"@id\":\"https:\/\/interzero.pl\/o-firmie\/zrownowazony-rozwoj\/raportowanie-wynikow-w-zakresie-zrownowazonego-rozwoju\/#breadcrumb\"},\"inLanguage\":\"en-GB\",\"potentialAction\":[{\"@type\":\"ReadAction\",\"target\":[\"https:\/\/interzero.pl\/o-firmie\/zrownowazony-rozwoj\/raportowanie-wynikow-w-zakresie-zrownowazonego-rozwoju\/\"]}]},{\"@type\":\"ImageObject\",\"inLanguage\":\"en-GB\",\"@id\":\"https:\/\/interzero.pl\/o-firmie\/zrownowazony-rozwoj\/raportowanie-wynikow-w-zakresie-zrownowazonego-rozwoju\/#primaryimage\",\"url\":\"https:\/\/interzero.pl\/wp-content\/uploads\/sites\/12\/2023\/01\/1920_501_6f4ab1ab27.webp\",\"contentUrl\":\"https:\/\/interzero.pl\/wp-content\/uploads\/sites\/12\/2023\/01\/1920_501_6f4ab1ab27.webp\",\"width\":1920,\"height\":501},{\"@type\":\"BreadcrumbList\",\"@id\":\"https:\/\/interzero.pl\/o-firmie\/zrownowazony-rozwoj\/raportowanie-wynikow-w-zakresie-zrownowazonego-rozwoju\/#breadcrumb\",\"itemListElement\":[{\"@type\":\"ListItem\",\"position\":1,\"name\":\"Home\",\"item\":\"https:\/\/interzero.pl\/\"},{\"@type\":\"ListItem\",\"position\":2,\"name\":\"O firmie\",\"item\":\"https:\/\/interzero.pl\/o-firmie\/\"},{\"@type\":\"ListItem\",\"position\":3,\"name\":\"Zr\u00f3wnowa\u017cony rozw\u00f3j\",\"item\":\"https:\/\/interzero.pl\/o-firmie\/zrownowazony-rozwoj\/\"},{\"@type\":\"ListItem\",\"position\":4,\"name\":\"Raportowanie wynik\u00f3w w zakresie zr\u00f3wnowa\u017conego rozwoju\"}]},{\"@type\":\"WebSite\",\"@id\":\"https:\/\/interzero.pl\/#website\",\"url\":\"https:\/\/interzero.pl\/\",\"name\":\"Interzero Polska | Rozwi\u0105zania dla \u015bwiata bez odpad\u00f3w\",\"description\":\"Dostarczamy innowacyjne i kompleksowe rozwi\u0105zania  w zakresie ochrony \u015brodowiska.\",\"publisher\":{\"@id\":\"https:\/\/interzero.pl\/#organization\"},\"potentialAction\":[{\"@type\":\"SearchAction\",\"target\":{\"@type\":\"EntryPoint\",\"urlTemplate\":\"https:\/\/interzero.pl\/?s={search_term_string}\"},\"query-input\":{\"@type\":\"PropertyValueSpecification\",\"valueRequired\":true,\"valueName\":\"search_term_string\"}}],\"inLanguage\":\"en-GB\"},{\"@type\":\"Organization\",\"@id\":\"https:\/\/interzero.pl\/#organization\",\"name\":\"Interzero Polska\",\"url\":\"https:\/\/interzero.pl\/\",\"logo\":{\"@type\":\"ImageObject\",\"inLanguage\":\"en-GB\",\"@id\":\"https:\/\/interzero.pl\/#\/schema\/logo\/image\/\",\"url\":\"https:\/\/interzero.pl\/wp-content\/uploads\/sites\/12\/2024\/07\/Interzero.png\",\"contentUrl\":\"https:\/\/interzero.pl\/wp-content\/uploads\/sites\/12\/2024\/07\/Interzero.png\",\"width\":1920,\"height\":1080,\"caption\":\"Interzero Polska\"},\"image\":{\"@id\":\"https:\/\/interzero.pl\/#\/schema\/logo\/image\/\"},\"sameAs\":[\"https:\/\/www.facebook.com\/InterzeroPolska\",\"https:\/\/www.linkedin.com\/company\/interzero-zero-waste-solutions\/\"]}]}<\/script>\n<!-- \/ Yoast SEO plugin. -->","yoast_head_json":{"title":"Interzero Polska | Solutions for a world without waste","description":"Interzero's 2020 Sustainability Report marks the fifth time that Interzero has provided a comprehensive account of its social and environmental achievements.","robots":{"index":"index","follow":"follow","max-snippet":"max-snippet:-1","max-image-preview":"max-image-preview:large","max-video-preview":"max-video-preview:-1"},"canonical":"https:\/\/interzero.pl\/en\/o-firmie\/zrownowazony-rozwoj\/raportowanie-wynikow-w-zakresie-zrownowazonego-rozwoju\/","og_locale":"en_GB","og_type":"article","og_title":"Interzero Polska | Rozwi\u0105zania dla \u015bwiata bez odpad\u00f3w","og_description":"W raporcie o zr\u00f3wnowa\u017conym rozwoju 2020 Interzero ju\u017c po raz pi\u0105ty przedstawia kompleksowe zestawienie swoich spo\u0142ecznych i ekologicznych osi\u0105gni\u0119\u0107.","og_url":"https:\/\/interzero.pl\/en\/o-firmie\/zrownowazony-rozwoj\/raportowanie-wynikow-w-zakresie-zrownowazonego-rozwoju\/","og_site_name":"Interzero Polska","article_publisher":"https:\/\/www.facebook.com\/InterzeroPolska","article_modified_time":"2024-04-09T08:51:42+00:00","og_image":[{"width":1920,"height":501,"url":"https:\/\/interzero.pl\/wp-content\/uploads\/sites\/12\/2023\/01\/1920_501_6f4ab1ab27.webp","type":"image\/webp"}],"twitter_card":"summary_large_image","twitter_misc":{"Estimated reading time":"2 minutes"},"schema":{"@context":"https:\/\/schema.org","@graph":[{"@type":"WebPage","@id":"https:\/\/interzero.pl\/o-firmie\/zrownowazony-rozwoj\/raportowanie-wynikow-w-zakresie-zrownowazonego-rozwoju\/","url":"https:\/\/interzero.pl\/o-firmie\/zrownowazony-rozwoj\/raportowanie-wynikow-w-zakresie-zrownowazonego-rozwoju\/","name":"Interzero Polska | Solutions for a world without waste","isPartOf":{"@id":"https:\/\/interzero.pl\/#website"},"primaryImageOfPage":{"@id":"https:\/\/interzero.pl\/o-firmie\/zrownowazony-rozwoj\/raportowanie-wynikow-w-zakresie-zrownowazonego-rozwoju\/#primaryimage"},"image":{"@id":"https:\/\/interzero.pl\/o-firmie\/zrownowazony-rozwoj\/raportowanie-wynikow-w-zakresie-zrownowazonego-rozwoju\/#primaryimage"},"thumbnailUrl":"https:\/\/interzero.pl\/wp-content\/uploads\/sites\/12\/2023\/01\/1920_501_6f4ab1ab27.webp","datePublished":"2022-11-21T13:32:23+00:00","dateModified":"2024-04-09T08:51:42+00:00","description":"Interzero's 2020 Sustainability Report marks the fifth time that Interzero has provided a comprehensive account of its social and environmental achievements.","breadcrumb":{"@id":"https:\/\/interzero.pl\/o-firmie\/zrownowazony-rozwoj\/raportowanie-wynikow-w-zakresie-zrownowazonego-rozwoju\/#breadcrumb"},"inLanguage":"en-GB","potentialAction":[{"@type":"ReadAction","target":["https:\/\/interzero.pl\/o-firmie\/zrownowazony-rozwoj\/raportowanie-wynikow-w-zakresie-zrownowazonego-rozwoju\/"]}]},{"@type":"ImageObject","inLanguage":"en-GB","@id":"https:\/\/interzero.pl\/o-firmie\/zrownowazony-rozwoj\/raportowanie-wynikow-w-zakresie-zrownowazonego-rozwoju\/#primaryimage","url":"https:\/\/interzero.pl\/wp-content\/uploads\/sites\/12\/2023\/01\/1920_501_6f4ab1ab27.webp","contentUrl":"https:\/\/interzero.pl\/wp-content\/uploads\/sites\/12\/2023\/01\/1920_501_6f4ab1ab27.webp","width":1920,"height":501},{"@type":"BreadcrumbList","@id":"https:\/\/interzero.pl\/o-firmie\/zrownowazony-rozwoj\/raportowanie-wynikow-w-zakresie-zrownowazonego-rozwoju\/#breadcrumb","itemListElement":[{"@type":"ListItem","position":1,"name":"Home","item":"https:\/\/interzero.pl\/"},{"@type":"ListItem","position":2,"name":"O firmie","item":"https:\/\/interzero.pl\/o-firmie\/"},{"@type":"ListItem","position":3,"name":"Zr\u00f3wnowa\u017cony rozw\u00f3j","item":"https:\/\/interzero.pl\/o-firmie\/zrownowazony-rozwoj\/"},{"@type":"ListItem","position":4,"name":"Raportowanie wynik\u00f3w w zakresie zr\u00f3wnowa\u017conego rozwoju"}]},{"@type":"WebSite","@id":"https:\/\/interzero.pl\/#website","url":"https:\/\/interzero.pl\/","name":"Interzero Polska | Solutions for a world without waste","description":"We provide innovative and comprehensive environmental solutions.","publisher":{"@id":"https:\/\/interzero.pl\/#organization"},"potentialAction":[{"@type":"SearchAction","target":{"@type":"EntryPoint","urlTemplate":"https:\/\/interzero.pl\/?s={search_term_string}"},"query-input":{"@type":"PropertyValueSpecification","valueRequired":true,"valueName":"search_term_string"}}],"inLanguage":"en-GB"},{"@type":"Organization","@id":"https:\/\/interzero.pl\/#organization","name":"Interzero Poland","url":"https:\/\/interzero.pl\/","logo":{"@type":"ImageObject","inLanguage":"en-GB","@id":"https:\/\/interzero.pl\/#\/schema\/logo\/image\/","url":"https:\/\/interzero.pl\/wp-content\/uploads\/sites\/12\/2024\/07\/Interzero.png","contentUrl":"https:\/\/interzero.pl\/wp-content\/uploads\/sites\/12\/2024\/07\/Interzero.png","width":1920,"height":1080,"caption":"Interzero Polska"},"image":{"@id":"https:\/\/interzero.pl\/#\/schema\/logo\/image\/"},"sameAs":["https:\/\/www.facebook.com\/InterzeroPolska","https:\/\/www.linkedin.com\/company\/interzero-zero-waste-solutions\/"]}]}},"_links":{"self":[{"href":"https:\/\/interzero.pl\/en\/wp-json\/wp\/v2\/pages\/3116","targetHints":{"allow":["GET"]}}],"collection":[{"href":"https:\/\/interzero.pl\/en\/wp-json\/wp\/v2\/pages"}],"about":[{"href":"https:\/\/interzero.pl\/en\/wp-json\/wp\/v2\/types\/page"}],"author":[{"embeddable":true,"href":"https:\/\/interzero.pl\/en\/wp-json\/wp\/v2\/users\/18"}],"replies":[{"embeddable":true,"href":"https:\/\/interzero.pl\/en\/wp-json\/wp\/v2\/comments?post=3116"}],"version-history":[{"count":28,"href":"https:\/\/interzero.pl\/en\/wp-json\/wp\/v2\/pages\/3116\/revisions"}],"predecessor-version":[{"id":13528,"href":"https:\/\/interzero.pl\/en\/wp-json\/wp\/v2\/pages\/3116\/revisions\/13528"}],"up":[{"embeddable":true,"href":"https:\/\/interzero.pl\/en\/wp-json\/wp\/v2\/pages\/3091"}],"wp:featuredmedia":[{"embeddable":true,"href":"https:\/\/interzero.pl\/en\/wp-json\/wp\/v2\/media\/4753"}],"wp:attachment":[{"href":"https:\/\/interzero.pl\/en\/wp-json\/wp\/v2\/media?parent=3116"}],"wp:term":[{"taxonomy":"wf_page_folders","embeddable":true,"href":"https:\/\/interzero.pl\/en\/wp-json\/wp\/v2\/wf_page_folders?post=3116"}],"curies":[{"name":"wp","href":"https:\/\/api.w.org\/{rel}","templated":true}]}}