{"id":3115,"date":"2022-11-21T13:26:36","date_gmt":"2022-11-21T12:26:36","guid":{"rendered":"https:\/\/l.interzero.at\/pl\/live\/?page_id=3115"},"modified":"2024-10-03T09:43:41","modified_gmt":"2024-10-03T07:43:41","slug":"zarzad","status":"publish","type":"page","link":"https:\/\/interzero.pl\/en\/o-firmie\/zarzad\/","title":{"rendered":"Management in Poland"},"content":{"rendered":"<div class=\"wpb-content-wrapper\"><div data-parent=\"true\" class=\"vc_row row-container\" id=\"row-unique-0\"><div class=\"row double-top-padding double-bottom-padding single-h-padding limit-width row-parent\"><div class=\"wpb_row row-inner\"><div class=\"wpb_column pos-top pos-center align_center column_parent col-lg-12 single-internal-gutter\"><div class=\"uncol style-light\"  ><div class=\"uncoltable\"><div class=\"uncell no-block-padding\" ><div class=\"uncont\" ><div class=\"vc_custom_heading_wrap\"><div class=\"heading-text el-text\" ><\/p>\n<h1><b>Interzero Management:<\/b> responsibility for customers, employees and the environment<\/h1>\n<p>\n<\/div><div class=\"clear\"><\/div><\/div><\/div><\/div><\/div><\/div><\/div><script id=\"script-row-unique-0\" data-row=\"script-row-unique-0\" type=\"text\/javascript\" class=\"vc_controls\">UNCODE.initRow(document.getElementById(\"row-unique-0\"));<\/script><\/div><\/div><\/div><div data-parent=\"true\" class=\"vc_row row-container\" id=\"row-unique-1\"><div class=\"row limit-width row-parent\"><div class=\"wpb_row row-inner\"><div class=\"wpb_column pos-top pos-center align_left column_parent col-lg-12 single-internal-gutter\"><div class=\"uncol style-light\"  ><div class=\"uncoltable\"><div class=\"uncell no-block-padding\" ><div class=\"uncont\" ><div class=\"uncode_text_column\" ><\/p>\n<h2 style=\"text-align: center\">Interzero Organizacja Odzysku Opakowa\u0144 S.A. was established in order to fulfil, for the benefit of Polish customers, the obligations arising from the Act on the obligations of entrepreneurs in the field of waste management and product and deposit charges.<\/h2>\n<p>\n<\/div><\/div><\/div><\/div><\/div><\/div><script id=\"script-row-unique-1\" data-row=\"script-row-unique-1\" type=\"text\/javascript\" class=\"vc_controls\">UNCODE.initRow(document.getElementById(\"row-unique-1\"));<\/script><\/div><\/div><\/div><div data-parent=\"true\" class=\"vc_row vc_custom_1677843128886 row-container\" style=\"border-bottom-width: 0px ;padding-top: 0px ;padding-bottom: 0px ;\" id=\"row-unique-2\"><div class=\"row single-top-padding double-bottom-padding single-h-padding limit-width row-parent\"><div class=\"wpb_row row-inner\"><div class=\"wpb_column pos-middle pos-center align_left column_parent col-lg-6 single-internal-gutter shift-col-wa\"><div class=\"uncol style-light shift_y_down_half\"  ><div class=\"uncoltable\"><div class=\"uncell no-block-padding\" ><div class=\"uncont\" ><div class=\"uncode-single-media  text-center\"><div class=\"single-wrapper\" style=\"max-width: 50%;\"><div class=\"tmb tmb-light  img-round tmb-img-ratio tmb-media-first tmb-media-last tmb-content-overlay tmb-no-bg\"><div class=\"t-inside\"><div class=\"t-entry-visual\"><div class=\"t-entry-visual-tc\"><div class=\"uncode-single-media-wrapper img-round\"><div class=\"dummy\" style=\"padding-top: 100%;\"><\/div><img decoding=\"async\" class=\"wp-image-6230\" src=\"https:\/\/interzero.pl\/wp-content\/uploads\/sites\/12\/2023\/03\/4.png\" width=\"720\" height=\"720\" alt=\"Anna Grom - Prezeska Interzero Polska, Head of Interzero Circular Solutions Europe\" srcset=\"https:\/\/interzero.pl\/wp-content\/uploads\/sites\/12\/2023\/03\/4.png 720w, https:\/\/interzero.pl\/wp-content\/uploads\/sites\/12\/2023\/03\/4-300x300.png 300w, https:\/\/interzero.pl\/wp-content\/uploads\/sites\/12\/2023\/03\/4-150x150.png 150w, https:\/\/interzero.pl\/wp-content\/uploads\/sites\/12\/2023\/03\/4-250x250.png 250w, https:\/\/interzero.pl\/wp-content\/uploads\/sites\/12\/2023\/03\/4-350x350.png 350w, https:\/\/interzero.pl\/wp-content\/uploads\/sites\/12\/2023\/03\/4-348x348.png 348w\" sizes=\"(max-width: 720px) 100vw, 720px\" \/><\/div>\n\t\t\t\t\t<\/div>\n\t\t\t\t<\/div><\/div><\/div><\/div><\/div><\/div><\/div><\/div><\/div><\/div><div class=\"wpb_column pos-top pos-center align_left column_parent col-lg-6 single-internal-gutter\"><div class=\"uncol style-light\"  ><div class=\"uncoltable\"><div class=\"uncell no-block-padding\" ><div class=\"uncont\" ><div class=\"uncode_text_column\" ><p><em>\"Interzero's activities and services are designed to be a support for entrepreneurs who need to find their way in a reality governed by the principles of extended producer responsibility. Every year, we strive to help an ever-widening group of entrepreneurs - now some 9,500 entities - who want to take the next environmentally responsible steps in developing their business. We advise, assume environmental responsibilities and educate so that the appropriate design of packaging, as well as its subsequent recycling, takes place to the highest standards.\"<\/em><\/p>\n<\/div><div class=\"uncode_text_column\" ><\/p>\n<h4><b>Anna Grom <\/b>- Head of Interzero Circular Solutions Europe<\/h4>\n<p>\n<\/div><\/div><\/div><\/div><\/div><\/div><script id=\"script-row-unique-2\" data-row=\"script-row-unique-2\" type=\"text\/javascript\" class=\"vc_controls\">UNCODE.initRow(document.getElementById(\"row-unique-2\"));<\/script><\/div><\/div><\/div><div data-parent=\"true\" class=\"vc_row inverted-device-order row-container\" id=\"row-unique-3\"><div class=\"row single-top-padding double-bottom-padding single-h-padding limit-width row-parent\"><div class=\"wpb_row row-inner\"><div class=\"wpb_column pos-top pos-center align_left column_parent col-lg-6 single-internal-gutter\"><div class=\"uncol style-light\"  ><div class=\"uncoltable\"><div class=\"uncell no-block-padding\" ><div class=\"uncont\" ><div class=\"uncode_text_column\" ><\/p>\n<p style=\"text-align: right\"><em>\"Interzero is a team of experts with many years of experience in the field of environmental protection. We provide the highest quality services and solutions in this field.<br \/>\nOur offering is a comprehensive solution that enables our partners to operate securely in today's challenging legal framework. Interzero's goal is to build long-term partnerships with our clients, through which we help them achieve business excellence. Working with us is a benefit for the environment and a gain for companies.\"<\/em><\/p>\n<p>\n<\/div><div class=\"uncode_text_column\" ><\/p>\n<h4 style=\"text-align: right\"><b>Pawel Lesiak <\/b>- Vice-President of the Management Board<\/h4>\n<p>\n<\/div><\/div><\/div><\/div><\/div><\/div><div class=\"wpb_column pos-middle pos-center align_left column_parent col-lg-6 single-internal-gutter shift-col-wa\"><div class=\"uncol style-light shift_y_neg_single shift_y_down_half\"  ><div class=\"uncoltable\"><div class=\"uncell no-block-padding\" ><div class=\"uncont\" ><div class=\"uncode-single-media  text-center\"><div class=\"single-wrapper\" style=\"max-width: 50%;\"><div class=\"tmb tmb-light  img-round tmb-img-ratio tmb-media-first tmb-media-last tmb-content-overlay tmb-no-bg\"><div class=\"t-inside\"><div class=\"t-entry-visual\"><div class=\"t-entry-visual-tc\"><div class=\"uncode-single-media-wrapper img-round\"><div class=\"dummy\" style=\"padding-top: 100%;\"><\/div><img decoding=\"async\" class=\"wp-image-6228\" src=\"https:\/\/interzero.pl\/wp-content\/uploads\/sites\/12\/2023\/03\/2.png\" width=\"720\" height=\"720\" alt=\"Pawe&#322; Lesiak - Wiceprezes zarz&#261;du Interzero POlska\" srcset=\"https:\/\/interzero.pl\/wp-content\/uploads\/sites\/12\/2023\/03\/2.png 720w, https:\/\/interzero.pl\/wp-content\/uploads\/sites\/12\/2023\/03\/2-300x300.png 300w, https:\/\/interzero.pl\/wp-content\/uploads\/sites\/12\/2023\/03\/2-150x150.png 150w, https:\/\/interzero.pl\/wp-content\/uploads\/sites\/12\/2023\/03\/2-250x250.png 250w, https:\/\/interzero.pl\/wp-content\/uploads\/sites\/12\/2023\/03\/2-350x350.png 350w, https:\/\/interzero.pl\/wp-content\/uploads\/sites\/12\/2023\/03\/2-348x348.png 348w\" sizes=\"(max-width: 720px) 100vw, 720px\" \/><\/div>\n\t\t\t\t\t<\/div>\n\t\t\t\t<\/div><\/div><\/div><\/div><\/div><\/div><\/div><\/div><\/div><\/div><script id=\"script-row-unique-3\" data-row=\"script-row-unique-3\" type=\"text\/javascript\" class=\"vc_controls\">UNCODE.initRow(document.getElementById(\"row-unique-3\"));<\/script><\/div><\/div><\/div><div data-parent=\"true\" class=\"vc_row inverted-device-order row-container\" id=\"row-unique-4\"><div class=\"row single-top-padding double-bottom-padding single-h-padding limit-width row-parent\"><div class=\"wpb_row row-inner\"><div class=\"wpb_column pos-middle pos-center align_left column_parent col-lg-6 single-internal-gutter shift-col-wa\"><div class=\"uncol style-light shift_y_neg_single shift_y_down_neg_half\"  ><div class=\"uncoltable\"><div class=\"uncell no-block-padding\" ><div class=\"uncont\" ><div class=\"uncode-single-media  text-center\"><div class=\"single-wrapper\" style=\"max-width: 50%;\"><div class=\"tmb tmb-light  img-round tmb-img-ratio tmb-media-first tmb-media-last tmb-content-overlay tmb-no-bg\"><div class=\"t-inside\"><div class=\"t-entry-visual\"><div class=\"t-entry-visual-tc\"><div class=\"uncode-single-media-wrapper img-round\"><div class=\"dummy\" style=\"padding-top: 100%;\"><\/div><img decoding=\"async\" class=\"wp-image-6229\" src=\"https:\/\/interzero.pl\/wp-content\/uploads\/sites\/12\/2023\/03\/3.png\" width=\"720\" height=\"720\" alt=\"Monika Grom - Wiceprezes zarz&#261;du Interzero Polska\" srcset=\"https:\/\/interzero.pl\/wp-content\/uploads\/sites\/12\/2023\/03\/3.png 720w, https:\/\/interzero.pl\/wp-content\/uploads\/sites\/12\/2023\/03\/3-300x300.png 300w, https:\/\/interzero.pl\/wp-content\/uploads\/sites\/12\/2023\/03\/3-150x150.png 150w, https:\/\/interzero.pl\/wp-content\/uploads\/sites\/12\/2023\/03\/3-250x250.png 250w, https:\/\/interzero.pl\/wp-content\/uploads\/sites\/12\/2023\/03\/3-350x350.png 350w, https:\/\/interzero.pl\/wp-content\/uploads\/sites\/12\/2023\/03\/3-348x348.png 348w\" sizes=\"(max-width: 720px) 100vw, 720px\" \/><\/div>\n\t\t\t\t\t<\/div>\n\t\t\t\t<\/div><\/div><\/div><\/div><\/div><\/div><\/div><\/div><\/div><\/div><div class=\"wpb_column pos-top pos-center align_left column_parent col-lg-6 single-internal-gutter\"><div class=\"uncol style-light\"  ><div class=\"uncoltable\"><div class=\"uncell no-block-padding\" ><div class=\"uncont\" ><div class=\"uncode_text_column\" ><p><em><span class=\"ui-provider xh b c d e f g h i j k l m n o p q r s t u v w x y z ab ac ae af ag ah ai aj ak\" dir=\"ltr\">\"As an industry leader, we know that the way to sustainability is to effectively close the raw material cycle. It enables growth and increased profitability while respecting the Earth's ecosystems and natural resources. We provide our customers with tailor-made environmental solutions. We offer professional service and expert advice on waste management, recycling and environmental law. We also provide a range of innovative digital tools that support in a modern way the processes that entrepreneurs face every day in their business.\"<\/span><\/em><\/p>\n<\/div><div class=\"uncode_text_column\" ><\/p>\n<h4><b>Monika Grom <\/b>- Vice-President of the Management Board<\/h4>\n<p>\n<\/div><\/div><\/div><\/div><\/div><\/div><script id=\"script-row-unique-4\" data-row=\"script-row-unique-4\" type=\"text\/javascript\" class=\"vc_controls\">UNCODE.initRow(document.getElementById(\"row-unique-4\"));<\/script><\/div><\/div><\/div><div data-parent=\"true\" class=\"vc_row inverted-device-order row-container\" id=\"row-unique-5\"><div class=\"row single-top-padding double-bottom-padding single-h-padding limit-width row-parent\"><div class=\"wpb_row row-inner\"><div class=\"wpb_column pos-top pos-center align_left column_parent col-lg-6 single-internal-gutter\"><div class=\"uncol style-light\"  ><div class=\"uncoltable\"><div class=\"uncell no-block-padding\" ><div class=\"uncont\" ><div class=\"uncode_text_column\" ><\/p>\n<p style=\"text-align: right\"><em>\"As a recovery organisation and a leader in the environmental industry, we want to create as many opportunities as possible to discuss current issues and future challenges posed by the legislator. Our goal is to actively participate in shaping the new reality that will be governed by the principles of extended producer responsibility. As a Board Member, my priority will be to further strengthen the relationship with our customers. I plan to introduce a more personalised approach to customer service in order to better respond to their needs and expectations.\"<\/em><\/p>\n<p>\n<\/div><div class=\"uncode_text_column\" ><\/p>\n<h4 style=\"text-align: right\"><b>Agata Ry\u015b <\/b>- Member of the Management Board<\/h4>\n<p>\n<\/div><\/div><\/div><\/div><\/div><\/div><div class=\"wpb_column pos-middle pos-center align_left column_parent col-lg-6 single-internal-gutter shift-col-wa\"><div class=\"uncol style-light shift_y_neg_single shift_y_down_half\"  ><div class=\"uncoltable\"><div class=\"uncell no-block-padding\" ><div class=\"uncont\" ><div class=\"uncode-single-media  text-center\"><div class=\"single-wrapper\" style=\"max-width: 50%;\"><div class=\"tmb tmb-light  img-round tmb-img-ratio tmb-media-first tmb-media-last tmb-content-overlay tmb-no-bg\"><div class=\"t-inside\"><div class=\"t-entry-visual\"><div class=\"t-entry-visual-tc\"><div class=\"uncode-single-media-wrapper img-round\"><div class=\"dummy\" style=\"padding-top: 100%;\"><\/div><img decoding=\"async\" class=\"wp-image-16724\" src=\"https:\/\/interzero.pl\/wp-content\/uploads\/sites\/12\/2024\/10\/Agata-Rys.jpg\" width=\"1080\" height=\"1080\" alt=\"Agata Ry&#347;, cz&#322;onek zarz&#261;du interzero\" srcset=\"https:\/\/interzero.pl\/wp-content\/uploads\/sites\/12\/2024\/10\/Agata-Rys.jpg 1080w, https:\/\/interzero.pl\/wp-content\/uploads\/sites\/12\/2024\/10\/Agata-Rys-300x300.jpg 300w, https:\/\/interzero.pl\/wp-content\/uploads\/sites\/12\/2024\/10\/Agata-Rys-1024x1024.jpg 1024w, https:\/\/interzero.pl\/wp-content\/uploads\/sites\/12\/2024\/10\/Agata-Rys-150x150.jpg 150w, https:\/\/interzero.pl\/wp-content\/uploads\/sites\/12\/2024\/10\/Agata-Rys-768x768.jpg 768w, https:\/\/interzero.pl\/wp-content\/uploads\/sites\/12\/2024\/10\/Agata-Rys-350x350.jpg 350w, https:\/\/interzero.pl\/wp-content\/uploads\/sites\/12\/2024\/10\/Agata-Rys-348x348.jpg 348w, https:\/\/interzero.pl\/wp-content\/uploads\/sites\/12\/2024\/10\/Agata-Rys-uai-1032x1032.jpg 1032w, https:\/\/interzero.pl\/wp-content\/uploads\/sites\/12\/2024\/10\/Agata-Rys-uai-258x258.jpg 258w, https:\/\/interzero.pl\/wp-content\/uploads\/sites\/12\/2024\/10\/Agata-Rys-uai-720x720.jpg 720w, https:\/\/interzero.pl\/wp-content\/uploads\/sites\/12\/2024\/10\/Agata-Rys-uai-516x516.jpg 516w\" sizes=\"(max-width: 1080px) 100vw, 1080px\" \/><\/div>\n\t\t\t\t\t<\/div>\n\t\t\t\t<\/div><\/div><\/div><\/div><\/div><\/div><\/div><\/div><\/div><\/div><script id=\"script-row-unique-5\" data-row=\"script-row-unique-5\" type=\"text\/javascript\" class=\"vc_controls\">UNCODE.initRow(document.getElementById(\"row-unique-5\"));<\/script><\/div><\/div><\/div>\n<\/div>","protected":false},"excerpt":{"rendered":"Interzero management: responsibility for customers, employees and the environment Interzero Organizacja Odzysku Opakowa\u0144 S.A. was established to realise on behalf of Polish [...]","protected":false},"author":18,"featured_media":2063,"parent":3094,"menu_order":120,"comment_status":"closed","ping_status":"closed","template":"","meta":{"_acf_changed":false,"inline_featured_image":false,"footnotes":""},"wf_page_folders":[76],"class_list":["post-3115","page","type-page","status-publish","has-post-thumbnail","hentry","page_category-pl"],"acf":[],"yoast_head":"<!-- This site is optimized with the Yoast SEO plugin v26.4 - https:\/\/yoast.com\/wordpress\/plugins\/seo\/ -->\n<title>Zarz\u0105d Interzero - poznaj nasze cele i warto\u015bci<\/title>\n<meta name=\"description\" content=\"Interzero od lat wspiera przedsi\u0119biorc\u00f3w w d\u0105\u017ceniu do zr\u00f3wnowa\u017conego rozwoju. Poznaj cele i idea\u0142y, kt\u00f3rymi kieruje si\u0119 zarz\u0105d Interzero w Polsce\" \/>\n<meta name=\"robots\" content=\"index, follow, max-snippet:-1, max-image-preview:large, max-video-preview:-1\" \/>\n<link rel=\"canonical\" href=\"https:\/\/interzero.pl\/en\/o-firmie\/zarzad\/\" \/>\n<meta property=\"og:locale\" content=\"en_GB\" \/>\n<meta property=\"og:type\" content=\"article\" \/>\n<meta property=\"og:title\" content=\"Zarz\u0105d Interzero - poznaj nasze cele i warto\u015bci\" \/>\n<meta property=\"og:description\" content=\"Interzero od lat wspiera przedsi\u0119biorc\u00f3w w d\u0105\u017ceniu do zr\u00f3wnowa\u017conego rozwoju. Poznaj cele i idea\u0142y, kt\u00f3rymi kieruje si\u0119 zarz\u0105d Interzero w Polsce\" \/>\n<meta property=\"og:url\" content=\"https:\/\/interzero.pl\/en\/o-firmie\/zarzad\/\" \/>\n<meta property=\"og:site_name\" content=\"Interzero Polska\" \/>\n<meta property=\"article:publisher\" content=\"https:\/\/www.facebook.com\/InterzeroPolska\" \/>\n<meta property=\"article:modified_time\" content=\"2024-10-03T07:43:41+00:00\" \/>\n<meta property=\"og:image\" content=\"https:\/\/interzero.pl\/wp-content\/uploads\/sites\/12\/2022\/10\/interzero-nachhalti-2022_1870x555.jpg\" \/>\n\t<meta property=\"og:image:width\" content=\"1870\" \/>\n\t<meta property=\"og:image:height\" content=\"555\" \/>\n\t<meta property=\"og:image:type\" content=\"image\/jpeg\" \/>\n<meta name=\"twitter:card\" content=\"summary_large_image\" \/>\n<meta name=\"twitter:label1\" content=\"Estimated reading time\" \/>\n\t<meta name=\"twitter:data1\" content=\"3 minutes\" \/>\n<script type=\"application\/ld+json\" class=\"yoast-schema-graph\">{\"@context\":\"https:\/\/schema.org\",\"@graph\":[{\"@type\":\"WebPage\",\"@id\":\"https:\/\/interzero.pl\/o-firmie\/zarzad\/\",\"url\":\"https:\/\/interzero.pl\/o-firmie\/zarzad\/\",\"name\":\"Zarz\u0105d Interzero - poznaj nasze cele i warto\u015bci\",\"isPartOf\":{\"@id\":\"https:\/\/interzero.pl\/#website\"},\"primaryImageOfPage\":{\"@id\":\"https:\/\/interzero.pl\/o-firmie\/zarzad\/#primaryimage\"},\"image\":{\"@id\":\"https:\/\/interzero.pl\/o-firmie\/zarzad\/#primaryimage\"},\"thumbnailUrl\":\"https:\/\/interzero.pl\/wp-content\/uploads\/sites\/12\/2022\/10\/interzero-nachhalti-2022_1870x555.jpg\",\"datePublished\":\"2022-11-21T12:26:36+00:00\",\"dateModified\":\"2024-10-03T07:43:41+00:00\",\"description\":\"Interzero od lat wspiera przedsi\u0119biorc\u00f3w w d\u0105\u017ceniu do zr\u00f3wnowa\u017conego rozwoju. Poznaj cele i idea\u0142y, kt\u00f3rymi kieruje si\u0119 zarz\u0105d Interzero w Polsce\",\"breadcrumb\":{\"@id\":\"https:\/\/interzero.pl\/o-firmie\/zarzad\/#breadcrumb\"},\"inLanguage\":\"en-GB\",\"potentialAction\":[{\"@type\":\"ReadAction\",\"target\":[\"https:\/\/interzero.pl\/o-firmie\/zarzad\/\"]}]},{\"@type\":\"ImageObject\",\"inLanguage\":\"en-GB\",\"@id\":\"https:\/\/interzero.pl\/o-firmie\/zarzad\/#primaryimage\",\"url\":\"https:\/\/interzero.pl\/wp-content\/uploads\/sites\/12\/2022\/10\/interzero-nachhalti-2022_1870x555.jpg\",\"contentUrl\":\"https:\/\/interzero.pl\/wp-content\/uploads\/sites\/12\/2022\/10\/interzero-nachhalti-2022_1870x555.jpg\",\"width\":1870,\"height\":555,\"caption\":\"m\u0119\u017cczyzna spaceruje brzegiem kamienistego, g\u00f3rskiego jeziora le\u017c\u0105cego w\u015br\u00f3d wysokich szczyt\u00f3w\"},{\"@type\":\"BreadcrumbList\",\"@id\":\"https:\/\/interzero.pl\/o-firmie\/zarzad\/#breadcrumb\",\"itemListElement\":[{\"@type\":\"ListItem\",\"position\":1,\"name\":\"Home\",\"item\":\"https:\/\/interzero.pl\/\"},{\"@type\":\"ListItem\",\"position\":2,\"name\":\"O firmie\",\"item\":\"https:\/\/interzero.pl\/o-firmie\/\"},{\"@type\":\"ListItem\",\"position\":3,\"name\":\"Zarz\u0105d w Polsce\"}]},{\"@type\":\"WebSite\",\"@id\":\"https:\/\/interzero.pl\/#website\",\"url\":\"https:\/\/interzero.pl\/\",\"name\":\"Interzero Polska | Rozwi\u0105zania dla \u015bwiata bez odpad\u00f3w\",\"description\":\"Dostarczamy innowacyjne i kompleksowe rozwi\u0105zania  w zakresie ochrony \u015brodowiska.\",\"publisher\":{\"@id\":\"https:\/\/interzero.pl\/#organization\"},\"potentialAction\":[{\"@type\":\"SearchAction\",\"target\":{\"@type\":\"EntryPoint\",\"urlTemplate\":\"https:\/\/interzero.pl\/?s={search_term_string}\"},\"query-input\":{\"@type\":\"PropertyValueSpecification\",\"valueRequired\":true,\"valueName\":\"search_term_string\"}}],\"inLanguage\":\"en-GB\"},{\"@type\":\"Organization\",\"@id\":\"https:\/\/interzero.pl\/#organization\",\"name\":\"Interzero Polska\",\"url\":\"https:\/\/interzero.pl\/\",\"logo\":{\"@type\":\"ImageObject\",\"inLanguage\":\"en-GB\",\"@id\":\"https:\/\/interzero.pl\/#\/schema\/logo\/image\/\",\"url\":\"https:\/\/interzero.pl\/wp-content\/uploads\/sites\/12\/2024\/07\/Interzero.png\",\"contentUrl\":\"https:\/\/interzero.pl\/wp-content\/uploads\/sites\/12\/2024\/07\/Interzero.png\",\"width\":1920,\"height\":1080,\"caption\":\"Interzero Polska\"},\"image\":{\"@id\":\"https:\/\/interzero.pl\/#\/schema\/logo\/image\/\"},\"sameAs\":[\"https:\/\/www.facebook.com\/InterzeroPolska\",\"https:\/\/www.linkedin.com\/company\/interzero-zero-waste-solutions\/\"]}]}<\/script>\n<!-- \/ Yoast SEO plugin. -->","yoast_head_json":{"title":"Interzero's Board of Directors - learn about our goals and values","description":"Interzero has been supporting entrepreneurs in their pursuit of sustainable development for years. Learn more about the goals and ideals guiding Interzero's management in Poland","robots":{"index":"index","follow":"follow","max-snippet":"max-snippet:-1","max-image-preview":"max-image-preview:large","max-video-preview":"max-video-preview:-1"},"canonical":"https:\/\/interzero.pl\/en\/o-firmie\/zarzad\/","og_locale":"en_GB","og_type":"article","og_title":"Zarz\u0105d Interzero - poznaj nasze cele i warto\u015bci","og_description":"Interzero od lat wspiera przedsi\u0119biorc\u00f3w w d\u0105\u017ceniu do zr\u00f3wnowa\u017conego rozwoju. Poznaj cele i idea\u0142y, kt\u00f3rymi kieruje si\u0119 zarz\u0105d Interzero w Polsce","og_url":"https:\/\/interzero.pl\/en\/o-firmie\/zarzad\/","og_site_name":"Interzero Polska","article_publisher":"https:\/\/www.facebook.com\/InterzeroPolska","article_modified_time":"2024-10-03T07:43:41+00:00","og_image":[{"width":1870,"height":555,"url":"https:\/\/interzero.pl\/wp-content\/uploads\/sites\/12\/2022\/10\/interzero-nachhalti-2022_1870x555.jpg","type":"image\/jpeg"}],"twitter_card":"summary_large_image","twitter_misc":{"Estimated reading time":"3 minutes"},"schema":{"@context":"https:\/\/schema.org","@graph":[{"@type":"WebPage","@id":"https:\/\/interzero.pl\/o-firmie\/zarzad\/","url":"https:\/\/interzero.pl\/o-firmie\/zarzad\/","name":"Interzero's Board of Directors - learn about our goals and values","isPartOf":{"@id":"https:\/\/interzero.pl\/#website"},"primaryImageOfPage":{"@id":"https:\/\/interzero.pl\/o-firmie\/zarzad\/#primaryimage"},"image":{"@id":"https:\/\/interzero.pl\/o-firmie\/zarzad\/#primaryimage"},"thumbnailUrl":"https:\/\/interzero.pl\/wp-content\/uploads\/sites\/12\/2022\/10\/interzero-nachhalti-2022_1870x555.jpg","datePublished":"2022-11-21T12:26:36+00:00","dateModified":"2024-10-03T07:43:41+00:00","description":"Interzero has been supporting entrepreneurs in their pursuit of sustainable development for years. Learn more about the goals and ideals guiding Interzero's management in Poland","breadcrumb":{"@id":"https:\/\/interzero.pl\/o-firmie\/zarzad\/#breadcrumb"},"inLanguage":"en-GB","potentialAction":[{"@type":"ReadAction","target":["https:\/\/interzero.pl\/o-firmie\/zarzad\/"]}]},{"@type":"ImageObject","inLanguage":"en-GB","@id":"https:\/\/interzero.pl\/o-firmie\/zarzad\/#primaryimage","url":"https:\/\/interzero.pl\/wp-content\/uploads\/sites\/12\/2022\/10\/interzero-nachhalti-2022_1870x555.jpg","contentUrl":"https:\/\/interzero.pl\/wp-content\/uploads\/sites\/12\/2022\/10\/interzero-nachhalti-2022_1870x555.jpg","width":1870,"height":555,"caption":"m\u0119\u017cczyzna spaceruje brzegiem kamienistego, g\u00f3rskiego jeziora le\u017c\u0105cego w\u015br\u00f3d wysokich szczyt\u00f3w"},{"@type":"BreadcrumbList","@id":"https:\/\/interzero.pl\/o-firmie\/zarzad\/#breadcrumb","itemListElement":[{"@type":"ListItem","position":1,"name":"Home","item":"https:\/\/interzero.pl\/"},{"@type":"ListItem","position":2,"name":"O firmie","item":"https:\/\/interzero.pl\/o-firmie\/"},{"@type":"ListItem","position":3,"name":"Zarz\u0105d w Polsce"}]},{"@type":"WebSite","@id":"https:\/\/interzero.pl\/#website","url":"https:\/\/interzero.pl\/","name":"Interzero Polska | Solutions for a world without waste","description":"We provide innovative and comprehensive environmental solutions.","publisher":{"@id":"https:\/\/interzero.pl\/#organization"},"potentialAction":[{"@type":"SearchAction","target":{"@type":"EntryPoint","urlTemplate":"https:\/\/interzero.pl\/?s={search_term_string}"},"query-input":{"@type":"PropertyValueSpecification","valueRequired":true,"valueName":"search_term_string"}}],"inLanguage":"en-GB"},{"@type":"Organization","@id":"https:\/\/interzero.pl\/#organization","name":"Interzero Poland","url":"https:\/\/interzero.pl\/","logo":{"@type":"ImageObject","inLanguage":"en-GB","@id":"https:\/\/interzero.pl\/#\/schema\/logo\/image\/","url":"https:\/\/interzero.pl\/wp-content\/uploads\/sites\/12\/2024\/07\/Interzero.png","contentUrl":"https:\/\/interzero.pl\/wp-content\/uploads\/sites\/12\/2024\/07\/Interzero.png","width":1920,"height":1080,"caption":"Interzero Polska"},"image":{"@id":"https:\/\/interzero.pl\/#\/schema\/logo\/image\/"},"sameAs":["https:\/\/www.facebook.com\/InterzeroPolska","https:\/\/www.linkedin.com\/company\/interzero-zero-waste-solutions\/"]}]}},"_links":{"self":[{"href":"https:\/\/interzero.pl\/en\/wp-json\/wp\/v2\/pages\/3115","targetHints":{"allow":["GET"]}}],"collection":[{"href":"https:\/\/interzero.pl\/en\/wp-json\/wp\/v2\/pages"}],"about":[{"href":"https:\/\/interzero.pl\/en\/wp-json\/wp\/v2\/types\/page"}],"author":[{"embeddable":true,"href":"https:\/\/interzero.pl\/en\/wp-json\/wp\/v2\/users\/18"}],"replies":[{"embeddable":true,"href":"https:\/\/interzero.pl\/en\/wp-json\/wp\/v2\/comments?post=3115"}],"version-history":[{"count":49,"href":"https:\/\/interzero.pl\/en\/wp-json\/wp\/v2\/pages\/3115\/revisions"}],"predecessor-version":[{"id":16729,"href":"https:\/\/interzero.pl\/en\/wp-json\/wp\/v2\/pages\/3115\/revisions\/16729"}],"up":[{"embeddable":true,"href":"https:\/\/interzero.pl\/en\/wp-json\/wp\/v2\/pages\/3094"}],"wp:featuredmedia":[{"embeddable":true,"href":"https:\/\/interzero.pl\/en\/wp-json\/wp\/v2\/media\/2063"}],"wp:attachment":[{"href":"https:\/\/interzero.pl\/en\/wp-json\/wp\/v2\/media?parent=3115"}],"wp:term":[{"taxonomy":"wf_page_folders","embeddable":true,"href":"https:\/\/interzero.pl\/en\/wp-json\/wp\/v2\/wf_page_folders?post=3115"}],"curies":[{"name":"wp","href":"https:\/\/api.w.org\/{rel}","templated":true}]}}