{"id":3097,"date":"2022-11-10T11:20:47","date_gmt":"2022-11-10T10:20:47","guid":{"rendered":"https:\/\/l.interzero.at\/pl\/live\/?page_id=3097"},"modified":"2025-08-27T15:36:31","modified_gmt":"2025-08-27T13:36:31","slug":"nasze-lokalizacje","status":"publish","type":"page","link":"https:\/\/interzero.pl\/en\/o-firmie\/nasze-lokalizacje\/","title":{"rendered":"Our locations"},"content":{"rendered":"<div class=\"wpb-content-wrapper\"><div data-parent=\"true\" class=\"vc_row row-container\" id=\"row-unique-0\"><div class=\"row no-top-padding single-bottom-padding no-h-padding limit-width row-parent\"><div class=\"wpb_row row-inner\"><div class=\"wpb_column pos-top pos-center align_center column_parent col-lg-12 single-internal-gutter\"><div class=\"uncol style-light\"  ><div class=\"uncoltable\"><div class=\"uncell no-block-padding\" ><div class=\"uncont\" ><div class=\"vc_custom_heading_wrap\"><div class=\"heading-text el-text\" ><h1 class=\"h1\" ><span><\/p><\/span><span><h1 style=\"text-align: center\"><strong>Our locations<\/strong><\/h1><\/span><span><p><\/span><\/h1><\/div><div class=\"clear\"><\/div><\/div><div class=\"uncode_text_column\" ><\/p>\n<h2><strong>Interzero Group <\/strong><strong>in Poland<\/strong><\/h2>\n<p>\n<\/div><div class=\"uncode_text_column\" ><\/p>\n<h2><strong>WARSAW<\/strong><\/h2>\n<p>\n<\/div><\/div><\/div><\/div><\/div><\/div><script id=\"script-row-unique-0\" data-row=\"script-row-unique-0\" type=\"text\/javascript\" class=\"vc_controls\">UNCODE.initRow(document.getElementById(\"row-unique-0\"));<\/script><\/div><\/div><\/div><div data-parent=\"true\" class=\"vc_row row-container\" id=\"row-unique-1\"><div class=\"row no-top-padding no-bottom-padding no-h-padding limit-width row-parent\"><div class=\"wpb_row row-inner\"><div class=\"wpb_column pos-top pos-center align_left column_parent col-lg-12 single-internal-gutter\"><div class=\"uncol style-light\"  ><div class=\"uncoltable\"><div class=\"uncell no-block-padding\" ><div class=\"uncont\" >\n\t<div class=\"wpb_raw_code wpb_raw_html\" >\n\t\t<div class=\"wpb_wrapper\">\n\t\t\t<iframe src=\"https:\/\/www.google.com\/maps\/embed?pb=!1m18!1m12!1m3!1d2444.6210169083383!2d20.95171957691267!3d52.21393425884445!2m3!1f0!2f0!3f0!3m2!1i1024!2i768!4f13.1!3m3!1m2!1s0x471ecb57656bb857%3A0x338ff29f536f813!2sAl.%20Jerozolimskie%20146D%2C%2002-305%20Warszawa!5e0!3m2!1spl!2spl!4v1755680025690!5m2!1spl!2spl\" width=\"600\" height=\"450\" style=\"border:0;\" allowfullscreen=\"\" loading=\"lazy\" referrerpolicy=\"no-referrer-when-downgrade\"><\/iframe>\n\t\t<\/div>\n\t<\/div>\n<\/div><\/div><\/div><\/div><\/div><script id=\"script-row-unique-1\" data-row=\"script-row-unique-1\" type=\"text\/javascript\" class=\"vc_controls\">UNCODE.initRow(document.getElementById(\"row-unique-1\"));<\/script><\/div><\/div><\/div><div data-parent=\"true\" class=\"vc_row row-container\" id=\"row-unique-2\"><div class=\"row limit-width row-parent\"><div class=\"wpb_row row-inner\"><div class=\"wpb_column pos-top pos-center align_left column_parent col-lg-6 single-internal-gutter\"><div class=\"uncol style-light\"  ><div class=\"uncoltable\"><div class=\"uncell no-block-padding\" ><div class=\"uncont\" ><div class=\"uncode_text_column\" ><\/p>\n<p style=\"text-align: center;\"><strong>Interzero Organizacja Odzysku Opakowa\u0144 S.A.<\/strong><\/p>\n<p style=\"text-align: center;\">146d Jerozolimskie Ave.<br \/>\n02-305 Warsaw<\/p>\n<p style=\"text-align: center;\">Management: Anna Grom, Monika Grom, Pawe\u0142 Lesiak, Agata Ry\u015b<br \/>\nNIP: 5213409980<\/p>\n<p>\n<\/div><\/div><\/div><\/div><\/div><\/div><div class=\"wpb_column pos-top pos-center align_left column_parent col-lg-6 single-internal-gutter\"><div class=\"uncol style-light\"  ><div class=\"uncoltable\"><div class=\"uncell no-block-padding\" ><div class=\"uncont\" ><div class=\"uncode_text_column\" ><\/p>\n<p style=\"text-align: center;\"><strong>Mailing address:<\/strong><\/p>\n<p style=\"text-align: center;\">Interzero Organizacja Odzysku Opakowa\u0144 S.A.<br \/>\n146d Jerozolimskie Ave.<br \/>\n02-305 Warsaw<\/p>\n<p>\n<\/div><\/div><\/div><\/div><\/div><\/div><script id=\"script-row-unique-2\" data-row=\"script-row-unique-2\" type=\"text\/javascript\" class=\"vc_controls\">UNCODE.initRow(document.getElementById(\"row-unique-2\"));<\/script><\/div><\/div><\/div><div data-parent=\"true\" class=\"vc_row row-container\" id=\"row-unique-3\"><div class=\"row no-top-padding single-bottom-padding no-h-padding limit-width row-parent\"><div class=\"wpb_row row-inner\"><div class=\"wpb_column pos-top pos-center align_center column_parent col-lg-12 single-internal-gutter\"><div class=\"uncol style-light\"  ><div class=\"uncoltable\"><div class=\"uncell no-block-padding\" ><div class=\"uncont\" ><div class=\"vc_custom_heading_wrap\"><div class=\"heading-text el-text\" ><h1 class=\"h1\" ><span><\/p><\/span><span><h2 style=\"text-align: center\"><strong>KRAKOW<\/strong><\/h2><\/span><span><p><\/span><\/h1><\/div><div class=\"clear\"><\/div><\/div><\/div><\/div><\/div><\/div><\/div><script id=\"script-row-unique-3\" data-row=\"script-row-unique-3\" type=\"text\/javascript\" class=\"vc_controls\">UNCODE.initRow(document.getElementById(\"row-unique-3\"));<\/script><\/div><\/div><\/div><div data-parent=\"true\" class=\"vc_row row-container\" id=\"row-unique-4\"><div class=\"row no-top-padding no-bottom-padding no-h-padding limit-width row-parent\"><div class=\"wpb_row row-inner\"><div class=\"wpb_column pos-top pos-center align_left column_parent col-lg-12 single-internal-gutter\"><div class=\"uncol style-light\"  ><div class=\"uncoltable\"><div class=\"uncell no-block-padding\" ><div class=\"uncont\" >\n\t<div class=\"wpb_raw_code wpb_raw_html\" >\n\t\t<div class=\"wpb_wrapper\">\n\t\t\t<iframe src=\"https:\/\/www.google.com\/maps\/embed?pb=!1m18!1m12!1m3!1d2561.0639377295665!2d19.967804215873183!3d50.066364222846055!2m3!1f0!2f0!3f0!3m2!1i1024!2i768!4f13.1!3m3!1m2!1s0x47165b3b7a73e417%3A0xdcf770336e55fbb4!2sInterzero%20Polska%20Sp.%20z%20o.o.!5e0!3m2!1sen!2spl!4v1674122729274!5m2!1sen!2spl\" width=\"600\" height=\"450\" style=\"border:0;\" allowfullscreen=\"\" loading=\"lazy\" referrerpolicy=\"no-referrer-when-downgrade\"><\/iframe>\n\t\t<\/div>\n\t<\/div>\n<\/div><\/div><\/div><\/div><\/div><script id=\"script-row-unique-4\" data-row=\"script-row-unique-4\" type=\"text\/javascript\" class=\"vc_controls\">UNCODE.initRow(document.getElementById(\"row-unique-4\"));<\/script><\/div><\/div><\/div><div data-parent=\"true\" class=\"vc_row row-container\" id=\"row-unique-5\"><div class=\"row limit-width row-parent\"><div class=\"wpb_row row-inner\"><div class=\"wpb_column pos-top pos-center align_left column_parent col-lg-6 single-internal-gutter\"><div class=\"uncol style-light\"  ><div class=\"uncoltable\"><div class=\"uncell no-block-padding\" ><div class=\"uncont\" ><div class=\"uncode_text_column\" ><\/p>\n<p style=\"text-align: center\"><strong>Interzero Organizacja Odzysku Opakowa\u0144 i Organizacja Odzysku Sprz\u0119tu Elektrycznego i Elektronicznego S.A.<\/strong><\/p>\n<p style=\"text-align: center\">65 Mogilska Street<br \/>\n31-545 Krakow, Poland<\/p>\n<p style=\"text-align: center\">Management: Monika Grom, Pawe\u0142 Lesiak, Agata Ry\u015b<br \/>\nNIP: 9512530326<\/p>\n<\/div><\/div><\/div><\/div><\/div><\/div><div class=\"wpb_column pos-top pos-center align_left column_parent col-lg-6 single-internal-gutter\"><div class=\"uncol style-light\"  ><div class=\"uncoltable\"><div class=\"uncell no-block-padding\" ><div class=\"uncont\" ><div class=\"uncode_text_column\" ><\/p>\n<p style=\"text-align: center;\"><strong>Mailing address:<\/strong><\/p>\n<p style=\"text-align: center;\">Interzero Organizacja Odzysku Opakowa\u0144 i Organizacja Odzysku Sprz\u0119tu Elektrycznego i Elektronicznego S.A.<br \/>\n146d Jerozolimskie Ave.<br \/>\n02-305 Warsaw<\/p>\n<p>\n<\/div><\/div><\/div><\/div><\/div><\/div><script id=\"script-row-unique-5\" data-row=\"script-row-unique-5\" type=\"text\/javascript\" class=\"vc_controls\">UNCODE.initRow(document.getElementById(\"row-unique-5\"));<\/script><\/div><\/div><\/div><div data-parent=\"true\" class=\"vc_row row-container\" id=\"row-unique-6\"><div class=\"row limit-width row-parent\"><div class=\"wpb_row row-inner\"><div class=\"wpb_column pos-top pos-center align_left column_parent col-lg-6 single-internal-gutter\"><div class=\"uncol style-light\"  ><div class=\"uncoltable\"><div class=\"uncell no-block-padding\" ><div class=\"uncont\" ><div class=\"uncode_text_column\" ><\/p>\n<p style=\"text-align: center;\"><strong>Interzero Polska Sp. z o.o.\u00a0<\/strong><\/p>\n<p style=\"text-align: center;\">146d Jerozolimskie Ave.<br \/>\n02-305 Warsaw<\/p>\n<p style=\"text-align: center;\">Management: Monika Grom, Pawe\u0142 Lesiak, Agata Ry\u015b<br \/>\nNIP: 9512367010<\/p>\n<p>\n<\/div><\/div><\/div><\/div><\/div><\/div><div class=\"wpb_column pos-top pos-center align_left column_parent col-lg-6 single-internal-gutter\"><div class=\"uncol style-light\"  ><div class=\"uncoltable\"><div class=\"uncell no-block-padding\" ><div class=\"uncont\" ><div class=\"uncode_text_column\" ><\/p>\n<p style=\"text-align: center\"><strong>Mailing address:<\/strong><\/p>\n<p style=\"text-align: center\">Interzero Polska Sp. z o.o.<br \/>\n65 Mogilska Street<br \/>\n31-545 Krakow, Poland<\/p>\n<\/div><\/div><\/div><\/div><\/div><\/div><script id=\"script-row-unique-6\" data-row=\"script-row-unique-6\" type=\"text\/javascript\" class=\"vc_controls\">UNCODE.initRow(document.getElementById(\"row-unique-6\"));<\/script><\/div><\/div><\/div><div data-parent=\"true\" class=\"vc_row row-container\" id=\"row-unique-7\"><div class=\"row no-top-padding single-bottom-padding no-h-padding limit-width row-parent\"><div class=\"wpb_row row-inner\"><div class=\"wpb_column pos-top pos-center align_center column_parent col-lg-12 single-internal-gutter\"><div class=\"uncol style-light\"  ><div class=\"uncoltable\"><div class=\"uncell no-block-padding\" ><div class=\"uncont\" ><div class=\"vc_custom_heading_wrap\"><div class=\"heading-text el-text\" ><h1 class=\"h1\" ><span><\/p><\/span><span><h2 style=\"text-align: center\"><strong>\u0141\u00d3D\u0179<\/strong><\/h2><\/span><span><p><\/span><\/h1><\/div><div class=\"clear\"><\/div><\/div><\/div><\/div><\/div><\/div><\/div><script id=\"script-row-unique-7\" data-row=\"script-row-unique-7\" type=\"text\/javascript\" class=\"vc_controls\">UNCODE.initRow(document.getElementById(\"row-unique-7\"));<\/script><\/div><\/div><\/div><div data-parent=\"true\" class=\"vc_row row-container\" id=\"row-unique-8\"><div class=\"row no-top-padding no-bottom-padding no-h-padding limit-width row-parent\"><div class=\"wpb_row row-inner\"><div class=\"wpb_column pos-top pos-center align_left column_parent col-lg-12 single-internal-gutter\"><div class=\"uncol style-light\"  ><div class=\"uncoltable\"><div class=\"uncell no-block-padding\" ><div class=\"uncont\" >\n\t<div class=\"wpb_raw_code wpb_raw_html\" >\n\t\t<div class=\"wpb_wrapper\">\n\t\t\t<iframe src=\"https:\/\/www.google.com\/maps\/embed?pb=!1m18!1m12!1m3!1d316141.9270242154!2d18.89579826562501!3d51.7539054!2m3!1f0!2f0!3f0!3m2!1i1024!2i768!4f13.1!3m3!1m2!1s0x471bcad12f127e9b%3A0xc83e51dd6c1f0605!2sInterzero%20Advisory%20Sp%C3%B3%C5%82ka%20z%20o.o.!5e0!3m2!1sen!2spl!4v1674122708201!5m2!1sen!2spl\" width=\"600\" height=\"450\" style=\"border:0;\" allowfullscreen=\"\" loading=\"lazy\" referrerpolicy=\"no-referrer-when-downgrade\"><\/iframe>\n\t\t<\/div>\n\t<\/div>\n<\/div><\/div><\/div><\/div><\/div><script id=\"script-row-unique-8\" data-row=\"script-row-unique-8\" type=\"text\/javascript\" class=\"vc_controls\">UNCODE.initRow(document.getElementById(\"row-unique-8\"));<\/script><\/div><\/div><\/div><div data-parent=\"true\" class=\"vc_row row-container\" id=\"row-unique-9\"><div class=\"row limit-width row-parent\"><div class=\"wpb_row row-inner\"><div class=\"wpb_column pos-top pos-center align_left column_parent col-lg-6 single-internal-gutter\"><div class=\"uncol style-light\"  ><div class=\"uncoltable\"><div class=\"uncell no-block-padding\" ><div class=\"uncont\" ><div class=\"uncode_text_column\" ><\/p>\n<p style=\"text-align: center;\"><strong>Interzero Advisory Sp. z o.o.<\/strong><\/p>\n<p style=\"text-align: center;\">146d Jerozolimskie Ave.<br \/>\n02-305 Warsaw<\/p>\n<p style=\"text-align: center;\">Management: Monika Grom, Pawe\u0142 Lesiak, Agata Ry\u015b<br \/>\nNIP: 1132335293<\/p>\n<p>\n<\/div><\/div><\/div><\/div><\/div><\/div><div class=\"wpb_column pos-top pos-center align_left column_parent col-lg-6 single-internal-gutter\"><div class=\"uncol style-light\"  ><div class=\"uncoltable\"><div class=\"uncell no-block-padding\" ><div class=\"uncont\" ><div class=\"uncode_text_column\" ><\/p>\n<p style=\"text-align: center\"><strong>Mailing address:<\/strong><\/p>\n<p style=\"text-align: center\">Interzero Advisory Sp. z o.o.<br \/>\n178 W\u00f3lcza\u0144ska Street building A<br \/>\n90-530 \u0141\u00f3d\u017a, Poland<\/p>\n<\/div><\/div><\/div><\/div><\/div><\/div><script id=\"script-row-unique-9\" data-row=\"script-row-unique-9\" type=\"text\/javascript\" class=\"vc_controls\">UNCODE.initRow(document.getElementById(\"row-unique-9\"));<\/script><\/div><\/div><\/div>\n<\/div>","protected":false},"excerpt":{"rendered":"Our locationsInterzero Group in Poland WARSAW Interzero Organizacja Odzysku Opakowa\u0144 S.A. Al. Jerozolimskie 146d 02-305 Warsaw Management Board: Anna Grom, Monika [...].","protected":false},"author":18,"featured_media":0,"parent":3094,"menu_order":128,"comment_status":"closed","ping_status":"closed","template":"","meta":{"_acf_changed":false,"inline_featured_image":false,"footnotes":""},"wf_page_folders":[76],"class_list":["post-3097","page","type-page","status-publish","hentry","page_category-pl"],"acf":[],"yoast_head":"<!-- This site is optimized with the Yoast SEO plugin v26.4 - https:\/\/yoast.com\/wordpress\/plugins\/seo\/ -->\n<title>Nasze lokalizacje | Interzero Polska<\/title>\n<meta name=\"description\" content=\"Grupa Interzero w Polsce to kilka wyspecjalizowanych sp\u00f3\u0142ek \u015bwiadcz\u0105cych kompleksowe us\u0142ugi \u015brodowiskowe na terenie ca\u0142ego kraju. Sprawd\u017a adresy\" \/>\n<meta name=\"robots\" content=\"index, follow, max-snippet:-1, max-image-preview:large, max-video-preview:-1\" \/>\n<link rel=\"canonical\" href=\"https:\/\/interzero.pl\/en\/o-firmie\/nasze-lokalizacje\/\" \/>\n<meta property=\"og:locale\" content=\"en_GB\" \/>\n<meta property=\"og:type\" content=\"article\" \/>\n<meta property=\"og:title\" content=\"Nasze lokalizacje | Interzero Polska\" \/>\n<meta property=\"og:description\" content=\"Grupa Interzero w Polsce to kilka wyspecjalizowanych sp\u00f3\u0142ek \u015bwiadcz\u0105cych kompleksowe us\u0142ugi \u015brodowiskowe na terenie ca\u0142ego kraju. Sprawd\u017a adresy\" \/>\n<meta property=\"og:url\" content=\"https:\/\/interzero.pl\/en\/o-firmie\/nasze-lokalizacje\/\" \/>\n<meta property=\"og:site_name\" content=\"Interzero Polska\" \/>\n<meta property=\"article:publisher\" content=\"https:\/\/www.facebook.com\/InterzeroPolska\" \/>\n<meta property=\"article:modified_time\" content=\"2025-08-27T13:36:31+00:00\" \/>\n<meta name=\"twitter:card\" content=\"summary_large_image\" \/>\n<meta name=\"twitter:label1\" content=\"Estimated reading time\" \/>\n\t<meta name=\"twitter:data1\" content=\"2 minutes\" \/>\n<script type=\"application\/ld+json\" class=\"yoast-schema-graph\">{\"@context\":\"https:\/\/schema.org\",\"@graph\":[{\"@type\":\"WebPage\",\"@id\":\"https:\/\/interzero.pl\/o-firmie\/nasze-lokalizacje\/\",\"url\":\"https:\/\/interzero.pl\/o-firmie\/nasze-lokalizacje\/\",\"name\":\"Nasze lokalizacje | Interzero Polska\",\"isPartOf\":{\"@id\":\"https:\/\/interzero.pl\/#website\"},\"datePublished\":\"2022-11-10T10:20:47+00:00\",\"dateModified\":\"2025-08-27T13:36:31+00:00\",\"description\":\"Grupa Interzero w Polsce to kilka wyspecjalizowanych sp\u00f3\u0142ek \u015bwiadcz\u0105cych kompleksowe us\u0142ugi \u015brodowiskowe na terenie ca\u0142ego kraju. Sprawd\u017a adresy\",\"breadcrumb\":{\"@id\":\"https:\/\/interzero.pl\/o-firmie\/nasze-lokalizacje\/#breadcrumb\"},\"inLanguage\":\"en-GB\",\"potentialAction\":[{\"@type\":\"ReadAction\",\"target\":[\"https:\/\/interzero.pl\/o-firmie\/nasze-lokalizacje\/\"]}]},{\"@type\":\"BreadcrumbList\",\"@id\":\"https:\/\/interzero.pl\/o-firmie\/nasze-lokalizacje\/#breadcrumb\",\"itemListElement\":[{\"@type\":\"ListItem\",\"position\":1,\"name\":\"Home\",\"item\":\"https:\/\/interzero.pl\/\"},{\"@type\":\"ListItem\",\"position\":2,\"name\":\"O firmie\",\"item\":\"https:\/\/interzero.pl\/o-firmie\/\"},{\"@type\":\"ListItem\",\"position\":3,\"name\":\"Nasze lokalizacje\"}]},{\"@type\":\"WebSite\",\"@id\":\"https:\/\/interzero.pl\/#website\",\"url\":\"https:\/\/interzero.pl\/\",\"name\":\"Interzero Polska | Rozwi\u0105zania dla \u015bwiata bez odpad\u00f3w\",\"description\":\"Dostarczamy innowacyjne i kompleksowe rozwi\u0105zania  w zakresie ochrony \u015brodowiska.\",\"publisher\":{\"@id\":\"https:\/\/interzero.pl\/#organization\"},\"potentialAction\":[{\"@type\":\"SearchAction\",\"target\":{\"@type\":\"EntryPoint\",\"urlTemplate\":\"https:\/\/interzero.pl\/?s={search_term_string}\"},\"query-input\":{\"@type\":\"PropertyValueSpecification\",\"valueRequired\":true,\"valueName\":\"search_term_string\"}}],\"inLanguage\":\"en-GB\"},{\"@type\":\"Organization\",\"@id\":\"https:\/\/interzero.pl\/#organization\",\"name\":\"Interzero Polska\",\"url\":\"https:\/\/interzero.pl\/\",\"logo\":{\"@type\":\"ImageObject\",\"inLanguage\":\"en-GB\",\"@id\":\"https:\/\/interzero.pl\/#\/schema\/logo\/image\/\",\"url\":\"https:\/\/interzero.pl\/wp-content\/uploads\/sites\/12\/2024\/07\/Interzero.png\",\"contentUrl\":\"https:\/\/interzero.pl\/wp-content\/uploads\/sites\/12\/2024\/07\/Interzero.png\",\"width\":1920,\"height\":1080,\"caption\":\"Interzero Polska\"},\"image\":{\"@id\":\"https:\/\/interzero.pl\/#\/schema\/logo\/image\/\"},\"sameAs\":[\"https:\/\/www.facebook.com\/InterzeroPolska\",\"https:\/\/www.linkedin.com\/company\/interzero-zero-waste-solutions\/\"]}]}<\/script>\n<!-- \/ Yoast SEO plugin. -->","yoast_head_json":{"title":"Our locations | Interzero Poland","description":"The Interzero Group in Poland comprises several specialised companies providing comprehensive environmental services throughout the country. Check the addresses","robots":{"index":"index","follow":"follow","max-snippet":"max-snippet:-1","max-image-preview":"max-image-preview:large","max-video-preview":"max-video-preview:-1"},"canonical":"https:\/\/interzero.pl\/en\/o-firmie\/nasze-lokalizacje\/","og_locale":"en_GB","og_type":"article","og_title":"Nasze lokalizacje | Interzero Polska","og_description":"Grupa Interzero w Polsce to kilka wyspecjalizowanych sp\u00f3\u0142ek \u015bwiadcz\u0105cych kompleksowe us\u0142ugi \u015brodowiskowe na terenie ca\u0142ego kraju. Sprawd\u017a adresy","og_url":"https:\/\/interzero.pl\/en\/o-firmie\/nasze-lokalizacje\/","og_site_name":"Interzero Polska","article_publisher":"https:\/\/www.facebook.com\/InterzeroPolska","article_modified_time":"2025-08-27T13:36:31+00:00","twitter_card":"summary_large_image","twitter_misc":{"Estimated reading time":"2 minutes"},"schema":{"@context":"https:\/\/schema.org","@graph":[{"@type":"WebPage","@id":"https:\/\/interzero.pl\/o-firmie\/nasze-lokalizacje\/","url":"https:\/\/interzero.pl\/o-firmie\/nasze-lokalizacje\/","name":"Our locations | Interzero Poland","isPartOf":{"@id":"https:\/\/interzero.pl\/#website"},"datePublished":"2022-11-10T10:20:47+00:00","dateModified":"2025-08-27T13:36:31+00:00","description":"The Interzero Group in Poland comprises several specialised companies providing comprehensive environmental services throughout the country. Check the addresses","breadcrumb":{"@id":"https:\/\/interzero.pl\/o-firmie\/nasze-lokalizacje\/#breadcrumb"},"inLanguage":"en-GB","potentialAction":[{"@type":"ReadAction","target":["https:\/\/interzero.pl\/o-firmie\/nasze-lokalizacje\/"]}]},{"@type":"BreadcrumbList","@id":"https:\/\/interzero.pl\/o-firmie\/nasze-lokalizacje\/#breadcrumb","itemListElement":[{"@type":"ListItem","position":1,"name":"Home","item":"https:\/\/interzero.pl\/"},{"@type":"ListItem","position":2,"name":"O firmie","item":"https:\/\/interzero.pl\/o-firmie\/"},{"@type":"ListItem","position":3,"name":"Nasze lokalizacje"}]},{"@type":"WebSite","@id":"https:\/\/interzero.pl\/#website","url":"https:\/\/interzero.pl\/","name":"Interzero Polska | Solutions for a world without waste","description":"We provide innovative and comprehensive environmental solutions.","publisher":{"@id":"https:\/\/interzero.pl\/#organization"},"potentialAction":[{"@type":"SearchAction","target":{"@type":"EntryPoint","urlTemplate":"https:\/\/interzero.pl\/?s={search_term_string}"},"query-input":{"@type":"PropertyValueSpecification","valueRequired":true,"valueName":"search_term_string"}}],"inLanguage":"en-GB"},{"@type":"Organization","@id":"https:\/\/interzero.pl\/#organization","name":"Interzero Poland","url":"https:\/\/interzero.pl\/","logo":{"@type":"ImageObject","inLanguage":"en-GB","@id":"https:\/\/interzero.pl\/#\/schema\/logo\/image\/","url":"https:\/\/interzero.pl\/wp-content\/uploads\/sites\/12\/2024\/07\/Interzero.png","contentUrl":"https:\/\/interzero.pl\/wp-content\/uploads\/sites\/12\/2024\/07\/Interzero.png","width":1920,"height":1080,"caption":"Interzero Polska"},"image":{"@id":"https:\/\/interzero.pl\/#\/schema\/logo\/image\/"},"sameAs":["https:\/\/www.facebook.com\/InterzeroPolska","https:\/\/www.linkedin.com\/company\/interzero-zero-waste-solutions\/"]}]}},"_links":{"self":[{"href":"https:\/\/interzero.pl\/en\/wp-json\/wp\/v2\/pages\/3097","targetHints":{"allow":["GET"]}}],"collection":[{"href":"https:\/\/interzero.pl\/en\/wp-json\/wp\/v2\/pages"}],"about":[{"href":"https:\/\/interzero.pl\/en\/wp-json\/wp\/v2\/types\/page"}],"author":[{"embeddable":true,"href":"https:\/\/interzero.pl\/en\/wp-json\/wp\/v2\/users\/18"}],"replies":[{"embeddable":true,"href":"https:\/\/interzero.pl\/en\/wp-json\/wp\/v2\/comments?post=3097"}],"version-history":[{"count":50,"href":"https:\/\/interzero.pl\/en\/wp-json\/wp\/v2\/pages\/3097\/revisions"}],"predecessor-version":[{"id":21037,"href":"https:\/\/interzero.pl\/en\/wp-json\/wp\/v2\/pages\/3097\/revisions\/21037"}],"up":[{"embeddable":true,"href":"https:\/\/interzero.pl\/en\/wp-json\/wp\/v2\/pages\/3094"}],"wp:attachment":[{"href":"https:\/\/interzero.pl\/en\/wp-json\/wp\/v2\/media?parent=3097"}],"wp:term":[{"taxonomy":"wf_page_folders","embeddable":true,"href":"https:\/\/interzero.pl\/en\/wp-json\/wp\/v2\/wf_page_folders?post=3097"}],"curies":[{"name":"wp","href":"https:\/\/api.w.org\/{rel}","templated":true}]}}